{"id":50378,"date":"2022-09-21T10:18:47","date_gmt":"2022-09-21T08:18:47","guid":{"rendered":"https:\/\/www.conselharan.org\/?page_id=50378"},"modified":"2022-09-30T08:46:44","modified_gmt":"2022-09-30T06:46:44","slug":"pla-de-sostenibilitat-turistica-val-daran","status":"publish","type":"page","link":"https:\/\/www.conselharan.org\/ca\/promocion-economica\/pla-de-sostenibilitat-turistica-val-daran\/","title":{"rendered":"Pla de Sostenibilitat Tur\u00edstica Val d\u2019Aran"},"content":{"rendered":"<p>[vc_row][vc_column width=&#8221;1\/2&#8243;][vc_column_text]<\/p>\n<h2>Qu\u00e8 \u00e9s?<\/h2>\n<p>L\u2019any 2020 la Val d\u2019Aran va ser benefici\u00e0ria de la primera convocat\u00f2ria de PlanS de Sostenibilitat Tur\u00edstica llan\u00e7ada per la <strong>Secretaria d\u2019Estat de Turisme<\/strong> amb la participaci\u00f3 de la <strong>Generalitat de Catalunya<\/strong> i el <strong>Conselh Generau d\u2019Aran<\/strong>.[\/vc_column_text][\/vc_column][vc_column width=&#8221;1\/2&#8243;][vc_column_text]<\/p>\n<h2>Inversion<\/h2>\n<p>Eth Plan de Sostenibilitat Toristica dera Val d\u2019Aran ei dotat damb ua inversion de2.5M d\u2019euros a desvolopar en 3 ans: 2021, 2022 e 2023.[\/vc_column_text][\/vc_column][\/vc_row][vc_row][vc_column][vc_separator color=&#8221;black&#8221;][vc_row_inner][vc_column_inner width=&#8221;2\/3&#8243;][vc_single_image image=&#8221;50382&#8243; img_size=&#8221;full&#8221;][\/vc_column_inner][vc_column_inner width=&#8221;1\/3&#8243;][vc_column_text]800.000 \u20ac[\/vc_column_text][\/vc_column_inner][\/vc_row_inner][vc_separator color=&#8221;black&#8221;][vc_row_inner][vc_column_inner width=&#8221;2\/3&#8243;][vc_single_image image=&#8221;50398&#8243; img_size=&#8221;380&#215;85&#8243;][\/vc_column_inner][vc_column_inner width=&#8221;1\/3&#8243;][vc_column_text]800.000 \u20ac[\/vc_column_text][\/vc_column_inner][\/vc_row_inner][vc_separator color=&#8221;black&#8221;][vc_row_inner][vc_column_inner width=&#8221;2\/3&#8243;][vc_single_image image=&#8221;50406&#8243; img_size=&#8221;487&#215;85&#8243;][\/vc_column_inner][vc_column_inner width=&#8221;1\/3&#8243;][vc_column_text]900.000 \u20ac[\/vc_column_text][\/vc_column_inner][\/vc_row_inner][vc_separator color=&#8221;black&#8221;][\/vc_column][\/vc_row][vc_row][vc_column][vc_column_text]<\/p>\n<h2>Reptes i Objectius del Pla<\/h2>\n<p>[\/vc_column_text][vc_row_inner][vc_column_inner width=&#8221;1\/2&#8243;][vc_column_text]1.- <strong>Potenciar i refor\u00e7ar el desenvolupament sostenible<\/strong> establint mecanismes de control i regularitzaci\u00f3 de l\u2019acc\u00e9s al medi natural, aix\u00ed com treballar les q\u00fcestions relacionades amb la mobilitat sostenible, la desconcentraci\u00f3 de la demana, desenvolupament de projectes basats en l\u2019\u00fas dels recursos respectuosos amb el medi ambient, els valors i l\u2019estil de vida local.<\/p>\n<p>2.-<strong> Implementar actuacions per convertir la Val en una destinaci\u00f3 tur\u00edstica intel\u00b7ligent.<\/strong> Hem de saber aprofitar les noves tecnologies de la informaci\u00f3 i de les comunicacions per projectes de planificaci\u00f3 i m\u00e0rqueting tur\u00edstic.<\/p>\n<p>3.- <strong>Millorar la relaci\u00f3 p\u00fablico-privada<\/strong>. \u00c9s b\u00e0sic fer participar a tots els agents p\u00fablics i privats, tant del sector tur\u00edstic com de la mateixa ciutadania per fer-les protagonistes del canvi de model tur\u00edstic.[\/vc_column_text][\/vc_column_inner][vc_column_inner width=&#8221;1\/2&#8243;][vc_column_text]4.- <strong>Valoritzaci\u00f3 dels recursos i esfor\u00e7os de l\u2019entitat.<\/strong> \u00c9s necessari definir estrat\u00e8gies i accions per donar valor als elements patrimonials, culturals i agroalimentaris, aix\u00ed como a altres elements identitaris.<\/p>\n<p>5.- <strong>Desestacionalitzar i diversificar l\u2019oferta tur\u00edstica.<\/strong> \u00c9s prioritari generar activitat tur\u00edstica al llarg de l\u2019any, en tot el territori i per als diferents subsectors. \u00c9s necessari fomentar el desenvolupament dels productes tur\u00edstics accessibles i sostenibles.<\/p>\n<p>6.- <strong>Generar activitat econ\u00f2mica sostenible augmentant els ingressos del sector tur\u00edstic<\/strong> amb la finalitat de crear treball m\u00e9s digne i equitatiu, benestar social i un teixit tur\u00edstic m\u00e9s competitiu.[\/vc_column_text][\/vc_column_inner][\/vc_row_inner][vc_separator color=&#8221;black&#8221;][\/vc_column][\/vc_row][vc_row][vc_column][vc_column_text]<\/p>\n<h2>Eixos d\u2019actuaci\u00f3<\/h2>\n<p>[\/vc_column_text][vc_row_inner][vc_column_inner width=&#8221;1\/2&#8243;][vc_column_text]<\/p>\n<h3>1. Governaci\u00f3 Tur\u00edstica<\/h3>\n<p>\u2022 Gesti\u00f3 i seguiment del Pla<br \/>\n\u2022 Accions per millorar la coordinaci\u00f3 p\u00fablico \u2013 privada<br \/>\n\u2022 Acci\u00f3 per convertir la Val d\u2019Aran en una Destinaci\u00f3 Intel\u00b7ligent (DTI)<\/p>\n<h3>2. Propostes de valor sostenible, competitivitat i especialitzaci\u00f3<\/h3>\n<p>\u2022 Diversificaci\u00f3 dels punts d\u2019inter\u00e8s<br \/>\n\u2022 Actuaci\u00f3 a la zona de Liat.<br \/>\n\u2022 Creaci\u00f3 de rutes tem\u00e0tiques en els entorns dels pobles de Les, Boss\u00f2st e Vilam\u00f2s.<br \/>\n\u2022 Actuacions en la zona de Saboredo i Ruda.<br \/>\n\u2022 Millora de l\u2019experi\u00e8ncia al Mus\u00e8u de Joanchiquet.<br \/>\n\u2022 Millora a les Mines Vict\u00f2ria.<br \/>\n\u2022 Actuacions als pobles de la Val: millora de la senyalitzaci\u00f3.<br \/>\n\u2022 Creaci\u00f3 de nova oferta relacionada de bicicleta<br \/>\n\u2022 Noves rutes d\u2019enduro<br \/>\n\u2022 Nova classificaci\u00f3 de tota l\u2019oferta de bicicleta de la Val<br \/>\n\u2022 Creaci\u00f3 d\u2019oferta per les ebikes.<br \/>\n\u2022 Instal\u00b7laci\u00f3 de mesures de control d\u2019acc\u00e9s per al medi natural<br \/>\n\u2022 Creaci\u00f3 de productes tur\u00edstics accessibles adaptats<br \/>\n\u2022 Potenciaci\u00f3 de nous sectors econ\u00f2mics[\/vc_column_text][\/vc_column_inner][vc_column_inner width=&#8221;1\/2&#8243;][vc_column_text]<\/p>\n<h3>3. M\u00e0rqueting i promoci\u00f3 sostenible<\/h3>\n<p>\u2022 Desenvolupament Pla de M\u00e0rqueting sostenible<br \/>\n\u2022 Campanyes de promoci\u00f3 micro-segmentades a les xarxes socials<br \/>\n\u2022 Publicity, RRPP i relaci\u00f3 amb els medis internacionals<br \/>\n\u2022 Creaci\u00f3 de nous suports de promoci\u00f3 ecomercializaci\u00f3[\/vc_column_text][\/vc_column_inner][\/vc_row_inner][\/vc_column][\/vc_row]<\/p>\n ","protected":false},"excerpt":{"rendered":"<p>[vc_row][vc_column width=&#8221;1\/2&#8243;][vc_column_text] Qu\u00e8 \u00e9s? L\u2019any 2020 la Val d\u2019Aran va ser benefici\u00e0ria de la primera convocat\u00f2ria de PlanS de Sostenibilitat Tur\u00edstica llan\u00e7ada per la Secretaria d\u2019Estat de Turisme amb la participaci\u00f3 de la Generalitat de Catalunya i el Conselh Generau d\u2019Aran.[\/vc_column_text][\/vc_column][vc_column width=&#8221;1\/2&#8243;][vc_column_text] Inversion Eth Plan de Sostenibilitat Toristica dera Val d\u2019Aran ei dotat damb ua&#8230;<\/p>\n","protected":false},"author":8,"featured_media":0,"parent":31804,"menu_order":0,"comment_status":"closed","ping_status":"closed","template":"page-full.php","meta":{"footnotes":""},"_links":{"self":[{"href":"https:\/\/www.conselharan.org\/ca\/wp-json\/wp\/v2\/pages\/50378"}],"collection":[{"href":"https:\/\/www.conselharan.org\/ca\/wp-json\/wp\/v2\/pages"}],"about":[{"href":"https:\/\/www.conselharan.org\/ca\/wp-json\/wp\/v2\/types\/page"}],"author":[{"embeddable":true,"href":"https:\/\/www.conselharan.org\/ca\/wp-json\/wp\/v2\/users\/8"}],"replies":[{"embeddable":true,"href":"https:\/\/www.conselharan.org\/ca\/wp-json\/wp\/v2\/comments?post=50378"}],"version-history":[{"count":4,"href":"https:\/\/www.conselharan.org\/ca\/wp-json\/wp\/v2\/pages\/50378\/revisions"}],"predecessor-version":[{"id":50520,"href":"https:\/\/www.conselharan.org\/ca\/wp-json\/wp\/v2\/pages\/50378\/revisions\/50520"}],"up":[{"embeddable":true,"href":"https:\/\/www.conselharan.org\/ca\/wp-json\/wp\/v2\/pages\/31804"}],"wp:attachment":[{"href":"https:\/\/www.conselharan.org\/ca\/wp-json\/wp\/v2\/media?parent=50378"}],"curies":[{"name":"wp","href":"https:\/\/api.w.org\/{rel}","templated":true}]}}