{"id":56368,"date":"2024-03-18T16:49:43","date_gmt":"2024-03-18T15:49:43","guid":{"rendered":"https:\/\/www.conselharan.org\/?page_id=56368"},"modified":"2026-03-31T13:29:34","modified_gmt":"2026-03-31T11:29:34","slug":"reglament-de-gestio-sostenible-del-foc","status":"publish","type":"page","link":"https:\/\/www.conselharan.org\/ca\/reglament-de-gestio-sostenible-del-foc\/","title":{"rendered":"Reglament de gesti\u00f3 sostenible del foc"},"content":{"rendered":"<p>[vc_row el_position=&#8221;first&#8221;][vc_column][vc_single_image image=&#8221;56370&#8243; img_size=&#8221;940&#215;325&#8243; el_position=&#8221;first last&#8221;][\/vc_column][\/vc_row][vc_row el_position=&#8221;last&#8221;][vc_column][vc_column_text el_position=&#8221;first&#8221;]<strong>1. Passos a realitzar per a la sol\u00b7licitud\/comunicaci\u00f3n d\u2019activitats amb risc d\u2019incendi forestal<\/strong><\/p>\n<ol>\n<li><a style=\"color: #630326; text-decoration: underline;\" href=\"https:\/\/interior.gencat.cat\/ca\/arees_dactuacio\/agents-rurals\/pla-alfa\/\" target=\"_blank\" rel=\"noopener\">Consulta el Pla Alfa<\/a> per al dia en qu\u00e8 es vol realitzar l\u2019activitat<\/li>\n<li>Emplenar i signar <a style=\"color: #630326; text-decoration: underline;\" href=\"https:\/\/www.conselharan.org\/wp-content\/uploads\/2024\/03\/COMUNICACION-HUECS-EN-TERRITORI-DERA-VAL-DARAN.pdf\" target=\"_blank\" rel=\"noopener\">el formulari<\/a><\/li>\n<li>Enviar el formulari mitjan\u00e7ant la <a style=\"color: #630326; text-decoration: underline;\" href=\"https:\/\/www.seu-e.cat\/ca\/web\/conselhgeneraudaran\/tramits-i-gestions\/-\/tramits\/tramit\/11499892\" target=\"_blank\" rel=\"noopener\">Seu electr\u00f2nica del Conselh Generau d\u2019Aran<\/a><\/li>\n<\/ol>\n<p><strong>2. Comunicaci\u00f3 d\u2019activitats amb risc d\u2019incendi forestal<\/strong><\/p>\n<p><strong>2.1 Activitats autoritzades mitjan\u00e7ant la comunicaci\u00f3 i la declaraci\u00f3 responsable al Departament de Territori, Paisatge i Cambi Climatic:<\/strong><\/p>\n<ul>\n<li>Crema de restes vegetals de dimensions redu\u00efdes (&lt;6 m\u00b3) per a la prevenci\u00f3 d\u2019incendis forestals.<\/li>\n<li>Utilitzar bufadors o similars en obres a prop de terrenys forestals.<\/li>\n<\/ul>\n<p><strong>2.2 Activitats que requereixen autoritzaci\u00f3 expressa del Departament de Territori, Paisatge i Cambi Climatic<\/strong><\/p>\n<p>\u00c9s necess\u00e0ria l\u2019autoritzaci\u00f3 excepcional del Conseller competent en mat\u00e8ria de Miei Ambient, amb informe previ dels Agents de Miei Ambient del Conselh Generau d\u2019Aran:<\/p>\n<ul>\n<li>Crema de restes agr\u00edcoles o silv\u00edcoles<\/li>\n<li>Crema de restes vegetals de dimensions mitjanes (&gt;6 m\u00b3) per a la prevenci\u00f3 d\u2019incendis forestals<\/li>\n<li>Llan\u00e7ament de coets, globus o altres artefactes amb foc<\/li>\n<\/ul>\n<p><strong>3. Condicionants segons el Pla Alfa<\/strong><\/p>\n<p>El Pla Alfa, establert pel Cos d\u2019Agents Rurals, determina di\u00e0riament el nivell de perill d\u2019incendi forestal i les restriccions associades a les activitats amb risc.<\/p>\n<p>Aquest sistema estableix diferents nivells (de 0 a 4), que poden comportar limitacions o prohibicions addicionals:<\/p>\n<ul>\n<li>Nivell 0 i 1 (perill baix o moderat): es poden dur a terme activitats amb risc d\u2019incendi, sempre que es compleixin les condicions establertes en la normativa vigent i en les autoritzacions o comunicacions corresponents.<\/li>\n<li>Nivell 2 (perill alt): les activitats amb risc poden quedar restringides o condicionades, podent-se suspendre determinades activitats com cremes o \u00fas de foc.<\/li>\n<li>Nivell 3 (perill molt alt): queden suspeses totes les activitats amb risc d\u2019incendi, incloses les pr\u00e8viament autoritzades o comunicades.<\/li>\n<li>Nivell 4 (perill extrem): s\u2019apliquen mesures extraordin\u00e0ries, incloent restriccions d\u2019acc\u00e9s al medi natural i limitacions generalitzades de les activitats.<\/li>\n<\/ul>\n<p>En tot cas, la realitzaci\u00f3 d\u2019activitats amb foc resta condicionada al nivell diari del Pla Alfa vigent. En cas de contradicci\u00f3, prevaldran les restriccions establertes pel Pla Alfa i per les indicacions que poguin realitzar els Agents de Miei Ambient del Conselh Generau d\u2019Aran.<\/p>\n<p><strong>4. Normativa de refer\u00e8ncia<\/strong><\/p>\n<p>Les activitats amb risc d\u2019incendi han de ser comunicades o autoritzades pel Departament de Territ\u00f2ri, Paisatge e Cambi Climatic del Conselh Generau d\u2019Aran, d\u2019acord amb el <a style=\"color: #630326; text-decoration: underline;\" href=\"https:\/\/www.conselharan.org\/wp-content\/uploads\/2024\/03\/Reglament-de-gestion-sostenible-deth-huec.pdf\" target=\"_blank\" rel=\"noopener\">Reglament per a regular la gesti\u00f3 sostenible del foc en terreny forestal e interfase urbana al territori de Aran<\/a>, en funci\u00f3 de la dist\u00e0ncia a la massa forestal, el volum de les restes vegetals, el per\u00edode d\u2019execuci\u00f3 i el tipus d\u2019activitat.<\/p>\n<p>Amb l\u2019entrada en vigor de la Llei 7\/2022, de 8 d\u2019abril, de residus i s\u00f2ls contaminats per a una economia circular (BOE n\u00fam. 85, de 9 d\u2019abril de 2022), es prohibeix amb car\u00e0cter general la crema de restes vegetals (forestals, agr\u00edcoles o de jardineria). No obstant aix\u00f2, aquesta pr\u00e0ctica es permet en el cas de microexplotacions i petites explotacions agr\u00e0ries, \u00e9s a dir, aquelles subjectes a la Declaraci\u00f3 \u00danica Agr\u00e0ria (DUN) o inscrites al Registre d\u2019Operadors Professionals de Vegetals (ROPVEG).<\/p>\n<p>Malgrat aquesta prohibici\u00f3 general, s\u2019amplia la possibilitat de crema en determinats sup\u00f2sits relacionats amb la prevenci\u00f3 d\u2019incendis forestals. En concret, es permet la crema de restes forestals llenyoses (habitualment procedents d\u2019esporgues), amb independ\u00e8ncia de l\u2019exist\u00e8ncia d\u2019activitat agr\u00e0ria professional, sempre que es realitzi en terrenys situats dins de l\u2019\u00e0rea d\u2019influ\u00e8ncia forestal.<\/p>\n<p>Pel que fa a l\u2019\u00e0mbit d\u2019aplicaci\u00f3, aquest inclou tant els terrenys forestals com la seva \u00e0rea d\u2019influ\u00e8ncia. Aquesta \u00e0rea es defineix com la franja de 400 metres contigua als terrenys forestals.<\/p>\n<p>Finalment, d\u2019acord amb les caracter\u00edstiques orogr\u00e0fiques i forestals de la Val d\u2019Aran, aquesta \u00e0rea d\u2019influ\u00e8ncia afecta la pr\u00e0ctica totalitat del territori, ja que no existeixen punts situats a m\u00e9s de 400 metres de terrenys forestals.[\/vc_column_text][\/vc_column][\/vc_row]<\/p>\n ","protected":false},"excerpt":{"rendered":"<p>[vc_row el_position=&#8221;first&#8221;][vc_column][vc_single_image image=&#8221;56370&#8243; img_size=&#8221;940&#215;325&#8243; el_position=&#8221;first last&#8221;][\/vc_column][\/vc_row][vc_row el_position=&#8221;last&#8221;][vc_column][vc_column_text el_position=&#8221;first&#8221;]1. Passos a realitzar per a la sol\u00b7licitud\/comunicaci\u00f3n d\u2019activitats amb risc d\u2019incendi forestal Consulta el Pla Alfa per al dia en qu\u00e8 es vol realitzar l\u2019activitat Emplenar i signar el formulari Enviar el formulari mitjan\u00e7ant la Seu electr\u00f2nica del Conselh Generau d\u2019Aran 2. Comunicaci\u00f3 d\u2019activitats amb risc d\u2019incendi&#8230;<\/p>\n","protected":false},"author":8,"featured_media":0,"parent":0,"menu_order":0,"comment_status":"closed","ping_status":"closed","template":"page-onesidebar.php","meta":{"footnotes":""},"_links":{"self":[{"href":"https:\/\/www.conselharan.org\/ca\/wp-json\/wp\/v2\/pages\/56368"}],"collection":[{"href":"https:\/\/www.conselharan.org\/ca\/wp-json\/wp\/v2\/pages"}],"about":[{"href":"https:\/\/www.conselharan.org\/ca\/wp-json\/wp\/v2\/types\/page"}],"author":[{"embeddable":true,"href":"https:\/\/www.conselharan.org\/ca\/wp-json\/wp\/v2\/users\/8"}],"replies":[{"embeddable":true,"href":"https:\/\/www.conselharan.org\/ca\/wp-json\/wp\/v2\/comments?post=56368"}],"version-history":[{"count":12,"href":"https:\/\/www.conselharan.org\/ca\/wp-json\/wp\/v2\/pages\/56368\/revisions"}],"predecessor-version":[{"id":66623,"href":"https:\/\/www.conselharan.org\/ca\/wp-json\/wp\/v2\/pages\/56368\/revisions\/66623"}],"wp:attachment":[{"href":"https:\/\/www.conselharan.org\/ca\/wp-json\/wp\/v2\/media?parent=56368"}],"curies":[{"name":"wp","href":"https:\/\/api.w.org\/{rel}","templated":true}]}}