{"id":7304,"date":"2015-05-13T09:11:24","date_gmt":"2015-05-13T07:11:24","guid":{"rendered":"http:\/\/www.conselharan.org\/programa-leader-2\/"},"modified":"2016-02-08T12:18:30","modified_gmt":"2016-02-08T11:18:30","slug":"programa-leader","status":"publish","type":"page","link":"https:\/\/www.conselharan.org\/ca\/programa-leader\/","title":{"rendered":"Programa Leader"},"content":{"rendered":"<p>[vc_row][vc_column][vc_single_image image=&#8221;10044&#8243; img_size=&#8221;full&#8221; alignment=&#8221;center&#8221;][\/vc_column][\/vc_row][vc_row][vc_column][vc_column_text css=&#8221;.vc_custom_1454927354725{margin-bottom: 0px !important;}&#8221;]<\/p>\n<h1><strong>Ajudes LEADER 2016<\/strong><\/h1>\n<p>[\/vc_column_text][vc_column_text]<\/p>\n<h2>Convocat\u00f2ria oberta fins al 21 de mar\u00e7.<\/h2>\n<p>[\/vc_column_text][\/vc_column][\/vc_row][vc_row][vc_column][vc_separator][\/vc_column][\/vc_row][vc_row][vc_column width=&#8221;1\/3&#8243; css=&#8221;.vc_custom_1454926621452{padding-top: 30px !important;padding-bottom: 30px !important;background-color: #efefef !important;}&#8221;][vc_single_image image=&#8221;10121&#8243; img_size=&#8221;full&#8221; alignment=&#8221;center&#8221; el_class=&#8221;iconos-leader&#8221;][vc_column_text]<\/p>\n<h2 style=\"text-align: center;\"><span style=\"color: #630125;\">Beneficiaris de naturalesa privada Persones f\u00edsiques o jur\u00eddiques:<\/span><\/h2>\n<p>[\/vc_column_text][vc_column_text]<\/p>\n<ul>\n<li>Microempreses i PIMEs,<\/li>\n<li>Cooperatives,<\/li>\n<li>Associacions o fundacions participades per ens p\u00fablics en menys d\u2019un 50%\u00a0que realitzin inversions en;<\/li>\n<\/ul>\n<ol>\n<li>Empreses que transformin i\/o comercialitzin productes agroalimentaris (en el cas que els productes agroalimentaris estiguin inclosos a l\u2019Annex I del Tractat de funcionament de la UE, hauran de realitzar una inversi\u00f3 elegible, a efectes d\u2019aquesta ordre, inferior a 250.000).<\/li>\n<li>Empreses no agroaliment\u00e0ries.<\/li>\n<\/ol>\n<p>[\/vc_column_text][\/vc_column][vc_column width=&#8221;1\/3&#8243; css=&#8221;.vc_custom_1454926639908{padding-top: 30px !important;padding-bottom: 30px !important;}&#8221;][vc_single_image image=&#8221;10122&#8243; img_size=&#8221;full&#8221; alignment=&#8221;center&#8221; el_class=&#8221;iconos-leader&#8221;][vc_column_text]<\/p>\n<h2 style=\"text-align: center;\"><span style=\"color: #630125;\">Beneficiaris de naturalesa p\u00fablica<\/span><\/h2>\n<p>[\/vc_column_text][vc_column_text]<\/p>\n<ul>\n<li>Ajuntaments,<\/li>\n<li>Consells comarcals,<\/li>\n<li>Entitats Municipals Descentralitzades,<\/li>\n<li>Consorcis, associacions i fundacions participades per ens locals (en igual o m\u00e9s d\u2019un 50%)\u00a0que realitzin inversions en :<\/li>\n<\/ul>\n<ol>\n<li>Recuperaci\u00f3 del patrimoni cultural i natural<\/li>\n<li>Infraestructures p\u00fabliques per a la mitigaci\u00f3 del canvi clim\u00e0tic<\/li>\n<li>Infraestructures que generin activitat econ\u00f2mica i ocupaci\u00f3.<\/li>\n<\/ol>\n<p>[\/vc_column_text][\/vc_column][vc_column width=&#8221;1\/3&#8243;][vc_row_inner css=&#8221;.vc_custom_1454925438428{margin-top: 0px !important;margin-bottom: 30px !important;background-color: #630125 !important;}&#8221;][vc_column_inner][vc_single_image image=&#8221;10123&#8243; img_size=&#8221;full&#8221; alignment=&#8221;center&#8221; img_link_target=&#8221;_blank&#8221; link=&#8221;http:\/\/www.leaderpirineuoccidental.cat\/ajuts-leader\/requisits-i-limitacions\/&#8221; css=&#8221;.vc_custom_1454926047815{padding-top: 30px !important;padding-right: 30px !important;padding-bottom: 30px !important;padding-left: 30px !important;}&#8221; el_class=&#8221;iconos-leader&#8221;][vc_column_text css=&#8221;.vc_custom_1454930193290{margin-top: 0px !important;margin-bottom: 30px !important;}&#8221;]<\/p>\n<h3 style=\"text-align: center;\"><span style=\"color: #ffffff;\"><a style=\"color: #ffffff;\" href=\"http:\/\/www.leaderpirineuoccidental.cat\/ajuts-leader\/requisits-i-limitacions\/\">Requisits i limitacions<\/a><\/span><\/h3>\n<p>[\/vc_column_text][\/vc_column_inner][\/vc_row_inner][vc_row_inner css=&#8221;.vc_custom_1454925438428{margin-top: 0px !important;margin-bottom: 30px !important;background-color: #630125 !important;}&#8221;][vc_column_inner][vc_single_image image=&#8221;10124&#8243; img_size=&#8221;full&#8221; alignment=&#8221;center&#8221; link=&#8221;http:\/\/www.leaderpirineuoccidental.cat\/ajuts-leader\/documentacio-i-descarregues\/&#8221; css=&#8221;.vc_custom_1454926209837{padding-top: 30px !important;padding-right: 30px !important;padding-bottom: 30px !important;padding-left: 30px !important;}&#8221; el_class=&#8221;iconos-leader&#8221;][vc_column_text el_class=&#8221;iconos-leader&#8221; css=&#8221;.vc_custom_1454930226815{margin-top: 0px !important;margin-bottom: 30px !important;}&#8221;]<\/p>\n<h3 style=\"text-align: center;\"><span style=\"color: #ffffff;\"><a style=\"color: #ffffff;\" href=\"http:\/\/www.leaderpirineuoccidental.cat\/ajuts-leader\/documentacio-i-descarregues\/\">Documentaci\u00f3 i desc\u00e0rregues<\/a><\/span><\/h3>\n<p>[\/vc_column_text][\/vc_column_inner][\/vc_row_inner][\/vc_column][\/vc_row][vc_row][vc_column][vc_separator][\/vc_column][\/vc_row][vc_row][vc_column][vc_column_text]<\/p>\n<h2 style=\"text-align: left;\"><span style=\"color: #630125;\">Convocatoria<\/span><\/h2>\n<p>[\/vc_column_text][vc_column_text]<\/p>\n<p>En data 28 de gener de 2016 s\u2019ha publicat ORDRE ARP\/8\/2016, de 21 de gener, per la qual s&#8217;aproven les bases reguladores dels ajuts destinats a l&#8217;aplicaci\u00f3 del desenvolupament local participatiu Leader en el marc del Programa de desenvolupament rural de Catalunya 2014-2020 (operaci\u00f3 19.02.01), i es convoquen els corresponents a l&#8217;any 2016, en el DOGC n\u00fam. 7047. El termini de presentaci\u00f3 de sol\u2022licituds \u00e9s de 45 dies comptats a partir de l\u2019endem\u00e0 de la publicaci\u00f3 al DOGC. Per tant, finalitza el 21 de mar\u00e7 de 2016. En el cas de les inversions relacionades amb el sector vitivin\u00edcola, la data de presentaci\u00f3 de les sol\u2022licituds s\u2019iniciar\u00e0 el dia 1 de febrer de 2016 fins al termini establert en el par\u00e0graf anterior. L\u2019objecte dels ajuts \u00e9s incentivar actuacions que fomentin el desenvolupament local, en el marc del PDR de Catalunya 2014-2020 i que inclou actuacions adre\u00e7ades a fomentar la diversificaci\u00f3 de les economies rurals. Aquests ajuts es gestionaran mitjan\u00e7ant la metodologia Leader.<\/p>\n<p>[\/vc_column_text][\/vc_column][\/vc_row][vc_row][vc_column][vc_separator][\/vc_column][\/vc_row][vc_row][vc_column][vc_column_text]<\/p>\n<h2 style=\"text-align: left;\"><span style=\"color: #630125;\">M\u00e9s informaci\u00f3<\/span><\/h2>\n<p>[\/vc_column_text][vc_column_text]Si la seu de la seva empresa \u00e9s troba a l\u2019Aran o vol engegar un nou negoci al territori, i pot ser, per tant, un possible futur beneficiari d\u2019aquests ajuts, es pot adre\u00e7ar al Departament d\u2019Agricultura, Ramaderia e Miei naturau del Conselh Generau d\u2019Aran.<\/p>\n<p><strong>Departament d\u2019Agricultura, Ramaderia e Miei Naturau<\/strong><br \/>\n<strong>Conselh Generau d\u2019Aran<\/strong><\/p>\n<p>Passeg dera Libertat 16<br \/>\n25530, Vielha<br \/>\n973 64 18 01<\/p>\n<p>Persona de contacte: Sra. Judit Jaquet Estrada<br \/>\n<a href=\"mailto:j.jaquet@aran.org\">j.jaquet@aran.org<\/a>[\/vc_column_text][\/vc_column][\/vc_row][vc_row][vc_column][vc_separator][\/vc_column][\/vc_row][vc_row][vc_column][vc_single_image image=&#8221;8906&#8243; img_size=&#8221;full&#8221; alignment=&#8221;center&#8221;][\/vc_column][\/vc_row]<\/p>\n ","protected":false},"excerpt":{"rendered":"<p>[vc_row][vc_column][vc_single_image image=&#8221;10044&#8243; img_size=&#8221;full&#8221; alignment=&#8221;center&#8221;][\/vc_column][\/vc_row][vc_row][vc_column][vc_column_text css=&#8221;.vc_custom_1454927354725{margin-bottom: 0px !important;}&#8221;] Ajudes LEADER 2016 [\/vc_column_text][vc_column_text] Convocat\u00f2ria oberta fins al 21 de mar\u00e7. [\/vc_column_text][\/vc_column][\/vc_row][vc_row][vc_column][vc_separator][\/vc_column][\/vc_row][vc_row][vc_column width=&#8221;1\/3&#8243; css=&#8221;.vc_custom_1454926621452{padding-top: 30px !important;padding-bottom: 30px !important;background-color: #efefef !important;}&#8221;][vc_single_image image=&#8221;10121&#8243; img_size=&#8221;full&#8221; alignment=&#8221;center&#8221; el_class=&#8221;iconos-leader&#8221;][vc_column_text] Beneficiaris de naturalesa privada Persones f\u00edsiques o jur\u00eddiques: [\/vc_column_text][vc_column_text] Microempreses i PIMEs, Cooperatives, Associacions o fundacions participades per ens p\u00fablics en menys d\u2019un 50%\u00a0que&#8230;<\/p>\n","protected":false},"author":1,"featured_media":0,"parent":0,"menu_order":0,"comment_status":"closed","ping_status":"closed","template":"page-onesidebar.php","meta":{"footnotes":""},"_links":{"self":[{"href":"https:\/\/www.conselharan.org\/ca\/wp-json\/wp\/v2\/pages\/7304"}],"collection":[{"href":"https:\/\/www.conselharan.org\/ca\/wp-json\/wp\/v2\/pages"}],"about":[{"href":"https:\/\/www.conselharan.org\/ca\/wp-json\/wp\/v2\/types\/page"}],"author":[{"embeddable":true,"href":"https:\/\/www.conselharan.org\/ca\/wp-json\/wp\/v2\/users\/1"}],"replies":[{"embeddable":true,"href":"https:\/\/www.conselharan.org\/ca\/wp-json\/wp\/v2\/comments?post=7304"}],"version-history":[{"count":8,"href":"https:\/\/www.conselharan.org\/ca\/wp-json\/wp\/v2\/pages\/7304\/revisions"}],"predecessor-version":[{"id":10156,"href":"https:\/\/www.conselharan.org\/ca\/wp-json\/wp\/v2\/pages\/7304\/revisions\/10156"}],"wp:attachment":[{"href":"https:\/\/www.conselharan.org\/ca\/wp-json\/wp\/v2\/media?parent=7304"}],"curies":[{"name":"wp","href":"https:\/\/api.w.org\/{rel}","templated":true}]}}