{"id":1158,"date":"2013-07-10T12:01:11","date_gmt":"2013-07-10T10:01:11","guid":{"rendered":"http:\/\/www.conselharan.org\/?page_id=1158"},"modified":"2015-08-12T09:20:00","modified_gmt":"2015-08-12T07:20:00","slug":"el-conselh","status":"publish","type":"page","link":"https:\/\/www.conselharan.org\/es\/el-conselh\/","title":{"rendered":"El Conselh"},"content":{"rendered":"<p>[vc_row el_position=\u00bbfirst\u00bb][vc_column][vc_single_image image=\u00bb1729&#8243; img_size=\u00bb940&#215;325&#8243; el_position=\u00bbfirst\u00bb][vc_column_text]<\/p>\n<p>El <strong>Conselh Generau d\u2019Aran<\/strong> es la instituci\u00f3n principal de gobierno del Valle de Ar\u00e1n. Lo forman <strong>el S\u00edndico, el Pleno<\/strong> y la Comissi\u00f3n de Auditores de Cuentas. Constituye la estructura administrativa propia del Valle de Ar\u00e1n establecida por la Ley 16\/1990, del 13 de julio, bajo el r\u00e9gimen especial del Valle de Ar\u00e1n.<\/p>\n<p>El Conselh Generau tiene competencia en las materias que se incluyen en la ley reguladora del r\u00e9gimen especial y el resto de leyes aprobadas por el Parlamento y las facultades que la propia ley le atribuye.<\/p>\n<p>La <strong>lengua occitana<\/strong>, denominada aran\u00e9s en el Valle de Ar\u00e1n, es la lengua propia de este territorio y es oficial en Catalu\u00f1a, como establece el Estatuto de Autonom\u00eda del 2006.<\/p>\n<p>El Conselh Generau tiene plena competencia en todo lo que hace referencia al fomento y al aprendizaje del aran\u00e9s y de su cultura de acuerdo con las normas de car\u00e1cter general vigentes en toda Catalu\u00f1a en el campo de la pol\u00edtica ling\u00fc\u00edstica y educativa.<\/p>\n<p>[\/vc_column_text][vc_column_text el_position=\u00bblast\u00bb]<\/p>\n<h1>Competencias<\/h1>\n<p>[\/vc_column_text][\/vc_column][\/vc_row][vc_row][vc_column][vc_column_text] [\/vc_column_text][\/vc_column][\/vc_row][vc_row][vc_column width=\u00bb1\/2&#8243;][vc_column_text el_position=\u00bbfirst last\u00bb]<\/p>\n<ul>\n<li>Sanidad<\/li>\n<li>Servicios Sociales<\/li>\n<li>Turismo<\/li>\n<li>Protecci\u00f3n, mantenimiento y administraci\u00f3n de su legado hist\u00f3rico y art\u00edstico.<\/li>\n<li>Protecci\u00f3n de la naturaleza, monta\u00f1a y v\u00edas forestales<\/li>\n<li>Agricultura, ganader\u00eda, pesca, caza y recursos forestales<\/li>\n<li>Rescates y extinci\u00f3n de incendios<\/li>\n<li>Juventud<\/li>\n<\/ul>\n<p>[\/vc_column_text][\/vc_column][vc_column width=\u00bb1\/2&#8243;][vc_column_text el_position=\u00bbfirst last\u00bb]<\/p>\n<ul>\n<li>Ocio y tiempo libre<\/li>\n<li>Deportes<\/li>\n<li>Medio Ambiente<\/li>\n<li>Recogida y tratamiento de residuos s\u00f3lidos<\/li>\n<li>Higiene y salud p\u00fablica<\/li>\n<li>Carreteras locales<\/li>\n<li>Transporte interior de viajes<\/li>\n<li>Artesan\u00eda<\/li>\n<\/ul>\n<p>[\/vc_column_text][\/vc_column][\/vc_row][vc_row][vc_column][vc_column_text] [\/vc_column_text][\/vc_column][\/vc_row][vc_row el_position=\u00bblast\u00bb][vc_column][vc_column_text el_position=\u00bbfirst last\u00bb]<\/p>\n<div style=\"float: left;\"><a href=\"http:\/\/www.conselharan.org\/wp-content\/uploads\/2015\/08\/Llei-1_2015-Regim-Especiau-dAran2.pdf\"><img loading=\"lazy\" decoding=\"async\" class=\"alignleft size-full wp-image-1752\" src=\"http:\/\/www.conselharan.org\/wp-content\/uploads\/2013\/07\/pdf.png\" alt=\"pdf\" width=\"32\" height=\"32\" \/><\/a><\/div>\n<div style=\"float: left; margin-top: 5px; margin-left: -10px;\"><a href=\"http:\/\/www.conselharan.org\/wp-content\/uploads\/2015\/08\/Llei-1_2015-Regim-Especiau-dAran2.pdf\" target=\"_blank\">Ley sobre el r\u00e9gimen especial de la Val d&#8217;Aran<\/a><\/div>\n<p>[\/vc_column_text][\/vc_column][\/vc_row]<\/p>\n ","protected":false},"excerpt":{"rendered":"<p>[vc_row el_position=\u00bbfirst\u00bb][vc_column][vc_single_image image=\u00bb1729&#8243; img_size=\u00bb940&#215;325&#8243; el_position=\u00bbfirst\u00bb][vc_column_text] El Conselh Generau d\u2019Aran es la instituci\u00f3n principal de gobierno del Valle de Ar\u00e1n. Lo forman el S\u00edndico, el Pleno y la Comissi\u00f3n de Auditores de Cuentas. Constituye la estructura administrativa propia del Valle de Ar\u00e1n establecida por la Ley 16\/1990, del 13 de julio, bajo el r\u00e9gimen especial del&#8230;<\/p>\n","protected":false},"author":1,"featured_media":7965,"parent":0,"menu_order":0,"comment_status":"closed","ping_status":"closed","template":"page-onesidebar.php","meta":{"footnotes":""},"_links":{"self":[{"href":"https:\/\/www.conselharan.org\/es\/wp-json\/wp\/v2\/pages\/1158"}],"collection":[{"href":"https:\/\/www.conselharan.org\/es\/wp-json\/wp\/v2\/pages"}],"about":[{"href":"https:\/\/www.conselharan.org\/es\/wp-json\/wp\/v2\/types\/page"}],"author":[{"embeddable":true,"href":"https:\/\/www.conselharan.org\/es\/wp-json\/wp\/v2\/users\/1"}],"replies":[{"embeddable":true,"href":"https:\/\/www.conselharan.org\/es\/wp-json\/wp\/v2\/comments?post=1158"}],"version-history":[{"count":5,"href":"https:\/\/www.conselharan.org\/es\/wp-json\/wp\/v2\/pages\/1158\/revisions"}],"predecessor-version":[{"id":1759,"href":"https:\/\/www.conselharan.org\/es\/wp-json\/wp\/v2\/pages\/1158\/revisions\/1759"}],"wp:featuredmedia":[{"embeddable":true,"href":"https:\/\/www.conselharan.org\/es\/wp-json\/wp\/v2\/media\/7965"}],"wp:attachment":[{"href":"https:\/\/www.conselharan.org\/es\/wp-json\/wp\/v2\/media?parent=1158"}],"curies":[{"name":"wp","href":"https:\/\/api.w.org\/{rel}","templated":true}]}}