{"id":13028,"date":"2016-07-26T11:17:55","date_gmt":"2016-07-26T09:17:55","guid":{"rendered":"http:\/\/www.conselharan.org\/es\/corsi-daranes\/"},"modified":"2023-09-14T14:00:04","modified_gmt":"2023-09-14T12:00:04","slug":"corsi-daranes","status":"publish","type":"page","link":"https:\/\/www.conselharan.org\/es\/corsi-daranes\/","title":{"rendered":"Corsi d&#8217;Aran\u00e9s"},"content":{"rendered":"<p>[vc_row css=\u00bb.vc_custom_1469637378947{margin-top: 30px !important;}\u00bb][vc_column][vc_button title=\u00bbVer Audios Niveu A1&#8243; size=\u00bbbtn-large\u00bb href=\u00bbhttps:\/\/www.conselharan.org\/audios-niveua1\/\u00bb][vc_button title=\u00bbConvocat\u00f2ria pr\u00f2ves d&#8217;aran\u00e9s\u00bb target=\u00bb_blank\u00bb size=\u00bbbtn-large\u00bb href=\u00bbhttps:\/\/www.conselharan.org\/convoc-proves-aranes-2022-2\/\u00bb][vc_button title=\u00bbExemples Pr\u00f2ves\u00bb target=\u00bb_blank\u00bb size=\u00bbbtn-large\u00bb href=\u00bbhttps:\/\/www.conselharan.org\/es\/corsi-daranes\/exemples-proves\/\u00bb][vc_column_text]<img loading=\"lazy\" decoding=\"async\" class=\"aligncenter size-full wp-image-13022\" src=\"http:\/\/www.conselharan.org\/wp-content\/uploads\/2016\/07\/cursos-maxi.jpg\" alt=\"cursos-maxi\" width=\"940\" height=\"325\" srcset=\"https:\/\/www.conselharan.org\/wp-content\/uploads\/2016\/07\/cursos-maxi.jpg 940w, https:\/\/www.conselharan.org\/wp-content\/uploads\/2016\/07\/cursos-maxi-300x104.jpg 300w, https:\/\/www.conselharan.org\/wp-content\/uploads\/2016\/07\/cursos-maxi-768x266.jpg 768w\" sizes=\"(max-width: 940px) 100vw, 940px\" \/><\/p>\n<h1><strong>PREINSCRIPCIONS CORSI D&#8217;ARAN\u00c9S A COMPDAR DETH 26\/09\/2023 (09:00 ores) EN LIGAM:\u00a0<a href=\"https:\/\/aranes.conselharan.org\/corsi-daranes\/\" target=\"_blank\" rel=\"noopener noreferrer\">https:\/\/aranes.conselharan.org\/corsi-daranes\/<\/a><\/strong><\/h1>\n<h1><\/h1>\n<p>&nbsp;<\/p>\n<h1>CALENDARIO DE CURSOS DE ARAN\u00c9S 2022-23:<\/h1>\n<h1><a href=\"https:\/\/www.conselharan.org\/es\/corsi-daranes\/calendari-2\/\" rel=\"attachment wp-att-50553\"><img loading=\"lazy\" decoding=\"async\" class=\"aligncenter size-large wp-image-50553\" src=\"https:\/\/www.conselharan.org\/wp-content\/uploads\/2022\/10\/calendari-1024x683.jpg\" alt=\"\" width=\"1024\" height=\"683\" srcset=\"https:\/\/www.conselharan.org\/wp-content\/uploads\/2022\/10\/calendari-1024x683.jpg 1024w, https:\/\/www.conselharan.org\/wp-content\/uploads\/2022\/10\/calendari-300x200.jpg 300w, https:\/\/www.conselharan.org\/wp-content\/uploads\/2022\/10\/calendari-768x512.jpg 768w, https:\/\/www.conselharan.org\/wp-content\/uploads\/2022\/10\/calendari-1536x1024.jpg 1536w, https:\/\/www.conselharan.org\/wp-content\/uploads\/2022\/10\/calendari-2048x1365.jpg 2048w\" sizes=\"(max-width: 1024px) 100vw, 1024px\" \/><\/a><\/h1>\n<p><em><strong>Calendario de los cursos de aran\u00e9s en PDF: <a href=\"https:\/\/www.conselharan.org\/es\/corsi-daranes\/calendari-2-2\/\" rel=\"attachment wp-att-50556\">calendari<\/a><\/strong><\/em><\/p>\n<p>&nbsp;<\/p>\n<p>&nbsp;<\/p>\n<h1><strong>Preinscripci\u00f3n cursos de aran\u00e9s 2022-2023<\/strong><\/h1>\n<p>&nbsp;<\/p>\n<p><strong>Precio matr\u00edcula:<\/strong><\/p>\n<p>Precio general: 52\u20ac<\/p>\n<p>Personal de la Administraci\u00f3n: 26\u20ac (aportar justificante)<\/p>\n<p>Estudiante empadronado en Aran\/ Paro\/Jubilado: gratuito (aportar justificante)<\/p>\n<p>&nbsp;<\/p>\n<p>Los horarios variar\u00e1n dependiendo el nivel:<\/p>\n<p>&nbsp;<\/p>\n<ul>\n<li><strong>Nivel A1 (presencial):<\/strong> los<strong> martes de 18h00 a 20h00 en la Escuela Garona (Vielha)<\/strong><\/li>\n<\/ul>\n<p>&nbsp;<\/p>\n<ul>\n<li><strong>Nivel A1 (online):<\/strong> los <strong>jueves de 18h00 a 20h00\u00a0<\/strong><\/li>\n<\/ul>\n<p>&nbsp;<\/p>\n<ul>\n<li><strong>Nivel A2 (online):<\/strong> los <strong>martes de 18h00 a 20h00\u00a0<\/strong><\/li>\n<\/ul>\n<p>&nbsp;<\/p>\n<ul>\n<li><strong>Nivel B1 (online):<\/strong> los l<strong>unes de 19h00 a 21h00<\/strong><\/li>\n<\/ul>\n<p>&nbsp;<\/p>\n<ul>\n<li><strong>Nivel B2 (presencial)<\/strong>: los <strong>jueves de 18h00 a 20h00 en la Escuela Garona (Vielha)<\/strong><\/li>\n<\/ul>\n<p>&nbsp;<\/p>\n<ul>\n<li><strong>Nivel B2 (online)<\/strong>: los<strong> jueves de 18h00 a 20h00<\/strong><\/li>\n<\/ul>\n<p>&nbsp;<\/p>\n<ul>\n<li><strong>Nivel C1 (online)<\/strong>: los <strong>martes de 18h00 a 20h00<\/strong><\/li>\n<\/ul>\n<h1><\/h1>\n<h1><strong>INSCRIPCION 2au CONVOCAT\u00d2RIA D&#8217;EXAMENS PER LIURE D&#8217;ARAN\u00c9S 2021-2022<\/strong><\/h1>\n<p><strong>Vos podetz inscr\u00eduer en ligam: <a href=\"https:\/\/forms.gle\/64kVkqDmVaN3JMeV7\" target=\"_blank\" rel=\"noopener noreferrer\">https:\/\/forms.gle\/64kVkqDmVaN3JMeV7<\/a><\/strong><\/p>\n<p>&nbsp;<\/p>\n<h4><\/h4>\n<h4><\/h4>\n<p>&nbsp;<\/p>\n<h4><\/h4>\n<h4><strong>Publicacion n\u00f2tes 2021-22: <a href=\"https:\/\/www.conselharan.org\/es\/corsi-daranes\/publicacion-de-notes-2021-2022-2\/\" rel=\"attachment wp-att-49057\">publicacion de n\u00f2tes 2021-2022<\/a><\/strong><\/h4>\n<p>&nbsp;<\/p>\n<p><strong>N\u00d2TES CORSI ARAN\u00c9S CORS 2023<\/strong>[\/vc_column_text][vc_row_inner][vc_column_inner][\/vc_column_inner][\/vc_row_inner][\/vc_column][\/vc_row]<\/p>\n ","protected":false},"excerpt":{"rendered":"<p>[vc_row css=\u00bb.vc_custom_1469637378947{margin-top: 30px !important;}\u00bb][vc_column][vc_button title=\u00bbVer Audios Niveu A1&#8243; size=\u00bbbtn-large\u00bb href=\u00bbhttps:\/\/www.conselharan.org\/audios-niveua1\/\u00bb][vc_button title=\u00bbConvocat\u00f2ria pr\u00f2ves d&#8217;aran\u00e9s\u00bb target=\u00bb_blank\u00bb size=\u00bbbtn-large\u00bb href=\u00bbhttps:\/\/www.conselharan.org\/convoc-proves-aranes-2022-2\/\u00bb][vc_button title=\u00bbExemples Pr\u00f2ves\u00bb target=\u00bb_blank\u00bb size=\u00bbbtn-large\u00bb href=\u00bbhttps:\/\/www.conselharan.org\/es\/corsi-daranes\/exemples-proves\/\u00bb][vc_column_text] PREINSCRIPCIONS CORSI D&#8217;ARAN\u00c9S A COMPDAR DETH 26\/09\/2023 (09:00 ores) EN LIGAM:\u00a0https:\/\/aranes.conselharan.org\/corsi-daranes\/ &nbsp; CALENDARIO DE CURSOS DE ARAN\u00c9S 2022-23: Calendario de los cursos de aran\u00e9s en PDF: calendari &nbsp; &nbsp; Preinscripci\u00f3n cursos de aran\u00e9s 2022-2023&#8230;<\/p>\n","protected":false},"author":8,"featured_media":0,"parent":0,"menu_order":0,"comment_status":"closed","ping_status":"closed","template":"page-onesidebar.php","meta":{"footnotes":""},"_links":{"self":[{"href":"https:\/\/www.conselharan.org\/es\/wp-json\/wp\/v2\/pages\/13028"}],"collection":[{"href":"https:\/\/www.conselharan.org\/es\/wp-json\/wp\/v2\/pages"}],"about":[{"href":"https:\/\/www.conselharan.org\/es\/wp-json\/wp\/v2\/types\/page"}],"author":[{"embeddable":true,"href":"https:\/\/www.conselharan.org\/es\/wp-json\/wp\/v2\/users\/8"}],"replies":[{"embeddable":true,"href":"https:\/\/www.conselharan.org\/es\/wp-json\/wp\/v2\/comments?post=13028"}],"version-history":[{"count":89,"href":"https:\/\/www.conselharan.org\/es\/wp-json\/wp\/v2\/pages\/13028\/revisions"}],"predecessor-version":[{"id":54254,"href":"https:\/\/www.conselharan.org\/es\/wp-json\/wp\/v2\/pages\/13028\/revisions\/54254"}],"wp:attachment":[{"href":"https:\/\/www.conselharan.org\/es\/wp-json\/wp\/v2\/media?parent=13028"}],"curies":[{"name":"wp","href":"https:\/\/api.w.org\/{rel}","templated":true}]}}