{"id":15277,"date":"2017-01-10T21:32:43","date_gmt":"2017-01-10T20:32:43","guid":{"rendered":"http:\/\/www.conselharan.org\/es\/meteo\/"},"modified":"2026-04-15T07:38:27","modified_gmt":"2026-04-15T05:38:27","slug":"meteo","status":"publish","type":"page","link":"https:\/\/www.conselharan.org\/es\/meteo\/","title":{"rendered":"Meteo"},"content":{"rendered":"<h2>Jornadas soleadamente primaverales.<\/h2>\n<h3>Actualitzat 15\/4\/2026.<\/h3>\n<p>Mi\u00e9rcoles 15 de abril<br \/>\nLa jornada estar\u00e1 marcada por el sol radiante durante la ma\u00f1ana. A \u00faltimas horas, aparecer\u00e1n algunas brumas. Brisa d\u00e9bil del norte.<br \/>\nLas temperaturas contin\u00faan su ascenso, situ\u00e1ndose las m\u00e1ximas dentro de las habituales para la \u00e9poca.<br \/>\nLes: \ud83c\udf21\ufe0f 5 \u00b0C \/ 18 \u00b0C<br \/>\nEscunhau: \ud83c\udf21\ufe0f 4 \u00b0C \/ 17 \u00b0C<\/p>\n<p>Jueves 16 de abril<br \/>\nSe espera un agradable d\u00eda de primavera plenamente soleado y con vientos en calma.<br \/>\nLos term\u00f3metros subir\u00e1n un pelda\u00f1o m\u00e1s, dej\u00e1ndonos una jornada muy agradable.<br \/>\nLes: \ud83c\udf21\ufe0f 8 \u00b0C \/ 20 \u00b0C<br \/>\nEscunhau: \ud83c\udf21\ufe0f 7 \u00b0C \/ 19 \u00b0C<\/p>\n ","protected":false},"excerpt":{"rendered":"<p>Jornadas soleadamente primaverales. Actualitzat 15\/4\/2026. Mi\u00e9rcoles 15 de abril La jornada estar\u00e1 marcada por el sol radiante durante la ma\u00f1ana. A \u00faltimas horas, aparecer\u00e1n algunas brumas. Brisa d\u00e9bil del norte. Las temperaturas contin\u00faan su ascenso, situ\u00e1ndose las m\u00e1ximas dentro de las habituales para la \u00e9poca. Les: \ud83c\udf21\ufe0f 5 \u00b0C \/ 18 \u00b0C Escunhau: \ud83c\udf21\ufe0f 4&#8230;<\/p>\n","protected":false},"author":9,"featured_media":0,"parent":0,"menu_order":0,"comment_status":"closed","ping_status":"closed","template":"page-onesidebar.php","meta":{"footnotes":""},"_links":{"self":[{"href":"https:\/\/www.conselharan.org\/es\/wp-json\/wp\/v2\/pages\/15277"}],"collection":[{"href":"https:\/\/www.conselharan.org\/es\/wp-json\/wp\/v2\/pages"}],"about":[{"href":"https:\/\/www.conselharan.org\/es\/wp-json\/wp\/v2\/types\/page"}],"author":[{"embeddable":true,"href":"https:\/\/www.conselharan.org\/es\/wp-json\/wp\/v2\/users\/9"}],"replies":[{"embeddable":true,"href":"https:\/\/www.conselharan.org\/es\/wp-json\/wp\/v2\/comments?post=15277"}],"version-history":[{"count":3061,"href":"https:\/\/www.conselharan.org\/es\/wp-json\/wp\/v2\/pages\/15277\/revisions"}],"predecessor-version":[{"id":66767,"href":"https:\/\/www.conselharan.org\/es\/wp-json\/wp\/v2\/pages\/15277\/revisions\/66767"}],"wp:attachment":[{"href":"https:\/\/www.conselharan.org\/es\/wp-json\/wp\/v2\/media?parent=15277"}],"curies":[{"name":"wp","href":"https:\/\/api.w.org\/{rel}","templated":true}]}}