{"id":18873,"date":"2017-09-04T09:52:13","date_gmt":"2017-09-04T07:52:13","guid":{"rendered":"http:\/\/www.conselharan.org\/?page_id=18873"},"modified":"2017-09-14T11:40:21","modified_gmt":"2017-09-14T09:40:21","slug":"evolucion-del-reciclaje","status":"publish","type":"page","link":"https:\/\/www.conselharan.org\/es\/evolucion-del-reciclaje\/","title":{"rendered":"Evoluci\u00f3n del reciclaje"},"content":{"rendered":"<p>[vc_row css=\u00bb.vc_custom_1469550744820{margin-top: 30px !important;}\u00bb][vc_column][vc_column_text]<img loading=\"lazy\" decoding=\"async\" class=\"aligncenter wp-image-13007 size-full\" src=\"http:\/\/www.conselharan.org\/wp-content\/uploads\/2017\/09\/evolucion-residuos.jpg\" alt=\"romanica-maxi\" width=\"940\" height=\"325\" \/><\/p>\n<p>Con el \u00e1nimo de mejorar la comunicaci\u00f3n y la transparencia del servicio, se actualiza peri\u00f3dicamente la informaci\u00f3n de la producci\u00f3n de la recojida selectiva en nuestro territorio.<\/p>\n<p>El incremento progresivo y la consecuente mejora de estos porcentajes demuestran el aumento de la concienciaci\u00f3n ciudadana sobre la importancia de la conservaci\u00f3n del medio ambiente.<\/p>\n<p><img loading=\"lazy\" decoding=\"async\" class=\"aligncenter size-full wp-image-19031\" src=\"http:\/\/www.conselharan.org\/wp-content\/uploads\/2017\/09\/EVOLUCI\u00d3-ANUAL-DE-RESIDUS-TOTI-ES-IDIOMES-aranes-1.jpg\" alt=\"EVOLUCI\u00d3-ANUAL-DE-RESIDUS-TOTI-ES-IDIOMES-aranes\" width=\"3000\" height=\"2250\" srcset=\"https:\/\/www.conselharan.org\/wp-content\/uploads\/2017\/09\/EVOLUCI\u00d3-ANUAL-DE-RESIDUS-TOTI-ES-IDIOMES-aranes-1.jpg 3000w, https:\/\/www.conselharan.org\/wp-content\/uploads\/2017\/09\/EVOLUCI\u00d3-ANUAL-DE-RESIDUS-TOTI-ES-IDIOMES-aranes-1-300x225.jpg 300w, https:\/\/www.conselharan.org\/wp-content\/uploads\/2017\/09\/EVOLUCI\u00d3-ANUAL-DE-RESIDUS-TOTI-ES-IDIOMES-aranes-1-768x576.jpg 768w, https:\/\/www.conselharan.org\/wp-content\/uploads\/2017\/09\/EVOLUCI\u00d3-ANUAL-DE-RESIDUS-TOTI-ES-IDIOMES-aranes-1-1024x768.jpg 1024w\" sizes=\"(max-width: 3000px) 100vw, 3000px\" \/>[\/vc_column_text][\/vc_column][\/vc_row]<\/p>\n ","protected":false},"excerpt":{"rendered":"<p>[vc_row css=\u00bb.vc_custom_1469550744820{margin-top: 30px !important;}\u00bb][vc_column][vc_column_text] Con el \u00e1nimo de mejorar la comunicaci\u00f3n y la transparencia del servicio, se actualiza peri\u00f3dicamente la informaci\u00f3n de la producci\u00f3n de la recojida selectiva en nuestro territorio. El incremento progresivo y la consecuente mejora de estos porcentajes demuestran el aumento de la concienciaci\u00f3n ciudadana sobre la importancia de la conservaci\u00f3n del&#8230;<\/p>\n","protected":false},"author":8,"featured_media":0,"parent":0,"menu_order":0,"comment_status":"closed","ping_status":"closed","template":"page-onesidebar.php","meta":{"footnotes":""},"_links":{"self":[{"href":"https:\/\/www.conselharan.org\/es\/wp-json\/wp\/v2\/pages\/18873"}],"collection":[{"href":"https:\/\/www.conselharan.org\/es\/wp-json\/wp\/v2\/pages"}],"about":[{"href":"https:\/\/www.conselharan.org\/es\/wp-json\/wp\/v2\/types\/page"}],"author":[{"embeddable":true,"href":"https:\/\/www.conselharan.org\/es\/wp-json\/wp\/v2\/users\/8"}],"replies":[{"embeddable":true,"href":"https:\/\/www.conselharan.org\/es\/wp-json\/wp\/v2\/comments?post=18873"}],"version-history":[{"count":3,"href":"https:\/\/www.conselharan.org\/es\/wp-json\/wp\/v2\/pages\/18873\/revisions"}],"predecessor-version":[{"id":19032,"href":"https:\/\/www.conselharan.org\/es\/wp-json\/wp\/v2\/pages\/18873\/revisions\/19032"}],"wp:attachment":[{"href":"https:\/\/www.conselharan.org\/es\/wp-json\/wp\/v2\/media?parent=18873"}],"curies":[{"name":"wp","href":"https:\/\/api.w.org\/{rel}","templated":true}]}}