{"id":19067,"date":"2017-09-15T11:36:37","date_gmt":"2017-09-15T09:36:37","guid":{"rendered":"http:\/\/www.conselharan.org\/es\/?page_id=19067"},"modified":"2017-09-15T11:59:45","modified_gmt":"2017-09-15T09:59:45","slug":"que-es-el-punto-verde-que-hay-que-llevar","status":"publish","type":"page","link":"https:\/\/www.conselharan.org\/es\/punto-limpio\/que-es-el-punto-verde-que-hay-que-llevar\/","title":{"rendered":"Qu\u00e9 es el punto verde? Que hay que llevar?"},"content":{"rendered":"<p>[vc_row css=\u00bb.vc_custom_1469550744820{margin-top: 30px !important;}\u00bb][vc_column][vc_column_text]Estas instalaciones recojen aquellos residuos para los cuales no hay un sistema de recojida domiciliaria o contenedores espec\u00edficos en la calle.<\/p>\n<p>Los materiales de estos residuos volver\u00e1n a los ciclos de producci\u00f3n de nueva materia prima y si no es posible se destinar\u00e1n al tratamiento m\u00e1s adecuado para evitar malmeter el medio ambiente.<\/p>\n<p>El punto limpio es, por lo tanto, un sitio donde el ciudadano participa activamente en la gesti\u00f3n de residuos municipales.<\/p>\n<p>Asi pues, el servicio del punto limpio es importante porque permite:<\/p>\n<ul>\n<li>Aprovechar los residuos valorizables.<\/li>\n<li>Disminuir la cantidad de residuos que van a los vertederos.<\/li>\n<li>Evitar el vertido incontrolado de residuos en el entorno de nuestros pueblos.<\/li>\n<li>Separar los residuos peligrosos para darles el destino final m\u00e1s adecuado.<\/li>\n<\/ul>\n<p>[\/vc_column_text][\/vc_column][\/vc_row][vc_row][vc_column width=\u00bb1\/2&#8243;][vc_column_text]<span style=\"color: #339966;\">RESIDUOS MUNICIPALES ESPECIALES<\/span><\/p>\n<ul>\n<li>Neum\u00e1ticos<\/li>\n<li>Fluorescentes y l\u00e1mparas de vapor de mercurio<\/li>\n<li>Bater\u00edas<\/li>\n<li>Disolventes<\/li>\n<li>Pinturas y barnizos<\/li>\n<li>Pilas<\/li>\n<li>Electrodom\u00e9sticos que contengan sustancias peligrosas<\/li>\n<li>Aceites minerales usados<\/li>\n<\/ul>\n<p>[\/vc_column_text][\/vc_column][vc_column width=\u00bb1\/2&#8243;][vc_column_text]<span style=\"color: #339966;\">RESIDUOS MUNICIPALES ORDINARIOS<\/span><\/p>\n<ul>\n<li>Papel i cart\u00f3n<\/li>\n<li>Vidrio<\/li>\n<li>Envases lijeros<\/li>\n<li>Pl\u00e1sticos<\/li>\n<li>Chatarra y metales<\/li>\n<li>Textil<\/li>\n<li>Aceites vegetales usados<\/li>\n<li>Botellas de cava enteras<\/li>\n<\/ul>\n<p>[\/vc_column_text][\/vc_column][\/vc_row][vc_row][vc_column width=\u00bb1\/2&#8243;][vc_column_text]<span style=\"color: #339966;\">RESIDUOS MUNICIPALES VOLUMINOSOS<\/span><\/p>\n<ul>\n<li>Muebles y otros<\/li>\n<li>Electrodom\u00e9sticos que no contienen sustancias peligrosas<\/li>\n<li>Chatarra electr\u00f3nica (ordinadores, peque\u00f1os electrodom\u00e9sticos\u2026)<\/li>\n<\/ul>\n<p>[\/vc_column_text][\/vc_column][vc_column width=\u00bb1\/2&#8243;][vc_column_text]<span style=\"color: #339966;\">OTROS RESIDUOS MUNICIPALES<\/span><\/p>\n<ul>\n<li>Maderas<\/li>\n<li>Restos de poda o jardiner\u00eda<\/li>\n<li>Escombros y restos de la construcci\u00f3n de obras menores<\/li>\n<\/ul>\n<p>[\/vc_column_text][\/vc_column][\/vc_row][vc_row][vc_column][vc_column_text]<span style=\"color: #ff0000;\">MATERIALES NO ACEPTADOS<\/span><\/p>\n<ul>\n<li>Materiales mezclados<\/li>\n<li>Materia org\u00e1nica<\/li>\n<li>Residuos industriales en grandes cantidades<\/li>\n<li>Materiales explosivos<\/li>\n<li>Residuos radioactivos<\/li>\n<li>Residuos sanitarios<\/li>\n<\/ul>\n<p>[\/vc_column_text][\/vc_column][\/vc_row]<\/p>\n ","protected":false},"excerpt":{"rendered":"<p>[vc_row css=\u00bb.vc_custom_1469550744820{margin-top: 30px !important;}\u00bb][vc_column][vc_column_text]Estas instalaciones recojen aquellos residuos para los cuales no hay un sistema de recojida domiciliaria o contenedores espec\u00edficos en la calle. Los materiales de estos residuos volver\u00e1n a los ciclos de producci\u00f3n de nueva materia prima y si no es posible se destinar\u00e1n al tratamiento m\u00e1s adecuado para evitar malmeter el medio&#8230;<\/p>\n","protected":false},"author":8,"featured_media":0,"parent":18863,"menu_order":0,"comment_status":"closed","ping_status":"closed","template":"page-onesidebar.php","meta":{"footnotes":""},"_links":{"self":[{"href":"https:\/\/www.conselharan.org\/es\/wp-json\/wp\/v2\/pages\/19067"}],"collection":[{"href":"https:\/\/www.conselharan.org\/es\/wp-json\/wp\/v2\/pages"}],"about":[{"href":"https:\/\/www.conselharan.org\/es\/wp-json\/wp\/v2\/types\/page"}],"author":[{"embeddable":true,"href":"https:\/\/www.conselharan.org\/es\/wp-json\/wp\/v2\/users\/8"}],"replies":[{"embeddable":true,"href":"https:\/\/www.conselharan.org\/es\/wp-json\/wp\/v2\/comments?post=19067"}],"version-history":[{"count":1,"href":"https:\/\/www.conselharan.org\/es\/wp-json\/wp\/v2\/pages\/19067\/revisions"}],"predecessor-version":[{"id":19070,"href":"https:\/\/www.conselharan.org\/es\/wp-json\/wp\/v2\/pages\/19067\/revisions\/19070"}],"up":[{"embeddable":true,"href":"https:\/\/www.conselharan.org\/es\/wp-json\/wp\/v2\/pages\/18863"}],"wp:attachment":[{"href":"https:\/\/www.conselharan.org\/es\/wp-json\/wp\/v2\/media?parent=19067"}],"curies":[{"name":"wp","href":"https:\/\/api.w.org\/{rel}","templated":true}]}}