{"id":207,"date":"2013-02-22T07:52:48","date_gmt":"2013-02-22T06:52:48","guid":{"rendered":"http:\/\/www.conselharan.org\/govern\/equip-de-govern\/"},"modified":"2024-04-04T12:09:39","modified_gmt":"2024-04-04T10:09:39","slug":"equip-de-govern","status":"publish","type":"page","link":"https:\/\/www.conselharan.org\/es\/equip-de-govern\/","title":{"rendered":"Equipa de gov\u00e8rn"},"content":{"rendered":"<p>[vc_row el_position=\u00bbfirst\u00bb][vc_column][vc_column_text el_position=\u00bbfirst last\u00bb]Eth gov\u00e8rn deth Conselh Generau d\u2019Aran ei er organ collegiat damb foncions executives e administratives format per ueit conselh\u00e8rs generaus e coordinat pera Sindica d\u2019Aran, Maria Verg\u00e9s.<\/p>\n<p>Er equip de gov\u00e8rn s\u2019amasse cada quinze dies en Conselh de Gov\u00e8rn e es s\u00f2ns membres son:[\/vc_column_text][\/vc_column][\/vc_row][vc_row][vc_column width=\u00bb1\/3&#8243;][vc_column_text] [\/vc_column_text][\/vc_column][vc_column width=\u00bb1\/3&#8243; el_class=\u00bbbox-govern\u00bb][vc_single_image image=\u00bb53699&#8243; img_size=\u00bb288&#215;291&#8243; alignment=\u00bbcenter\u00bb el_position=\u00bbfirst\u00bb][vc_column_text el_class=\u00bbtexto-govern\u00bb]<\/p>\n<h2 style=\"text-align: left;\"><strong>Maria Verg\u00e9s P\u00e9rez<\/strong><\/h2>\n<h3 style=\"text-align: left;\"><strong>S\u00cdNDICA DE ARAN<\/strong><\/h3>\n<ul>\n<li>Departamento de Cultura y Lengua<\/li>\n<li>Departamento de Salud y Bienestar<\/li>\n<li>Departamento de Pompi\u00e8rs-Emerg\u00e9ncies<\/li>\n<li>Departamento de Econom\u00eda, Urbanismo y Planeamiento<\/li>\n<\/ul>\n<p>[\/vc_column_text][\/vc_column][vc_column width=\u00bb1\/3&#8243;][vc_column_text] [\/vc_column_text][\/vc_column][\/vc_row][vc_row][vc_column][vc_column_text] [\/vc_column_text][\/vc_column][\/vc_row][vc_row css=\u00bb.vc_custom_1435824686665{margin-right: 0px !important;margin-left: 0px !important;}\u00bb][vc_column width=\u00bb1\/3&#8243; el_class=\u00bbbox-govern\u00bb][vc_single_image image=\u00bb53709&#8243; img_size=\u00bb288&#215;291&#8243; alignment=\u00bbcenter\u00bb el_position=\u00bbfirst\u00bb][vc_column_text el_class=\u00bbtexto-govern\u00bb el_position=\u00bblast\u00bb]<\/p>\n<h2 style=\"text-align: left;\"><strong>Francisco Bruna Capel<\/strong><\/h2>\n<h3 style=\"text-align: left;\"><strong>CONSELH\u00c8R<\/strong><\/h3>\n<ul>\n<li>Vices\u00edndico 1\u00ba<\/li>\n<li>Departamento de Territorio, Paisaje y Cambio Clim\u00e1tico<\/li>\n<\/ul>\n<p>[\/vc_column_text][\/vc_column][vc_column width=\u00bb1\/3&#8243; el_class=\u00bbbox-govern\u00bb][vc_single_image image=\u00bb53732&#8243; img_size=\u00bb288&#215;291&#8243; alignment=\u00bbcenter\u00bb el_position=\u00bbfirst\u00bb][vc_column_text el_class=\u00bbtexto-govern\u00bb el_position=\u00bblast\u00bb]<\/p>\n<h2 style=\"text-align: left;\"><strong>Oriol Sala S\u00e1nchez<\/strong><\/h2>\n<h3 style=\"text-align: left;\"><strong>CONSELH\u00c8R<\/strong><\/h3>\n<ul>\n<li>Vices\u00edndico 2\u00ba<\/li>\n<li>Departamento de Gesti\u00f3n Ambiental y Transici\u00f3n Energ\u00e9tica<\/li>\n<li>Departamento de Innovaci\u00f3n<\/li>\n<\/ul>\n<p>[\/vc_column_text][\/vc_column][vc_column width=\u00bb1\/3&#8243; el_class=\u00bbbox-govern\u00bb][vc_single_image image=\u00bb53727&#8243; img_size=\u00bb288&#215;291&#8243; alignment=\u00bbcenter\u00bb el_position=\u00bbfirst\u00bb][vc_column_text el_class=\u00bbtexto-govern\u00bb el_position=\u00bblast\u00bb]<\/p>\n<h2 style=\"text-align: left;\"><strong>Javier Cavero S\u00e1ez<\/strong><\/h2>\n<h3 style=\"text-align: left;\"><strong>CONSELH\u00c8R<\/strong><\/h3>\n<ul>\n<li>Vices\u00edndico 3\u00ba<\/li>\n<li>Departamento de Deportes<\/li>\n<\/ul>\n<p>[\/vc_column_text][\/vc_column][\/vc_row][vc_row][vc_column][vc_column_text] [\/vc_column_text][\/vc_column][\/vc_row][vc_row css=\u00bb.vc_custom_1435824693840{margin-right: 0px !important;margin-left: 0px !important;}\u00bb][vc_column width=\u00bb1\/3&#8243; el_class=\u00bbbox-govern\u00bb][vc_single_image image=\u00bb53714&#8243; img_size=\u00bb288&#215;291&#8243; alignment=\u00bbcenter\u00bb el_position=\u00bbfirst\u00bb][vc_column_text el_class=\u00bbtexto-govern\u00bb]<\/p>\n<h2 style=\"text-align: left;\"><strong>Maria Menis Farr\u00e9<\/strong><\/h2>\n<h3 style=\"text-align: left;\"><strong>CONSELH\u00c8RA<\/strong><\/h3>\n<ul>\n<li><span lang=\"ES\">Departamento de Juventud, Igualdad e Inclusi\u00f3n Social\u00a0<\/span><\/li>\n<\/ul>\n<p>[\/vc_column_text][\/vc_column][vc_column width=\u00bb1\/3&#8243; el_class=\u00bbbox-govern\u00bb][vc_single_image image=\u00bb53719&#8243; img_size=\u00bb288&#215;291&#8243; alignment=\u00bbcenter\u00bb el_position=\u00bbfirst\u00bb][vc_column_text el_class=\u00bbtexto-govern\u00bb]<\/p>\n<h2 style=\"text-align: left;\"><strong>Josep Canut Herraiz<\/strong><\/h2>\n<h3 style=\"text-align: left;\"><strong>CONSELH\u00c8R<\/strong><\/h3>\n<ul>\n<li>Departamento de Turismo<\/li>\n<li>Departamento de Promoci\u00f3n Econ\u00f3mica, Comercio y Movilidad<\/li>\n<\/ul>\n<p>[\/vc_column_text][\/vc_column][vc_column width=\u00bb1\/3&#8243; el_class=\u00bbbox-govern\u00bb][vc_single_image image=\u00bb53724&#8243; img_size=\u00bb288&#215;291&#8243; alignment=\u00bbcenter\u00bb el_position=\u00bbfirst\u00bb][vc_column_text el_class=\u00bbtexto-govern\u00bb]<\/p>\n<h2 style=\"text-align: left;\"><strong>Andreu Cort\u00e9s Labrid<\/strong><\/h2>\n<h3 style=\"text-align: left;\"><strong>CONSELH\u00c8R<\/strong><\/h3>\n<ul>\n<li>Departamento de Vivienda y Agenda Urbana<\/li>\n<li>Departamento de Gobernanza<\/li>\n<\/ul>\n<div style=\"height: 8px;\"><\/div>\n<p>[\/vc_column_text][\/vc_column][\/vc_row][vc_row][vc_column][vc_column_text] [\/vc_column_text][\/vc_column][\/vc_row][vc_row css=\u00bb.vc_custom_1435824693840{margin-right: 0px !important;margin-left: 0px !important;}\u00bb][vc_column width=\u00bb1\/6&#8243;][\/vc_column][vc_column width=\u00bb2\/6&#8243; el_class=\u00bbbox-govern\u00bb][vc_single_image image=\u00bb29334&#8243; img_size=\u00bb288&#215;291&#8243; alignment=\u00bbcenter\u00bb el_position=\u00bbfirst\u00bb][vc_column_text el_class=\u00bbtexto-govern\u00bb el_position=\u00bblast\u00bb]<\/p>\n<h2 style=\"text-align: left;\"><strong>\u00c0ngela Cases Andreu<\/strong><\/h2>\n<h3 style=\"text-align: left;\"><strong>CONSELH\u00c8RA<\/strong><\/h3>\n<ul>\n<li>Departamento de Conocimiento<\/li>\n<\/ul>\n<p>[\/vc_column_text][\/vc_column][vc_column width=\u00bb2\/6&#8243; el_class=\u00bbbox-govern\u00bb][vc_single_image image=\u00bb56715&#8243; img_size=\u00bb288&#215;291&#8243; alignment=\u00bbcenter\u00bb el_position=\u00bbfirst\u00bb][vc_column_text el_class=\u00bbtexto-govern\u00bb]<\/p>\n<h2 style=\"text-align: left;\"><strong>Jos\u00e9 Luis Boya Al\u00f3s<\/strong><\/h2>\n<h3 style=\"text-align: left;\"><strong>CONSELH\u00c8R<\/strong><\/h3>\n<ul>\n<li>Departamento de Infraestructuras y Obras<\/li>\n<\/ul>\n<div style=\"height: 0px;\"><\/div>\n<p>[\/vc_column_text][\/vc_column][vc_column width=\u00bb1\/6&#8243;][\/vc_column][\/vc_row][vc_row][vc_column][vc_column_text] [\/vc_column_text][\/vc_column][\/vc_row][vc_row el_class=\u00bbocultar\u00bb][vc_column][vc_column_text el_position=\u00bbfirst last\u00bb]<\/p>\n<h1 style=\"text-align: left;\"><strong>Los altos cargos<br \/>\n<\/strong><\/h1>\n<p>[\/vc_column_text][\/vc_column][\/vc_row][vc_row el_class=\u00bbocultar\u00bb][vc_column][vc_column_text] [\/vc_column_text][\/vc_column][\/vc_row][vc_row el_class=\u00bbocultar\u00bb][vc_column width=\u00bb1\/3&#8243;][vc_column_text el_class=\u00bbtexto-govern\u00bb el_position=\u00bbfirst last\u00bb]<\/p>\n<h4 style=\"text-align: left;\"><\/h4>\n<p>[\/vc_column_text][\/vc_column][vc_column width=\u00bb1\/3&#8243;][\/vc_column][vc_column width=\u00bb1\/3&#8243;][\/vc_column][\/vc_row]<\/p>\n ","protected":false},"excerpt":{"rendered":"<p>[vc_row el_position=\u00bbfirst\u00bb][vc_column][vc_column_text el_position=\u00bbfirst last\u00bb]Eth gov\u00e8rn deth Conselh Generau d\u2019Aran ei er organ collegiat damb foncions executives e administratives format per ueit conselh\u00e8rs generaus e coordinat pera Sindica d\u2019Aran, Maria Verg\u00e9s. Er equip de gov\u00e8rn s\u2019amasse cada quinze dies en Conselh de Gov\u00e8rn e es s\u00f2ns membres son:[\/vc_column_text][\/vc_column][\/vc_row][vc_row][vc_column width=\u00bb1\/3&#8243;][vc_column_text] [\/vc_column_text][\/vc_column][vc_column width=\u00bb1\/3&#8243; el_class=\u00bbbox-govern\u00bb][vc_single_image image=\u00bb53699&#8243; img_size=\u00bb288&#215;291&#8243; alignment=\u00bbcenter\u00bb el_position=\u00bbfirst\u00bb][vc_column_text&#8230;<\/p>\n","protected":false},"author":1,"featured_media":56724,"parent":0,"menu_order":0,"comment_status":"closed","ping_status":"closed","template":"page-onesidebar.php","meta":{"footnotes":""},"_links":{"self":[{"href":"https:\/\/www.conselharan.org\/es\/wp-json\/wp\/v2\/pages\/207"}],"collection":[{"href":"https:\/\/www.conselharan.org\/es\/wp-json\/wp\/v2\/pages"}],"about":[{"href":"https:\/\/www.conselharan.org\/es\/wp-json\/wp\/v2\/types\/page"}],"author":[{"embeddable":true,"href":"https:\/\/www.conselharan.org\/es\/wp-json\/wp\/v2\/users\/1"}],"replies":[{"embeddable":true,"href":"https:\/\/www.conselharan.org\/es\/wp-json\/wp\/v2\/comments?post=207"}],"version-history":[{"count":92,"href":"https:\/\/www.conselharan.org\/es\/wp-json\/wp\/v2\/pages\/207\/revisions"}],"predecessor-version":[{"id":56747,"href":"https:\/\/www.conselharan.org\/es\/wp-json\/wp\/v2\/pages\/207\/revisions\/56747"}],"wp:featuredmedia":[{"embeddable":true,"href":"https:\/\/www.conselharan.org\/es\/wp-json\/wp\/v2\/media\/56724"}],"wp:attachment":[{"href":"https:\/\/www.conselharan.org\/es\/wp-json\/wp\/v2\/media?parent=207"}],"curies":[{"name":"wp","href":"https:\/\/api.w.org\/{rel}","templated":true}]}}