{"id":213,"date":"2013-02-22T07:53:25","date_gmt":"2013-02-22T07:53:25","guid":{"rendered":"http:\/\/www.conselharan.org\/govern\/eth-plen\/"},"modified":"2024-04-04T09:19:46","modified_gmt":"2024-04-04T07:19:46","slug":"eth-plen","status":"publish","type":"page","link":"https:\/\/www.conselharan.org\/es\/eth-plen\/","title":{"rendered":"El Pleno"},"content":{"rendered":"<p>[vc_row el_position=\u00bbfirst last\u00bb][vc_column][vc_single_image image=\u00bb56732&#8243; img_size=\u00bb940&#215;325&#8243; el_position=\u00bbfirst\u00bb][vc_column_text]<\/p>\n<p>Eth Plen ei er organ supr\u00e8m de manifestacion dera volentat deth Conselh Generau d\u2019Aran, integrat per 13 conselh\u00e8rs (escuelhuts democraticaments enes eleccions municipaus cada quate ans) e presidit peth sindic d\u2019Aran o vicesindic que legauments lo remplace.<\/p>\n<p>Ei compet\u00e9ncia deth Plen es senhalades en article 10 dera Lei 16\/1990, de 13 de junhs\u00e8ga, sus eth Regim Especiau dera Val d\u2019Aran e aqueres que li siguen assignades pes leis sectoriaus.<\/p>\n<p>Es sessions deth Conselh p\u00f2den \u00e8ster ordin\u00e0ries e extraordin\u00e0ries, e aguestes darr\u00e8res, ath viatge, p\u00f2den \u00e8ster urgentes. Es sessions extraordin\u00e0ries son convocades ent\u00e0 res\u00f2lver ah\u00e8rs que precisen \u00e8ster tractats de man\u00e8ra singulara o, que per rason d\u2019urg\u00e9ncia, non p\u00f2den demorar enquiara celebracion dera session ordin\u00e0ria.<\/p>\n<p>Eth Plen deth Conselh s\u2019amassar\u00e0 en session plen\u00e0ria ordin\u00e0ria, coma minim, cada dus mesi e en session extraordin\u00e0ria quan atau ac decidisque eth sindic o ac sollicite era quatau part, aumens, deth nombre legau des conselh\u00e8rs deth Conselh Generau d\u2019Aran, sense que cap de conselh\u00e8r ne pogue sollicitar m\u00e8s de tres annauments.<\/p>\n<p>Es sessions ordin\u00e0ries se celebrar\u00e0n eth darr\u00e8r deluns de mes e cada dus mesi, en tot comen\u00e7ar en hereu\u00e8r e contunhar en abriu, junh, octobre e deseme. Eth mes d\u2019agost se considerar\u00e0 inabil en tot trasladar-se era celebracion dera session ordin\u00e0ria corresponenta ad aguest mes laguens dera prum\u00e8ra quinzea deth mes de seteme.<\/p>\n<p>Es ah\u00e8rs des resolucions que corresponguen ath Plen ser\u00e0n elaborats per organ competent o peth conselh\u00e8r-delegat.<\/p>\n<p>Es Plens se celebrar\u00e0n ena Sala de sessions dera seden\u00e7a oficiau deth Conselh Generau d\u2019Aran, o ben ena Sala de sessions dera Casa deth Senhor d\u2019Arr\u00f2s abilitada ar ef\u00e8cte, en vertut d\u2019ac\u00f2rd plenari de 24 de hereu\u00e8r de 1999.<\/p>\n<p>Es ac\u00f2rds des Plens ser\u00e0n executius un c\u00f2p acabada era session ena quau siguen adoptats.<\/p>\n<p>Es Plens deth Conselh ser\u00e0n publics m\u00e8s en tot poder \u00e8ster secrets eth debat e era votacion d\u2019aqueri ah\u00e8rs que poguen afectar eth dret fondamentau des ciutadans ath quau h\u00e8 refer\u00e9ncia er article 18.1 dera Constitucion Espanh\u00f2la, quan atau ac ac\u00f2rde eth Plen per majoria absoluta.<\/p>\n<p>[\/vc_column_text][\/vc_column][\/vc_row][vc_row][vc_column][vc_column_text el_position=\u00bbfirst last\u00bb]<\/p>\n<h2>Composici\u00f3n<\/h2>\n<p>[\/vc_column_text][\/vc_column][\/vc_row][vc_row][vc_column width=\u00bb1\/2&#8243;][vc_column_text el_class=\u00bbtexto-govern\u00bb el_position=\u00bbfirst last\u00bb]UNITAT D\u2019ARAN- PARTIT DES SOCIALISTES DE CATALUNYA (UA-PSC)<\/p>\n<h4>Maria Verg\u00e9s P\u00e9rez<\/h4>\n<h4>Oriol Sala S\u00e1nchez<\/h4>\n<p><strong>Francisco Bruna Capel<\/strong><\/p>\n<h4>Jos\u00e9 Canut Herraiz<\/h4>\n<p><strong>\u00c0ngela Cases Andreu<\/strong><\/p>\n<h4>Andreu Cort\u00e9s Labrid<\/h4>\n<p><strong>Javier Cavero S\u00e1ez<\/strong><\/p>\n<p><strong>Maria Menis Farr\u00e9<\/strong><\/p>\n<p><strong>Jos\u00e9 Luis Boya Al\u00f3s<\/strong>[\/vc_column_text][\/vc_column][vc_column width=\u00bb1\/2&#8243;][vc_column_text el_class=\u00bbtexto-govern\u00bb el_position=\u00bbfirst last\u00bb]CONVERG\u00c9NCIA DEMOCRATICA ARANESA- PARTIT NACIONALISTA ARAN\u00c9S (CDA-PNA)<\/p>\n<p><strong>Rosa Mari Salgueiro Puj\u00f2s<\/strong><\/p>\n<p><strong>C\u00e9sar Ruiz-Canela Nieto<\/strong><\/p>\n<p><strong>\u00d2scar Canut C\u00f3nsul<\/strong><\/p>\n<p><strong>Francisco Jos\u00e9 Rodr\u00edguez Berart<\/strong>[\/vc_column_text][\/vc_column][\/vc_row][vc_row][vc_column][\/vc_column][\/vc_row][vc_row][vc_column][vc_column_text]<\/p>\n<p>[\/vc_column_text][\/vc_column][\/vc_row]<\/p>\n ","protected":false},"excerpt":{"rendered":"<p>[vc_row el_position=\u00bbfirst last\u00bb][vc_column][vc_single_image image=\u00bb56732&#8243; img_size=\u00bb940&#215;325&#8243; el_position=\u00bbfirst\u00bb][vc_column_text] Eth Plen ei er organ supr\u00e8m de manifestacion dera volentat deth Conselh Generau d\u2019Aran, integrat per 13 conselh\u00e8rs (escuelhuts democraticaments enes eleccions municipaus cada quate ans) e presidit peth sindic d\u2019Aran o vicesindic que legauments lo remplace. Ei compet\u00e9ncia deth Plen es senhalades en article 10 dera Lei 16\/1990,&#8230;<\/p>\n","protected":false},"author":1,"featured_media":56728,"parent":0,"menu_order":0,"comment_status":"closed","ping_status":"closed","template":"page-onesidebar.php","meta":{"footnotes":""},"_links":{"self":[{"href":"https:\/\/www.conselharan.org\/es\/wp-json\/wp\/v2\/pages\/213"}],"collection":[{"href":"https:\/\/www.conselharan.org\/es\/wp-json\/wp\/v2\/pages"}],"about":[{"href":"https:\/\/www.conselharan.org\/es\/wp-json\/wp\/v2\/types\/page"}],"author":[{"embeddable":true,"href":"https:\/\/www.conselharan.org\/es\/wp-json\/wp\/v2\/users\/1"}],"replies":[{"embeddable":true,"href":"https:\/\/www.conselharan.org\/es\/wp-json\/wp\/v2\/comments?post=213"}],"version-history":[{"count":38,"href":"https:\/\/www.conselharan.org\/es\/wp-json\/wp\/v2\/pages\/213\/revisions"}],"predecessor-version":[{"id":56741,"href":"https:\/\/www.conselharan.org\/es\/wp-json\/wp\/v2\/pages\/213\/revisions\/56741"}],"wp:featuredmedia":[{"embeddable":true,"href":"https:\/\/www.conselharan.org\/es\/wp-json\/wp\/v2\/media\/56728"}],"wp:attachment":[{"href":"https:\/\/www.conselharan.org\/es\/wp-json\/wp\/v2\/media?parent=213"}],"curies":[{"name":"wp","href":"https:\/\/api.w.org\/{rel}","templated":true}]}}