{"id":2155,"date":"2013-09-12T12:49:09","date_gmt":"2013-09-12T10:49:09","guid":{"rendered":"http:\/\/www.conselharan.org\/?page_id=2155"},"modified":"2013-09-12T12:49:09","modified_gmt":"2013-09-12T10:49:09","slug":"comercio","status":"publish","type":"page","link":"https:\/\/www.conselharan.org\/es\/competencies\/comercio\/","title":{"rendered":"Comercio"},"content":{"rendered":"<p>[vc_row el_position=\u00bbfirst\u00bb] [vc_column] [vc_single_image image=\u00bb2081&#8243; img_size=\u00bb940&#215;325&#8243; img_link_target=\u00bb_self\u00bb el_position=\u00bbfirst last\u00bb] [\/vc_column] [\/vc_row] [vc_row el_position=\u00bblast\u00bb] [vc_column] [vc_column_text el_position=\u00bbfirst\u00bb]<\/p>\n<h1>Documentaci\u00f3n<\/h1>\n<p>[\/vc_column_text] [vc_column_text el_position=\u00bblast\u00bb]<\/p>\n<p><strong>Convenio de colaboraci\u00f3n<\/strong> entre el Consorcio de Promoci\u00f3n Comercial de Catalu\u00f1a y el Conselh Generau de la Val d\u2019Aran para la creaci\u00f3n de la Agencia para la Promoci\u00f3n del Comercio de la Val d\u2019Aran. El COPCA aportar\u00e1 hasta 45.000 euros (anexo al acuerdo de traspaso en materia de comercio, a\u00f1o 2005).<\/p>\n<p>[\/vc_column_text] [\/vc_column] [\/vc_row]<\/p>\n ","protected":false},"excerpt":{"rendered":"<p>[vc_row el_position=\u00bbfirst\u00bb] [vc_column] [vc_single_image image=\u00bb2081&#8243; img_size=\u00bb940&#215;325&#8243; img_link_target=\u00bb_self\u00bb el_position=\u00bbfirst last\u00bb] [\/vc_column] [\/vc_row] [vc_row el_position=\u00bblast\u00bb] [vc_column] [vc_column_text el_position=\u00bbfirst\u00bb] Documentaci\u00f3n [\/vc_column_text] [vc_column_text el_position=\u00bblast\u00bb] Convenio de colaboraci\u00f3n entre el Consorcio de Promoci\u00f3n Comercial de Catalu\u00f1a y el Conselh Generau de la Val d\u2019Aran para la creaci\u00f3n de la Agencia para la Promoci\u00f3n del Comercio de la Val d\u2019Aran. El&#8230;<\/p>\n","protected":false},"author":1,"featured_media":0,"parent":266,"menu_order":0,"comment_status":"closed","ping_status":"closed","template":"page-onesidebar.php","meta":{"footnotes":""},"_links":{"self":[{"href":"https:\/\/www.conselharan.org\/es\/wp-json\/wp\/v2\/pages\/2155"}],"collection":[{"href":"https:\/\/www.conselharan.org\/es\/wp-json\/wp\/v2\/pages"}],"about":[{"href":"https:\/\/www.conselharan.org\/es\/wp-json\/wp\/v2\/types\/page"}],"author":[{"embeddable":true,"href":"https:\/\/www.conselharan.org\/es\/wp-json\/wp\/v2\/users\/1"}],"replies":[{"embeddable":true,"href":"https:\/\/www.conselharan.org\/es\/wp-json\/wp\/v2\/comments?post=2155"}],"version-history":[{"count":2,"href":"https:\/\/www.conselharan.org\/es\/wp-json\/wp\/v2\/pages\/2155\/revisions"}],"predecessor-version":[{"id":2792,"href":"https:\/\/www.conselharan.org\/es\/wp-json\/wp\/v2\/pages\/2155\/revisions\/2792"}],"up":[{"embeddable":true,"href":"https:\/\/www.conselharan.org\/es\/wp-json\/wp\/v2\/pages\/266"}],"wp:attachment":[{"href":"https:\/\/www.conselharan.org\/es\/wp-json\/wp\/v2\/media?parent=2155"}],"curies":[{"name":"wp","href":"https:\/\/api.w.org\/{rel}","templated":true}]}}