{"id":2179,"date":"2013-09-12T13:24:14","date_gmt":"2013-09-12T11:24:14","guid":{"rendered":"http:\/\/www.conselharan.org\/?page_id=2179"},"modified":"2016-08-17T20:00:49","modified_gmt":"2016-08-17T18:00:49","slug":"salvamentos-y-extincion-de-incendios","status":"publish","type":"page","link":"https:\/\/www.conselharan.org\/es\/competencies\/salvamentos-y-extincion-de-incendios\/","title":{"rendered":"Salvamentos y extinci\u00f3n de incendios"},"content":{"rendered":"<p>[vc_row el_position=\u00bbfirst\u00bb][vc_column][vc_single_image image=\u00bb2028&#8243; img_size=\u00bb940&#215;325&#8243; el_position=\u00bbfirst last\u00bb][\/vc_column][\/vc_row][vc_row][vc_column][vc_column_text] [\/vc_column_text][\/vc_column][\/vc_row][vc_row el_position=\u00bblast\u00bb][vc_column][vc_column_text el_position=\u00bbfirst\u00bb]<\/p>\n<h1>Documentaci\u00f3n<\/h1>\n<p>[\/vc_column_text][vc_column_text el_position=\u00bblast\u00bb]<a href=\"http:\/\/www.conselharan.org\/wp-content\/uploads\/2016\/08\/51939.pdf\"><img loading=\"lazy\" decoding=\"async\" class=\"alignleft size-full wp-image-1752\" src=\"http:\/\/www.conselharan.org\/wp-content\/uploads\/2013\/07\/pdf.png\" alt=\"pdf\" width=\"32\" height=\"32\" \/>Decreto 170\/1994, del 14 de junio<\/a>, de traspaso de servicios, medios y recursos de la Administraci\u00f3n de la Generalitat de Catalu\u00f1a al Conselh Generau de la Val d\u2019Aran en materia de salvamentos y extinci\u00f3n de incendios (DOGC 1925, de 25.07.1994).<\/p>\n<ul>\n<li><b>Convenio de colaboraci\u00f3n<\/b>\u00a0entre la Direcci\u00f3n General de Prevenci\u00f3n, Extinci\u00f3n de Incendios y Salvamentos de Catalu\u00f1a de la Administraci\u00f3n de la Generalitat y el Conselh Generau d\u2019Aran anexo al acuerdo de traspaso en esta materia, de 14 de marzo de 1994.<\/li>\n<\/ul>\n<p>[\/vc_column_text][\/vc_column][\/vc_row]<\/p>\n ","protected":false},"excerpt":{"rendered":"<p>[vc_row el_position=\u00bbfirst\u00bb][vc_column][vc_single_image image=\u00bb2028&#8243; img_size=\u00bb940&#215;325&#8243; el_position=\u00bbfirst last\u00bb][\/vc_column][\/vc_row][vc_row][vc_column][vc_column_text] [\/vc_column_text][\/vc_column][\/vc_row][vc_row el_position=\u00bblast\u00bb][vc_column][vc_column_text el_position=\u00bbfirst\u00bb] Documentaci\u00f3n [\/vc_column_text][vc_column_text el_position=\u00bblast\u00bb]Decreto 170\/1994, del 14 de junio, de traspaso de servicios, medios y recursos de la Administraci\u00f3n de la Generalitat de Catalu\u00f1a al Conselh Generau de la Val d\u2019Aran en materia de salvamentos y extinci\u00f3n de incendios (DOGC 1925, de 25.07.1994). Convenio de colaboraci\u00f3n\u00a0entre la&#8230;<\/p>\n","protected":false},"author":1,"featured_media":0,"parent":266,"menu_order":0,"comment_status":"closed","ping_status":"closed","template":"page-onesidebar.php","meta":{"footnotes":""},"_links":{"self":[{"href":"https:\/\/www.conselharan.org\/es\/wp-json\/wp\/v2\/pages\/2179"}],"collection":[{"href":"https:\/\/www.conselharan.org\/es\/wp-json\/wp\/v2\/pages"}],"about":[{"href":"https:\/\/www.conselharan.org\/es\/wp-json\/wp\/v2\/types\/page"}],"author":[{"embeddable":true,"href":"https:\/\/www.conselharan.org\/es\/wp-json\/wp\/v2\/users\/1"}],"replies":[{"embeddable":true,"href":"https:\/\/www.conselharan.org\/es\/wp-json\/wp\/v2\/comments?post=2179"}],"version-history":[{"count":3,"href":"https:\/\/www.conselharan.org\/es\/wp-json\/wp\/v2\/pages\/2179\/revisions"}],"predecessor-version":[{"id":13509,"href":"https:\/\/www.conselharan.org\/es\/wp-json\/wp\/v2\/pages\/2179\/revisions\/13509"}],"up":[{"embeddable":true,"href":"https:\/\/www.conselharan.org\/es\/wp-json\/wp\/v2\/pages\/266"}],"wp:attachment":[{"href":"https:\/\/www.conselharan.org\/es\/wp-json\/wp\/v2\/media?parent=2179"}],"curies":[{"name":"wp","href":"https:\/\/api.w.org\/{rel}","templated":true}]}}