{"id":266,"date":"2013-02-22T08:38:37","date_gmt":"2013-02-22T07:38:37","guid":{"rendered":"http:\/\/www.conselharan.org\/competencies-2\/"},"modified":"2019-10-02T16:57:23","modified_gmt":"2019-10-02T14:57:23","slug":"competencies","status":"publish","type":"page","link":"https:\/\/www.conselharan.org\/es\/competencies\/","title":{"rendered":"Competencias"},"content":{"rendered":"<p>[vc_row el_position=\u00bbfirst\u00bb][vc_column][vc_single_image image=\u00bb30522&#8243; img_size=\u00bb940&#215;325&#8243; el_position=\u00bbfirst last\u00bb][\/vc_column][\/vc_row][vc_row][vc_column][vc_column_text] [\/vc_column_text][\/vc_column][\/vc_row][vc_row][vc_column width=\u00bb1\/2&#8243;][vc_column_text el_position=\u00bbfirst last\u00bb]<\/p>\n<ul>\n<li>Sanidad.<\/li>\n<li>Servicios sociales.<\/li>\n<li>Turismo.<\/li>\n<li>Protecci\u00f3n, mantenimiento y administraci\u00f3n de su patrimonio hist\u00f3rico y art\u00edstico.<\/li>\n<li>Protecci\u00f3n de la naturaleza, monta\u00f1a y v\u00edas forestales.<\/li>\n<li>Agricultura, ganado, pesca, caza y aprovechamientos forestales.<\/li>\n<li>Salvamientos y extinci\u00f3n de incendios.<\/li>\n<li>Juventud.<\/li>\n<\/ul>\n<p>[\/vc_column_text][\/vc_column][vc_column width=\u00bb1\/2&#8243;][vc_column_text el_position=\u00bbfirst last\u00bb]<\/p>\n<ul>\n<li>Ocio y tiempo libre.<\/li>\n<li>Deportes.<\/li>\n<li>Medio ambiente.<\/li>\n<li>Recogida y tratamiento de residuos s\u00f3lidos.<\/li>\n<li>Salubridad p\u00fablica.<\/li>\n<li>Carreterass locales.<\/li>\n<li>Transporte interior de viajeros.<\/li>\n<li>Artesan\u00eda.<\/li>\n<\/ul>\n<p>[\/vc_column_text][\/vc_column][\/vc_row][vc_row][vc_column][vc_column_text] [\/vc_column_text][\/vc_column][\/vc_row][vc_row][vc_column][vc_column_text el_position=\u00bbfirst last\u00bb]<\/p>\n<h1>Decretos y convenios<\/h1>\n<p>[\/vc_column_text][\/vc_column][\/vc_row][vc_row][vc_column][vc_column_text] [\/vc_column_text][\/vc_column][\/vc_row][vc_row][vc_column width=\u00bb1\/3&#8243; el_class=\u00bbbox-competencies\u00bb][vc_single_image image=\u00bb2083&#8243; img_size=\u00bb288&#215;206&#8243; el_position=\u00bbfirst\u00bb][vc_column_text el_class=\u00bbtexto-govern\u00bb el_position=\u00bblast\u00bb]<\/p>\n<p><strong><a href=\"\/?page_id=2155\">Comercio<\/a><\/strong><\/p>\n<p>[\/vc_column_text][\/vc_column][vc_column width=\u00bb1\/3&#8243; el_class=\u00bbbox-competencies\u00bb][vc_single_image image=\u00bb2113&#8243; img_size=\u00bb288&#215;206&#8243; el_position=\u00bbfirst\u00bb][vc_column_text el_class=\u00bbtexto-govern\u00bb el_position=\u00bblast\u00bb]<\/p>\n<p><a href=\"\/?page_id=2160\"><strong>Defensa de los consumidores y de los usuarios<\/strong><\/a><\/p>\n<p>[\/vc_column_text][\/vc_column][vc_column width=\u00bb1\/3&#8243; el_class=\u00bbbox-competencies\u00bb][vc_single_image image=\u00bb2122&#8243; img_size=\u00bb288&#215;206&#8243; el_position=\u00bbfirst\u00bb][vc_column_text el_class=\u00bbtexto-govern\u00bb el_position=\u00bblast\u00bb]<\/p>\n<p><a href=\"\/?page_id=289\"><strong>Pol\u00edtica ling\u00fc\u00edstica, promoci\u00f3n y difusi\u00f3n cultural, patrimonio cultural y s\u00edmbolos de las entidades locales<\/strong><\/a><\/p>\n<p>[\/vc_column_text][\/vc_column][\/vc_row][vc_row][vc_column][vc_column_text] [\/vc_column_text][\/vc_column][\/vc_row][vc_row][vc_column width=\u00bb1\/3&#8243; el_class=\u00bbbox-competencies\u00bb][vc_single_image image=\u00bb2132&#8243; img_size=\u00bb288&#215;206&#8243; el_position=\u00bbfirst\u00bb][vc_column_text el_class=\u00bbtexto-govern\u00bb el_position=\u00bblast\u00bb]<\/p>\n<p><a href=\"\/?page_id=2179\"><strong>Salvamento y extinci\u00f3n de incendios<\/strong><\/a><\/p>\n<p>[\/vc_column_text][\/vc_column][vc_column width=\u00bb1\/3&#8243; el_class=\u00bbbox-competencies\u00bb][vc_single_image image=\u00bb2137&#8243; img_size=\u00bb288&#215;206&#8243; el_position=\u00bbfirst\u00bb][vc_column_text el_class=\u00bbtexto-govern\u00bb el_position=\u00bblast\u00bb]<\/p>\n<p><a href=\"\/?page_id=2186\"><strong>Espacios protegidos, bosques, educaci\u00f3n ambiental, caza, pesca, prevenci\u00f3n de incendios, fauna, artesan\u00eda alimentaria y circulaci\u00f3n<\/strong><\/a><\/p>\n<p>[\/vc_column_text][\/vc_column][vc_column width=\u00bb1\/3&#8243; el_class=\u00bbbox-competencies\u00bb][vc_single_image image=\u00bb2146&#8243; img_size=\u00bb288&#215;206&#8243; el_position=\u00bbfirst\u00bb][vc_column_text el_class=\u00bbtexto-govern\u00bb el_position=\u00bblast\u00bb]<\/p>\n<p><a href=\"\/?page_id=2191\"><strong>Gesti\u00f3n de Servicios de Juventud, gesti\u00f3n de los albergues y funciones ejecutivas en materia de instalaciones juveniles<\/strong><\/a><\/p>\n<p>[\/vc_column_text][\/vc_column][\/vc_row][vc_row][vc_column][vc_column_text] [\/vc_column_text][\/vc_column][\/vc_row][vc_row][vc_column width=\u00bb1\/3&#8243; el_class=\u00bbbox-competencies\u00bb][vc_single_image image=\u00bb2258&#8243; img_size=\u00bb288&#215;206&#8243; el_position=\u00bbfirst\u00bb][vc_column_text el_class=\u00bbtexto-govern\u00bb el_position=\u00bblast\u00bb]<\/p>\n<p><a href=\"\/?page_id=284\"><strong>Promoci\u00f3n tur\u00edstica, alojamientos tur\u00edsticos, establecimientos de restauraci\u00f3n y empresas de deportes de aventura<\/strong><\/a><\/p>\n<p>[\/vc_column_text][\/vc_column][vc_column width=\u00bb1\/3&#8243; el_class=\u00bbbox-competencies\u00bb][vc_single_image image=\u00bb2279&#8243; img_size=\u00bb288&#215;206&#8243; el_position=\u00bbfirst\u00bb][vc_column_text el_class=\u00bbtexto-govern\u00bb el_position=\u00bblast\u00bb]<\/p>\n<p><a href=\"\/?page_id=279\"><strong>Prestaci\u00f3n de servicios sociales de atenci\u00f3n primaria y de atenci\u00f3n a la gente mayor<\/strong><\/a><\/p>\n<p>[\/vc_column_text][\/vc_column][vc_column width=\u00bb1\/3&#8243; el_class=\u00bbbox-competencies\u00bb][vc_single_image image=\u00bb2284&#8243; img_size=\u00bb288&#215;206&#8243; el_position=\u00bbfirst\u00bb][vc_column_text el_class=\u00bbtexto-govern\u00bb el_position=\u00bblast\u00bb]<\/p>\n<p><a href=\"\/?page_id=2221\"><strong>Servicios interiores de viajeros por carretera, infraestructuras viarias, transportes, mantenimiento y \u00a0marquesinas de espera<\/strong><\/a><\/p>\n<p>[\/vc_column_text][\/vc_column][\/vc_row][vc_row][vc_column][vc_column_text] [\/vc_column_text][\/vc_column][\/vc_row][vc_row][vc_column width=\u00bb1\/3&#8243; el_class=\u00bbbox-competencies\u00bb][vc_single_image image=\u00bb2293&#8243; img_size=\u00bb288&#215;206&#8243; el_position=\u00bbfirst\u00bb][vc_column_text el_class=\u00bbtexto-govern\u00bb el_position=\u00bblast\u00bb]<\/p>\n<p><a href=\"\/?page_id=2228\"><strong>Producci\u00f3n de libros en aran\u00e9s, formaci\u00f3n de profesorado en la lengua aranesa, comedor, transporte escolar y formaci\u00f3n ocupacional<\/strong><\/a><\/p>\n<p>[\/vc_column_text][\/vc_column][vc_column width=\u00bb1\/3&#8243; el_class=\u00bbbox-competencies\u00bb][vc_single_image image=\u00bb2306&#8243; img_size=\u00bb288&#215;206&#8243; el_position=\u00bbfirst\u00bb][vc_column_text el_class=\u00bbtexto-govern\u00bb el_position=\u00bblast\u00bb]<\/p>\n<p><a href=\"\/?page_id=2234\"><strong>Funciones que realiza la Oficina Comarcal del Departamento de Agricultura, Ganader\u00eda y Pesca en la Val d&#8217;Aran<\/strong><\/a><\/p>\n<p>[\/vc_column_text][\/vc_column][vc_column width=\u00bb1\/3&#8243; el_class=\u00bbbox-competencies\u00bb][vc_single_image image=\u00bb2311&#8243; img_size=\u00bb288&#215;206&#8243; el_position=\u00bbfirst\u00bb][vc_column_text el_class=\u00bbtexto-govern\u00bb el_position=\u00bblast\u00bb]<\/p>\n<p><a href=\"\/?page_id=273\"><strong>Gesti\u00f3n del sistema sanitario p\u00fablico en el \u00e1mbito territorial de la Val d&#8217;Aran<\/strong><\/a><\/p>\n<p>[\/vc_column_text][\/vc_column][\/vc_row][vc_row][vc_column][vc_column_text] [\/vc_column_text][\/vc_column][\/vc_row][vc_row el_position=\u00bblast\u00bb][vc_column width=\u00bb1\/3&#8243; el_class=\u00bbbox-competencies\u00bb][vc_single_image image=\u00bb2316&#8243; img_size=\u00bb288&#215;206&#8243; el_position=\u00bbfirst\u00bb][vc_column_text el_class=\u00bbtexto-govern\u00bb el_position=\u00bblast\u00bb]<\/p>\n<p><a href=\"\/?page_id=2251\"><strong>Organizaci\u00f3n del territorio y urbanismo<\/strong><\/a><\/p>\n<p>[\/vc_column_text][\/vc_column][vc_column width=\u00bb1\/3&#8243;][vc_column_text] [\/vc_column_text][\/vc_column][vc_column width=\u00bb1\/3&#8243;][vc_column_text] [\/vc_column_text][\/vc_column][\/vc_row]<\/p>\n ","protected":false},"excerpt":{"rendered":"<p>[vc_row el_position=\u00bbfirst\u00bb][vc_column][vc_single_image image=\u00bb30522&#8243; img_size=\u00bb940&#215;325&#8243; el_position=\u00bbfirst last\u00bb][\/vc_column][\/vc_row][vc_row][vc_column][vc_column_text] [\/vc_column_text][\/vc_column][\/vc_row][vc_row][vc_column width=\u00bb1\/2&#8243;][vc_column_text el_position=\u00bbfirst last\u00bb] Sanidad. Servicios sociales. Turismo. Protecci\u00f3n, mantenimiento y administraci\u00f3n de su patrimonio hist\u00f3rico y art\u00edstico. Protecci\u00f3n de la naturaleza, monta\u00f1a y v\u00edas forestales. Agricultura, ganado, pesca, caza y aprovechamientos forestales. Salvamientos y extinci\u00f3n de incendios. Juventud. [\/vc_column_text][\/vc_column][vc_column width=\u00bb1\/2&#8243;][vc_column_text el_position=\u00bbfirst last\u00bb] Ocio y tiempo libre. Deportes. Medio&#8230;<\/p>\n","protected":false},"author":1,"featured_media":30528,"parent":0,"menu_order":2,"comment_status":"open","ping_status":"closed","template":"page-onesidebar.php","meta":{"footnotes":""},"_links":{"self":[{"href":"https:\/\/www.conselharan.org\/es\/wp-json\/wp\/v2\/pages\/266"}],"collection":[{"href":"https:\/\/www.conselharan.org\/es\/wp-json\/wp\/v2\/pages"}],"about":[{"href":"https:\/\/www.conselharan.org\/es\/wp-json\/wp\/v2\/types\/page"}],"author":[{"embeddable":true,"href":"https:\/\/www.conselharan.org\/es\/wp-json\/wp\/v2\/users\/1"}],"replies":[{"embeddable":true,"href":"https:\/\/www.conselharan.org\/es\/wp-json\/wp\/v2\/comments?post=266"}],"version-history":[{"count":48,"href":"https:\/\/www.conselharan.org\/es\/wp-json\/wp\/v2\/pages\/266\/revisions"}],"predecessor-version":[{"id":30525,"href":"https:\/\/www.conselharan.org\/es\/wp-json\/wp\/v2\/pages\/266\/revisions\/30525"}],"wp:featuredmedia":[{"embeddable":true,"href":"https:\/\/www.conselharan.org\/es\/wp-json\/wp\/v2\/media\/30528"}],"wp:attachment":[{"href":"https:\/\/www.conselharan.org\/es\/wp-json\/wp\/v2\/media?parent=266"}],"curies":[{"name":"wp","href":"https:\/\/api.w.org\/{rel}","templated":true}]}}