{"id":279,"date":"2013-02-22T08:41:26","date_gmt":"2013-02-22T08:41:26","guid":{"rendered":"http:\/\/www.conselharan.org\/competencies\/servicis-sociaus\/"},"modified":"2016-08-18T18:52:42","modified_gmt":"2016-08-18T16:52:42","slug":"servicis-sociaus","status":"publish","type":"page","link":"https:\/\/www.conselharan.org\/es\/competencies\/servicis-sociaus\/","title":{"rendered":"Prestaci\u00f3n de servicios sociales de atenci\u00f3n primaria y de atenci\u00f3n a la gente mayor"},"content":{"rendered":"<p>[vc_row el_position=\u00bbfirst\u00bb][vc_column][vc_single_image image=\u00bb1861&#8243; img_size=\u00bb940&#215;325&#8243; el_position=\u00bbfirst last\u00bb][\/vc_column][\/vc_row][vc_row][vc_column][vc_column_text] [\/vc_column_text][\/vc_column][\/vc_row][vc_row el_position=\u00bblast\u00bb][vc_column][vc_column_text el_position=\u00bbfirst\u00bb]<\/p>\n<h1>Documentacion<\/h1>\n<p>[\/vc_column_text][vc_column_text el_position=\u00bblast\u00bb]<\/p>\n<div>\n<p><strong>Convenio de colaboraci\u00f3n<\/strong> entre el Departamento de Bienestar y Familia de la Generalitat de Catalu\u00f1a y el Conselh Generau de la Val d\u2019Aran para la realizaci\u00f3n del Plan territorial de ciudadan\u00eda e inmigraci\u00f3n de la Val d\u2019Aran. La cantidad que se aporta es de 30.000 euros (a\u00f1o 2005).<\/p>\n<p><a href=\"http:\/\/www.conselharan.org\/wp-content\/uploads\/2016\/08\/94269_1.pdf\"><strong><img loading=\"lazy\" decoding=\"async\" class=\"alignleft size-full wp-image-1752\" src=\"http:\/\/www.conselharan.org\/wp-content\/uploads\/2013\/07\/pdf.png\" alt=\"pdf\" width=\"32\" height=\"32\" \/>Decreto 302\/1997, de 25 de noviembre<\/strong><\/a>, de aprobaci\u00f3n del traspaso de los servicios sociales de atenci\u00f3n primaria al Conselh Generau d\u2019 Aran (DOGC 2528, de 28.01.1997).<\/p>\n<p><a href=\"http:\/\/www.conselharan.org\/wp-content\/uploads\/2016\/08\/2577CAT.pdf\"><strong><img loading=\"lazy\" decoding=\"async\" class=\"alignleft size-full wp-image-1752\" src=\"http:\/\/www.conselharan.org\/wp-content\/uploads\/2013\/07\/pdf.png\" alt=\"pdf\" width=\"32\" height=\"32\" \/>Acuerdo de Gobierno de la Generalitat de Catalunya, de 23 de diciembre de 1997<\/strong><\/a>, de delegaci\u00f3n de competencias en materia de servicios sociales de atenci\u00f3n a la gente mayor de la Administraci\u00f3n de la Generalitat al Conselh Generau d\u2019Aran (DOGC 2577, de 12.02.1998).<\/p>\n<p><strong><a href=\"http:\/\/www.conselharan.org\/wp-content\/uploads\/2016\/08\/327017_3.pdf\"><img loading=\"lazy\" decoding=\"async\" class=\"alignleft size-full wp-image-1752\" src=\"http:\/\/www.conselharan.org\/wp-content\/uploads\/2013\/07\/pdf.png\" alt=\"pdf\" width=\"32\" height=\"32\" \/>Decreto 285\/2003, de 4 de noviembre<\/a><\/strong>, de traspaso de competencias y servicios de la Generalitat de Catalu\u00f1a al Conselh Generau d\u2019Aran en materia de servicios sociales (DOGC 4018, de 26.11.2003).<\/p>\n<\/div>\n<p>[\/vc_column_text][\/vc_column][\/vc_row]<\/p>\n ","protected":false},"excerpt":{"rendered":"<p>[vc_row el_position=\u00bbfirst\u00bb][vc_column][vc_single_image image=\u00bb1861&#8243; img_size=\u00bb940&#215;325&#8243; el_position=\u00bbfirst last\u00bb][\/vc_column][\/vc_row][vc_row][vc_column][vc_column_text] [\/vc_column_text][\/vc_column][\/vc_row][vc_row el_position=\u00bblast\u00bb][vc_column][vc_column_text el_position=\u00bbfirst\u00bb] Documentacion [\/vc_column_text][vc_column_text el_position=\u00bblast\u00bb] Convenio de colaboraci\u00f3n entre el Departamento de Bienestar y Familia de la Generalitat de Catalu\u00f1a y el Conselh Generau de la Val d\u2019Aran para la realizaci\u00f3n del Plan territorial de ciudadan\u00eda e inmigraci\u00f3n de la Val d\u2019Aran. La cantidad que se aporta es&#8230;<\/p>\n","protected":false},"author":1,"featured_media":0,"parent":266,"menu_order":0,"comment_status":"open","ping_status":"open","template":"page-onesidebar.php","meta":{"footnotes":""},"_links":{"self":[{"href":"https:\/\/www.conselharan.org\/es\/wp-json\/wp\/v2\/pages\/279"}],"collection":[{"href":"https:\/\/www.conselharan.org\/es\/wp-json\/wp\/v2\/pages"}],"about":[{"href":"https:\/\/www.conselharan.org\/es\/wp-json\/wp\/v2\/types\/page"}],"author":[{"embeddable":true,"href":"https:\/\/www.conselharan.org\/es\/wp-json\/wp\/v2\/users\/1"}],"replies":[{"embeddable":true,"href":"https:\/\/www.conselharan.org\/es\/wp-json\/wp\/v2\/comments?post=279"}],"version-history":[{"count":14,"href":"https:\/\/www.conselharan.org\/es\/wp-json\/wp\/v2\/pages\/279\/revisions"}],"predecessor-version":[{"id":13576,"href":"https:\/\/www.conselharan.org\/es\/wp-json\/wp\/v2\/pages\/279\/revisions\/13576"}],"up":[{"embeddable":true,"href":"https:\/\/www.conselharan.org\/es\/wp-json\/wp\/v2\/pages\/266"}],"wp:attachment":[{"href":"https:\/\/www.conselharan.org\/es\/wp-json\/wp\/v2\/media?parent=279"}],"curies":[{"name":"wp","href":"https:\/\/api.w.org\/{rel}","templated":true}]}}