{"id":284,"date":"2013-02-22T08:43:55","date_gmt":"2013-02-22T08:43:55","guid":{"rendered":"http:\/\/www.conselharan.org\/competencies\/torisme\/"},"modified":"2016-08-18T17:16:36","modified_gmt":"2016-08-18T15:16:36","slug":"torisme","status":"publish","type":"page","link":"https:\/\/www.conselharan.org\/es\/competencies\/torisme\/","title":{"rendered":"Inspeccion de disciplina toristica e de procediment, promocion toristica, lotjaments toristics, establiments de restauracion e enterpreses d&#8217;esp\u00f2rts d&#8217;aventura"},"content":{"rendered":"<p>[vc_row el_position=\u00bbfirst\u00bb][vc_column][vc_single_image image=\u00bb1893&#8243; img_size=\u00bb940&#215;325&#8243; el_position=\u00bbfirst last\u00bb][\/vc_column][\/vc_row][vc_row][vc_column][vc_column_text] [\/vc_column_text][\/vc_column][\/vc_row][vc_row el_position=\u00bblast\u00bb][vc_column][vc_column_text el_position=\u00bbfirst\u00bb]<\/p>\n<h1>Documentacion<\/h1>\n<p>[\/vc_column_text][vc_column_text el_position=\u00bblast\u00bb]<\/p>\n<h4><a href=\"http:\/\/www.conselharan.org\/wp-content\/uploads\/2016\/08\/96483_1.pdf\"><img loading=\"lazy\" decoding=\"async\" class=\"alignleft size-full wp-image-1752\" src=\"http:\/\/www.conselharan.org\/wp-content\/uploads\/2013\/07\/pdf.png\" alt=\"pdf\" width=\"32\" height=\"32\" \/><\/a><\/h4>\n<div>\n<p><a href=\"http:\/\/www.conselharan.org\/wp-content\/uploads\/2016\/08\/96483_1.pdf\">Decr\u00e8t 298\/1997, de 4 de deseme<\/a>, de transfer\u00e9ncia de compet\u00e9ncies e servicis dera Generalitat de Catalonha ath Conselh Generau d&#8217;Aran en mat\u00e8ria de torisme (DOGC 2528, de 28.11.1997).<\/p>\n<p><a href=\"http:\/\/www.conselharan.org\/wp-content\/uploads\/2016\/08\/159667_2.pdf\"><img loading=\"lazy\" decoding=\"async\" class=\"alignleft size-full wp-image-1752\" src=\"http:\/\/www.conselharan.org\/wp-content\/uploads\/2013\/07\/pdf.png\" alt=\"pdf\" width=\"32\" height=\"32\" \/>Decr\u00e8t 176\/1999, de 29 de junh<\/a>, de transfer\u00e9ncia de servicis e foncions dera Generalitat de Catalonha ath Conselh Generau d&#8217;Aran en mat\u00e8ria de torisme (DOGC 2925, de 7.07.1999).<\/p>\n<p><a href=\"http:\/\/www.conselharan.org\/wp-content\/uploads\/2016\/08\/837948_3.pdf\"><img loading=\"lazy\" decoding=\"async\" class=\"alignleft size-full wp-image-1752\" src=\"http:\/\/www.conselharan.org\/wp-content\/uploads\/2013\/07\/pdf.png\" alt=\"pdf\" width=\"32\" height=\"32\" \/>Decr\u00e8t 257\/2000, de 24 de junhs\u00e8ga<\/a>, de transfer\u00e9ncia de compet\u00e9ncies dera Generalitat de Catalonha ath Conselh Generau d&#8217;Aran en mat\u00e8ria de torisme (DOGC 3200, de 8.08.2000).<\/p>\n<\/div>\n<p>[\/vc_column_text][\/vc_column][\/vc_row]<\/p>\n ","protected":false},"excerpt":{"rendered":"<p>[vc_row el_position=\u00bbfirst\u00bb][vc_column][vc_single_image image=\u00bb1893&#8243; img_size=\u00bb940&#215;325&#8243; el_position=\u00bbfirst last\u00bb][\/vc_column][\/vc_row][vc_row][vc_column][vc_column_text] [\/vc_column_text][\/vc_column][\/vc_row][vc_row el_position=\u00bblast\u00bb][vc_column][vc_column_text el_position=\u00bbfirst\u00bb] Documentacion [\/vc_column_text][vc_column_text el_position=\u00bblast\u00bb] Decr\u00e8t 298\/1997, de 4 de deseme, de transfer\u00e9ncia de compet\u00e9ncies e servicis dera Generalitat de Catalonha ath Conselh Generau d&#8217;Aran en mat\u00e8ria de torisme (DOGC 2528, de 28.11.1997). Decr\u00e8t 176\/1999, de 29 de junh, de transfer\u00e9ncia de servicis e foncions dera Generalitat de&#8230;<\/p>\n","protected":false},"author":1,"featured_media":0,"parent":266,"menu_order":0,"comment_status":"open","ping_status":"open","template":"page-onesidebar.php","meta":{"footnotes":""},"_links":{"self":[{"href":"https:\/\/www.conselharan.org\/es\/wp-json\/wp\/v2\/pages\/284"}],"collection":[{"href":"https:\/\/www.conselharan.org\/es\/wp-json\/wp\/v2\/pages"}],"about":[{"href":"https:\/\/www.conselharan.org\/es\/wp-json\/wp\/v2\/types\/page"}],"author":[{"embeddable":true,"href":"https:\/\/www.conselharan.org\/es\/wp-json\/wp\/v2\/users\/1"}],"replies":[{"embeddable":true,"href":"https:\/\/www.conselharan.org\/es\/wp-json\/wp\/v2\/comments?post=284"}],"version-history":[{"count":14,"href":"https:\/\/www.conselharan.org\/es\/wp-json\/wp\/v2\/pages\/284\/revisions"}],"predecessor-version":[{"id":13564,"href":"https:\/\/www.conselharan.org\/es\/wp-json\/wp\/v2\/pages\/284\/revisions\/13564"}],"up":[{"embeddable":true,"href":"https:\/\/www.conselharan.org\/es\/wp-json\/wp\/v2\/pages\/266"}],"wp:attachment":[{"href":"https:\/\/www.conselharan.org\/es\/wp-json\/wp\/v2\/media?parent=284"}],"curies":[{"name":"wp","href":"https:\/\/api.w.org\/{rel}","templated":true}]}}