{"id":289,"date":"2013-02-22T08:45:35","date_gmt":"2013-02-22T08:45:35","guid":{"rendered":"http:\/\/www.conselharan.org\/competencies\/patrimoni\/"},"modified":"2016-08-17T19:52:29","modified_gmt":"2016-08-17T17:52:29","slug":"patrimoni","status":"publish","type":"page","link":"https:\/\/www.conselharan.org\/es\/competencies\/patrimoni\/","title":{"rendered":"Pol\u00edtica ling\u00fc\u00edstica, promoci\u00f3n y difusi\u00f3n cultural, patrimonio cultural y s\u00edmbolos de los entes locales"},"content":{"rendered":"<p>[vc_row el_position=\u00bbfirst\u00bb][vc_column][vc_single_image image=\u00bb1915&#8243; img_size=\u00bb940&#215;325&#8243; el_position=\u00bbfirst last\u00bb][\/vc_column][\/vc_row][vc_row][vc_column][vc_column_text] [\/vc_column_text][\/vc_column][\/vc_row][vc_row el_position=\u00bblast\u00bb][vc_column][vc_column_text el_position=\u00bbfirst\u00bb]<\/p>\n<h1>Documentacion<\/h1>\n<p>[\/vc_column_text][vc_column_text el_position=\u00bblast\u00bb]<a href=\"http:\/\/www.conselharan.org\/wp-content\/uploads\/2016\/08\/37903_1.pdf\"><img loading=\"lazy\" decoding=\"async\" class=\"alignleft size-full wp-image-1752\" src=\"http:\/\/www.conselharan.org\/wp-content\/uploads\/2013\/07\/pdf.png\" alt=\"pdf\" width=\"32\" height=\"32\" \/>Decr\u00e8t 305\/1992, de 4 de diciembre<\/a>, de transferencia de competencias y servicios de la Generalitat de Catalunya al Conselh Generau d&#8217;Aran en materia de cultura. (DOGC 1688, de 30.12.1992).<\/p>\n<p><a href=\"http:\/\/www.conselharan.org\/wp-content\/uploads\/2016\/08\/94796_2.pdf\"><img loading=\"lazy\" decoding=\"async\" class=\"alignleft size-full wp-image-1752\" src=\"http:\/\/www.conselharan.org\/wp-content\/uploads\/2013\/07\/pdf.png\" alt=\"pdf\" width=\"32\" height=\"32\" \/>Decr\u00e8t 291\/1997, de 11 de noviembre<\/a>, de aumento de los medios transferidos por la Generalitat de Catalunya al Conselh Generau de Ar\u00e1n en materia de cultura (DOGC 2520, de 18.11.1997).<\/p>\n<p><a href=\"http:\/\/www.conselharan.org\/wp-content\/uploads\/2016\/08\/314823_3.pdf\"><img loading=\"lazy\" decoding=\"async\" class=\"alignleft size-full wp-image-1752\" src=\"http:\/\/www.conselharan.org\/wp-content\/uploads\/2013\/07\/pdf.png\" alt=\"pdf\" width=\"32\" height=\"32\" \/>Decr\u00e8t 352\/2002, de 24 de diciembre<\/a>, de transferencia de competencias de la Generalitat de Catalunya al Conselh Generau d\u2019Aran en materia de s\u00edmbolos de las entidades locales (DOGC 3795, de 08.01.2003).[\/vc_column_text][\/vc_column][\/vc_row]<\/p>\n ","protected":false},"excerpt":{"rendered":"<p>[vc_row el_position=\u00bbfirst\u00bb][vc_column][vc_single_image image=\u00bb1915&#8243; img_size=\u00bb940&#215;325&#8243; el_position=\u00bbfirst last\u00bb][\/vc_column][\/vc_row][vc_row][vc_column][vc_column_text] [\/vc_column_text][\/vc_column][\/vc_row][vc_row el_position=\u00bblast\u00bb][vc_column][vc_column_text el_position=\u00bbfirst\u00bb] Documentacion [\/vc_column_text][vc_column_text el_position=\u00bblast\u00bb]Decr\u00e8t 305\/1992, de 4 de diciembre, de transferencia de competencias y servicios de la Generalitat de Catalunya al Conselh Generau d&#8217;Aran en materia de cultura. (DOGC 1688, de 30.12.1992). Decr\u00e8t 291\/1997, de 11 de noviembre, de aumento de los medios transferidos por la Generalitat&#8230;<\/p>\n","protected":false},"author":1,"featured_media":0,"parent":266,"menu_order":0,"comment_status":"open","ping_status":"open","template":"page-onesidebar.php","meta":{"footnotes":""},"_links":{"self":[{"href":"https:\/\/www.conselharan.org\/es\/wp-json\/wp\/v2\/pages\/289"}],"collection":[{"href":"https:\/\/www.conselharan.org\/es\/wp-json\/wp\/v2\/pages"}],"about":[{"href":"https:\/\/www.conselharan.org\/es\/wp-json\/wp\/v2\/types\/page"}],"author":[{"embeddable":true,"href":"https:\/\/www.conselharan.org\/es\/wp-json\/wp\/v2\/users\/1"}],"replies":[{"embeddable":true,"href":"https:\/\/www.conselharan.org\/es\/wp-json\/wp\/v2\/comments?post=289"}],"version-history":[{"count":11,"href":"https:\/\/www.conselharan.org\/es\/wp-json\/wp\/v2\/pages\/289\/revisions"}],"predecessor-version":[{"id":13506,"href":"https:\/\/www.conselharan.org\/es\/wp-json\/wp\/v2\/pages\/289\/revisions\/13506"}],"up":[{"embeddable":true,"href":"https:\/\/www.conselharan.org\/es\/wp-json\/wp\/v2\/pages\/266"}],"wp:attachment":[{"href":"https:\/\/www.conselharan.org\/es\/wp-json\/wp\/v2\/media?parent=289"}],"curies":[{"name":"wp","href":"https:\/\/api.w.org\/{rel}","templated":true}]}}