{"id":29628,"date":"2019-07-29T15:36:33","date_gmt":"2019-07-29T13:36:33","guid":{"rendered":"https:\/\/www.conselharan.org\/comunicat-licencia-pesca\/"},"modified":"2019-07-29T15:52:07","modified_gmt":"2019-07-29T13:52:07","slug":"comunicat-licencia-pesca","status":"publish","type":"page","link":"https:\/\/www.conselharan.org\/es\/comunicat-licencia-pesca\/","title":{"rendered":"Comunicado"},"content":{"rendered":"<p>[vc_row][vc_column width=\u00bb2\/3&#8243;][vc_column_text]Con motivo de la interposici\u00f3n por parte de la Generalitat de Catalunya de recurso contencioso administrativo en contra de la aprobaci\u00f3n de la Ordenanza fiscal num.4 reguladora de la tasa para la expedici\u00f3n de permisos, licencias y concursos de pesca recreativa en la Val d&#8217;Aran, el Tribunal Superior de Justicia de Catalunya ha adoptado como medida cautelar la suspensi\u00f3n del art\u00edculo 3 y de la disposici\u00f3n final segunda de la ordenanza, lo que afecta a que El Conselh Generau no puede expedir sus propias licencias.<\/p>\n<p><strong>En este sentido, las licencias se tendr\u00e1n que solicitar en la sede del Conselh Generau d&#8217;Aran.<\/strong>[\/vc_column_text][\/vc_column][vc_column width=\u00bb1\/3&#8243;][vc_single_image image=\u00bb27478&#8243; img_size=\u00bbfull\u00bb][\/vc_column][\/vc_row]<\/p>\n ","protected":false},"excerpt":{"rendered":"<p>[vc_row][vc_column width=\u00bb2\/3&#8243;][vc_column_text]Con motivo de la interposici\u00f3n por parte de la Generalitat de Catalunya de recurso contencioso administrativo en contra de la aprobaci\u00f3n de la Ordenanza fiscal num.4 reguladora de la tasa para la expedici\u00f3n de permisos, licencias y concursos de pesca recreativa en la Val d&#8217;Aran, el Tribunal Superior de Justicia de Catalunya ha adoptado&#8230;<\/p>\n","protected":false},"author":1,"featured_media":0,"parent":0,"menu_order":0,"comment_status":"closed","ping_status":"closed","template":"page-full.php","meta":{"footnotes":""},"_links":{"self":[{"href":"https:\/\/www.conselharan.org\/es\/wp-json\/wp\/v2\/pages\/29628"}],"collection":[{"href":"https:\/\/www.conselharan.org\/es\/wp-json\/wp\/v2\/pages"}],"about":[{"href":"https:\/\/www.conselharan.org\/es\/wp-json\/wp\/v2\/types\/page"}],"author":[{"embeddable":true,"href":"https:\/\/www.conselharan.org\/es\/wp-json\/wp\/v2\/users\/1"}],"replies":[{"embeddable":true,"href":"https:\/\/www.conselharan.org\/es\/wp-json\/wp\/v2\/comments?post=29628"}],"version-history":[{"count":3,"href":"https:\/\/www.conselharan.org\/es\/wp-json\/wp\/v2\/pages\/29628\/revisions"}],"predecessor-version":[{"id":29633,"href":"https:\/\/www.conselharan.org\/es\/wp-json\/wp\/v2\/pages\/29628\/revisions\/29633"}],"wp:attachment":[{"href":"https:\/\/www.conselharan.org\/es\/wp-json\/wp\/v2\/media?parent=29628"}],"curies":[{"name":"wp","href":"https:\/\/api.w.org\/{rel}","templated":true}]}}