{"id":31865,"date":"2020-01-29T12:56:23","date_gmt":"2020-01-29T11:56:23","guid":{"rendered":"https:\/\/www.conselharan.org\/?page_id=31865"},"modified":"2020-02-27T08:47:52","modified_gmt":"2020-02-27T07:47:52","slug":"boletin-de-subvenciones-local","status":"publish","type":"page","link":"https:\/\/www.conselharan.org\/es\/promocion-economica\/boletin-de-subvenciones-local\/","title":{"rendered":"Bolet\u00edn de subvenciones local"},"content":{"rendered":"<p>[vc_row][vc_column][vc_column_text]D\u00e1ndose de alta en el servicio recibir\u00e1 diariamente un bolet\u00edn con la informaci\u00f3n solicitada, que se enviar\u00e1 por correo electr\u00f3nico a la direcci\u00f3n e-mail proporcionada. Este bolet\u00edn es el resultado de una recopilaci\u00f3n exhaustiva de las convocatorias de financiaci\u00f3n (subvenciones, ayudas, premios, becas&#8230;) de procedencia p\u00fablica \u2013desde la administraci\u00f3n local hasta la comunitaria\u2013 y tambi\u00e9n de procedencia privada \u2013fundaciones, bancos, cajas, obra social de grandes empresas y multinacionales&#8230; \u2013 que puedan beneficiar a ciudadanos, asociaciones, empresas locales y otras entidades p\u00fablicas.<\/p>\n<p><a href=\"http:\/\/www.butlletilocaldesubvencions.com\/home.cgi?Id=Mzk1\">M<\/a><a href=\"https:\/\/www.acapa.cat\/\">\u00e1<\/a><a href=\"http:\/\/www.butlletilocaldesubvencions.com\/home.cgi?Id=Mzk1\">s informaci\u00f3n<\/a>[\/vc_column_text][\/vc_column][\/vc_row]<\/p>\n ","protected":false},"excerpt":{"rendered":"<p>[vc_row][vc_column][vc_column_text]D\u00e1ndose de alta en el servicio recibir\u00e1 diariamente un bolet\u00edn con la informaci\u00f3n solicitada, que se enviar\u00e1 por correo electr\u00f3nico a la direcci\u00f3n e-mail proporcionada. Este bolet\u00edn es el resultado de una recopilaci\u00f3n exhaustiva de las convocatorias de financiaci\u00f3n (subvenciones, ayudas, premios, becas&#8230;) de procedencia p\u00fablica \u2013desde la administraci\u00f3n local hasta la comunitaria\u2013 y tambi\u00e9n&#8230;<\/p>\n","protected":false},"author":8,"featured_media":0,"parent":31805,"menu_order":0,"comment_status":"closed","ping_status":"closed","template":"page-full.php","meta":{"footnotes":""},"_links":{"self":[{"href":"https:\/\/www.conselharan.org\/es\/wp-json\/wp\/v2\/pages\/31865"}],"collection":[{"href":"https:\/\/www.conselharan.org\/es\/wp-json\/wp\/v2\/pages"}],"about":[{"href":"https:\/\/www.conselharan.org\/es\/wp-json\/wp\/v2\/types\/page"}],"author":[{"embeddable":true,"href":"https:\/\/www.conselharan.org\/es\/wp-json\/wp\/v2\/users\/8"}],"replies":[{"embeddable":true,"href":"https:\/\/www.conselharan.org\/es\/wp-json\/wp\/v2\/comments?post=31865"}],"version-history":[{"count":4,"href":"https:\/\/www.conselharan.org\/es\/wp-json\/wp\/v2\/pages\/31865\/revisions"}],"predecessor-version":[{"id":32427,"href":"https:\/\/www.conselharan.org\/es\/wp-json\/wp\/v2\/pages\/31865\/revisions\/32427"}],"up":[{"embeddable":true,"href":"https:\/\/www.conselharan.org\/es\/wp-json\/wp\/v2\/pages\/31805"}],"wp:attachment":[{"href":"https:\/\/www.conselharan.org\/es\/wp-json\/wp\/v2\/media?parent=31865"}],"curies":[{"name":"wp","href":"https:\/\/api.w.org\/{rel}","templated":true}]}}