{"id":31875,"date":"2020-01-29T13:02:42","date_gmt":"2020-01-29T12:02:42","guid":{"rendered":"https:\/\/www.conselharan.org\/?page_id=31875"},"modified":"2020-02-27T08:49:18","modified_gmt":"2020-02-27T07:49:18","slug":"leader","status":"publish","type":"page","link":"https:\/\/www.conselharan.org\/es\/promocion-economica\/leader\/","title":{"rendered":"Leader"},"content":{"rendered":"<p>[vc_row css=\u00bb.vc_custom_1469520409518{margin-top: 30px !important;}\u00bb][vc_column][vc_row_inner][vc_column_inner][vc_column_text]<\/p>\n<h2 style=\"text-align: left;\">Consorcio Leader Pirineo Occidental<\/h2>\n<div id=\"gtx-trans\" style=\"position: absolute; left: 87px; top: 51.9063px;\">\n<div class=\"gtx-trans-icon\"><\/div>\n<\/div>\n<p>[\/vc_column_text][\/vc_column_inner][\/vc_row_inner][\/vc_column][\/vc_row][vc_row][vc_column][vc_column_text]Las ayudas Leader pretenden fomentar la realizaci\u00f3n de inversiones que generan actividad econ\u00f3mica con acciones dirigidas a la reactivaci\u00f3n econ\u00f3mica y a la creaci\u00f3n de ocupaci\u00f3n.<\/p>\n<p>Estas ayudas van destinadas a microempresas y pymes, cooperativas, asociaciones o fundaciones que realizan acciones productivas.<\/p>\n<p>El territorio objeto de la acci\u00f3n del Consorcio Leader Pirineo Occidental engloba las comarcas de Alta Ribagor\u00e7a, Pallars Juss\u00e0, Pallars Sobir\u00e0 y Val d\u2019Aran. Este territorio est\u00e1 situado en la zona m\u00e1s septentrional del Pirineo catal\u00e1n, y se caracteriza por una orograf\u00eda monta\u00f1osa compleja. La disposici\u00f3n del territorio de monta\u00f1a presenta una estructura socioecon\u00f3mica espec\u00edfica y diferenciada.[\/vc_column_text][\/vc_column][\/vc_row][vc_row][vc_column width=\u00bb1\/2&#8243;][vc_column_text]<strong>L\u00edneas de ayuda:<\/strong><\/p>\n<p>Personas f\u00edsicas o jur\u00eddicas<\/p>\n<ul>\n<li>Microempresas y Pymes<\/li>\n<li>Cooperativas<\/li>\n<li>Asociaciones o fundaciones para entidades p\u00fablicas en menos de un 25%<\/li>\n<\/ul>\n<p>Que realizan inversiones en:<\/p>\n<p>a) Empresas que transforman y\/o comercializan productos agroalimentarios (en caso que los productos agroalimentarios est\u00e9n incluidos en el Anexo E del Tratado de funcionamiento de la UE, tendr\u00e1n que realizar una inversi\u00f3n elegible, a efectos de esta orden, inferiores a 250.000 euros).<\/p>\n<p>b) Emprendimientos no agroalimentarios. [\/vc_column_text][\/vc_column][vc_column width=\u00bb1\/2&#8243;][vc_column_text]<strong>De naturaleza p\u00fablica:<\/strong><\/p>\n<p>Personas de naturaleza p\u00fablica con sede en Catalu\u00f1a.<\/p>\n<ul>\n<li>Ayuntamientos.<\/li>\n<li>Consejos comarcales.<\/li>\n<li>Entidades Municipales Descentralizadas.<\/li>\n<\/ul>\n<p>Consorcios, asociaciones y fundaciones o empresas p\u00fablicas participadas por entidades locales (igual o superior a un 25%).<\/p>\n<p>Que realizan inversiones en:<\/p>\n<ul>\n<li>Recuperaci\u00f3n del patrimonio cultural y natural.<\/li>\n<li>Infraestructuras p\u00fablicas para la mitigaci\u00f3n del cambio clim\u00e1tico.<\/li>\n<li>Infraestructuras que generan actividad econ\u00f3mica y ocupaci\u00f3n.<\/li>\n<\/ul>\n<p><a href=\"http:\/\/www.leaderpirineuoccidental.cat\/ajuts-leader\/convocatories\/\"><span style=\"font-size: medium;\">Convocatoria<\/span><\/a><\/p>\n<p><a href=\"http:\/\/www.leaderpirineuoccidental.cat\/ajuts-leader\/\">M<\/a><a href=\"https:\/\/www.acapa.cat\/\">\u00e1<\/a><a href=\"http:\/\/www.leaderpirineuoccidental.cat\/ajuts-leader\/\">s informaci\u00f3n<\/a>[\/vc_column_text][\/vc_column][\/vc_row]<\/p>\n ","protected":false},"excerpt":{"rendered":"<p>[vc_row css=\u00bb.vc_custom_1469520409518{margin-top: 30px !important;}\u00bb][vc_column][vc_row_inner][vc_column_inner][vc_column_text] Consorcio Leader Pirineo Occidental [\/vc_column_text][\/vc_column_inner][\/vc_row_inner][\/vc_column][\/vc_row][vc_row][vc_column][vc_column_text]Las ayudas Leader pretenden fomentar la realizaci\u00f3n de inversiones que generan actividad econ\u00f3mica con acciones dirigidas a la reactivaci\u00f3n econ\u00f3mica y a la creaci\u00f3n de ocupaci\u00f3n. Estas ayudas van destinadas a microempresas y pymes, cooperativas, asociaciones o fundaciones que realizan acciones productivas. El territorio objeto de la&#8230;<\/p>\n","protected":false},"author":8,"featured_media":0,"parent":31805,"menu_order":0,"comment_status":"closed","ping_status":"closed","template":"page-full.php","meta":{"footnotes":""},"_links":{"self":[{"href":"https:\/\/www.conselharan.org\/es\/wp-json\/wp\/v2\/pages\/31875"}],"collection":[{"href":"https:\/\/www.conselharan.org\/es\/wp-json\/wp\/v2\/pages"}],"about":[{"href":"https:\/\/www.conselharan.org\/es\/wp-json\/wp\/v2\/types\/page"}],"author":[{"embeddable":true,"href":"https:\/\/www.conselharan.org\/es\/wp-json\/wp\/v2\/users\/8"}],"replies":[{"embeddable":true,"href":"https:\/\/www.conselharan.org\/es\/wp-json\/wp\/v2\/comments?post=31875"}],"version-history":[{"count":4,"href":"https:\/\/www.conselharan.org\/es\/wp-json\/wp\/v2\/pages\/31875\/revisions"}],"predecessor-version":[{"id":32428,"href":"https:\/\/www.conselharan.org\/es\/wp-json\/wp\/v2\/pages\/31875\/revisions\/32428"}],"up":[{"embeddable":true,"href":"https:\/\/www.conselharan.org\/es\/wp-json\/wp\/v2\/pages\/31805"}],"wp:attachment":[{"href":"https:\/\/www.conselharan.org\/es\/wp-json\/wp\/v2\/media?parent=31875"}],"curies":[{"name":"wp","href":"https:\/\/api.w.org\/{rel}","templated":true}]}}