{"id":31881,"date":"2020-01-29T16:43:18","date_gmt":"2020-01-29T15:43:18","guid":{"rendered":"https:\/\/www.conselharan.org\/?page_id=31881"},"modified":"2020-02-27T08:49:25","modified_gmt":"2020-02-27T07:49:25","slug":"cei-val-daran","status":"publish","type":"page","link":"https:\/\/www.conselharan.org\/es\/promocion-economica\/cei-val-daran\/","title":{"rendered":"CEI VAL D\u2019ARAN"},"content":{"rendered":"<p>[vc_row css=\u00bb.vc_custom_1469520409518{margin-top: 30px !important;}\u00bb][vc_column][vc_row_inner][vc_column_inner][vc_column_text]<\/p>\n<h2 style=\"text-align: left;\">Centro de Empresas Innovadoras<\/h2>\n<div id=\"gtx-trans\" style=\"position: absolute; left: -50px; top: 43.2656px;\">\n<div class=\"gtx-trans-icon\"><\/div>\n<\/div>\n<p>[\/vc_column_text][\/vc_column_inner][\/vc_row_inner][\/vc_column][\/vc_row][vc_row][vc_column][vc_column_text]Es un equipamiento destinado a la ubicaci\u00f3n de nuevas actividades empresariales que acoge en sus instalaciones empresas innovadoras o relacionadas con las nuevas tecnolog\u00edas.<\/p>\n<p>Al mismo tiempo que se sostiene al tejido empresarial del territorio mediante la transferencia tecnol\u00f3gica y la mejora de las redes de cooperaci\u00f3n entre las empresas del territorio.<\/p>\n<p>El CEI de la Val d\u2019Aran est\u00e1 situado en la direcci\u00f3n Pla\u00e7a Naua, 1 de Casau y cuenta con unas instalaciones de m\u00e1s de 950 m2 a disposici\u00f3n de los emprendedores, adem\u00e1s de sala de formaci\u00f3n, sala polivalente, 4 salas de reuniones, 9 locales y un office.[\/vc_column_text][\/vc_column][\/vc_row][vc_row][vc_column][vc_row_inner][vc_column_inner][vc_column_text]<\/p>\n<p style=\"text-align: left;\"><a href=\"https:\/\/www.ceivaldaran.org\/\">M<\/a><a href=\"https:\/\/www.acapa.cat\/\">\u00e1<\/a><a href=\"https:\/\/www.ceivaldaran.org\/\">s informaci\u00f3n<\/a><\/p>\n<div id=\"gtx-trans\" style=\"position: absolute; left: 15px; top: 38px;\">\n<div class=\"gtx-trans-icon\"><\/div>\n<\/div>\n<p>[\/vc_column_text][\/vc_column_inner][\/vc_row_inner][\/vc_column][\/vc_row]<\/p>\n ","protected":false},"excerpt":{"rendered":"<p>[vc_row css=\u00bb.vc_custom_1469520409518{margin-top: 30px !important;}\u00bb][vc_column][vc_row_inner][vc_column_inner][vc_column_text] Centro de Empresas Innovadoras [\/vc_column_text][\/vc_column_inner][\/vc_row_inner][\/vc_column][\/vc_row][vc_row][vc_column][vc_column_text]Es un equipamiento destinado a la ubicaci\u00f3n de nuevas actividades empresariales que acoge en sus instalaciones empresas innovadoras o relacionadas con las nuevas tecnolog\u00edas. Al mismo tiempo que se sostiene al tejido empresarial del territorio mediante la transferencia tecnol\u00f3gica y la mejora de las redes de cooperaci\u00f3n&#8230;<\/p>\n","protected":false},"author":8,"featured_media":0,"parent":31805,"menu_order":0,"comment_status":"closed","ping_status":"closed","template":"page-full.php","meta":{"footnotes":""},"_links":{"self":[{"href":"https:\/\/www.conselharan.org\/es\/wp-json\/wp\/v2\/pages\/31881"}],"collection":[{"href":"https:\/\/www.conselharan.org\/es\/wp-json\/wp\/v2\/pages"}],"about":[{"href":"https:\/\/www.conselharan.org\/es\/wp-json\/wp\/v2\/types\/page"}],"author":[{"embeddable":true,"href":"https:\/\/www.conselharan.org\/es\/wp-json\/wp\/v2\/users\/8"}],"replies":[{"embeddable":true,"href":"https:\/\/www.conselharan.org\/es\/wp-json\/wp\/v2\/comments?post=31881"}],"version-history":[{"count":4,"href":"https:\/\/www.conselharan.org\/es\/wp-json\/wp\/v2\/pages\/31881\/revisions"}],"predecessor-version":[{"id":32429,"href":"https:\/\/www.conselharan.org\/es\/wp-json\/wp\/v2\/pages\/31881\/revisions\/32429"}],"up":[{"embeddable":true,"href":"https:\/\/www.conselharan.org\/es\/wp-json\/wp\/v2\/pages\/31805"}],"wp:attachment":[{"href":"https:\/\/www.conselharan.org\/es\/wp-json\/wp\/v2\/media?parent=31881"}],"curies":[{"name":"wp","href":"https:\/\/api.w.org\/{rel}","templated":true}]}}