{"id":31889,"date":"2020-01-29T19:01:49","date_gmt":"2020-01-29T18:01:49","guid":{"rendered":"https:\/\/www.conselharan.org\/?page_id=31889"},"modified":"2020-02-27T08:49:47","modified_gmt":"2020-02-27T07:49:47","slug":"reempresa","status":"publish","type":"page","link":"https:\/\/www.conselharan.org\/es\/promocion-economica\/reempresa\/","title":{"rendered":"Reempresa"},"content":{"rendered":"<p>[vc_row][vc_column width=\u00bb1\/2&#8243;][vc_column_text]Este es un nuevo modelo de crecimiento empresarial, un mecanismo profesional donde una o m\u00e1s personas reemprendedoras acceden a la propiedad de una empresa ya en funcionamiento, para hacerla crecer sin tener que pasar por la fase de crearla.<\/p>\n<p>En la mayor\u00eda de Pyme\u2019s, y en todas las empresas personales, este proceso significa asumir las tareas de direcci\u00f3n y gesti\u00f3n por parte de la persona reemprendedora.<\/p>\n<p>Al estructurarse mantienen todos los activos del emprendimiento y este contin\u00faa en funcionamiento, manteniendo puestos de trabajo, instalaciones, clientes y proveedores, y da valor a la toda la historia y al esfuerzo dedicado a la creaci\u00f3n y desarrollo inicial.[\/vc_column_text][\/vc_column][vc_column width=\u00bb1\/2&#8243;][vc_column_text]Adem\u00e1s, con el cese del emprendimiento se refuerza el tejido empresarial actual y futuro y se promueve un mercado susceptible de provocar crecimiento econ\u00f3mico.<\/p>\n<p>Es evidente que en el emprendimiento el funcionamiento ordinario tiene muchas m\u00e1s posibilidades y capacidades de generaci\u00f3n de recursos que una nueva empresa que empieza de cero, y evita la conflictividad y la judicializaci\u00f3n de los procesos empresariales de cierre. [\/vc_column_text][\/vc_column][\/vc_row][vc_row][vc_column][vc_row_inner][vc_column_inner][vc_column_text]<\/p>\n<p style=\"text-align: left;\"><a href=\"https:\/\/www.ceivaldaran.org\/\">M<\/a><a href=\"https:\/\/www.acapa.cat\/\">\u00e1<\/a><a href=\"https:\/\/www.ceivaldaran.org\/\">s informaci\u00f3n<\/a><\/p>\n<div id=\"gtx-trans\" style=\"position: absolute; left: 17px; top: -10px;\">\n<div class=\"gtx-trans-icon\"><\/div>\n<\/div>\n<p>[\/vc_column_text][\/vc_column_inner][\/vc_row_inner][\/vc_column][\/vc_row]<\/p>\n ","protected":false},"excerpt":{"rendered":"<p>[vc_row][vc_column width=\u00bb1\/2&#8243;][vc_column_text]Este es un nuevo modelo de crecimiento empresarial, un mecanismo profesional donde una o m\u00e1s personas reemprendedoras acceden a la propiedad de una empresa ya en funcionamiento, para hacerla crecer sin tener que pasar por la fase de crearla. En la mayor\u00eda de Pyme\u2019s, y en todas las empresas personales, este proceso significa asumir&#8230;<\/p>\n","protected":false},"author":8,"featured_media":0,"parent":31805,"menu_order":0,"comment_status":"closed","ping_status":"closed","template":"page-full.php","meta":{"footnotes":""},"_links":{"self":[{"href":"https:\/\/www.conselharan.org\/es\/wp-json\/wp\/v2\/pages\/31889"}],"collection":[{"href":"https:\/\/www.conselharan.org\/es\/wp-json\/wp\/v2\/pages"}],"about":[{"href":"https:\/\/www.conselharan.org\/es\/wp-json\/wp\/v2\/types\/page"}],"author":[{"embeddable":true,"href":"https:\/\/www.conselharan.org\/es\/wp-json\/wp\/v2\/users\/8"}],"replies":[{"embeddable":true,"href":"https:\/\/www.conselharan.org\/es\/wp-json\/wp\/v2\/comments?post=31889"}],"version-history":[{"count":4,"href":"https:\/\/www.conselharan.org\/es\/wp-json\/wp\/v2\/pages\/31889\/revisions"}],"predecessor-version":[{"id":32431,"href":"https:\/\/www.conselharan.org\/es\/wp-json\/wp\/v2\/pages\/31889\/revisions\/32431"}],"up":[{"embeddable":true,"href":"https:\/\/www.conselharan.org\/es\/wp-json\/wp\/v2\/pages\/31805"}],"wp:attachment":[{"href":"https:\/\/www.conselharan.org\/es\/wp-json\/wp\/v2\/media?parent=31889"}],"curies":[{"name":"wp","href":"https:\/\/api.w.org\/{rel}","templated":true}]}}