{"id":31894,"date":"2020-01-29T19:03:38","date_gmt":"2020-01-29T18:03:38","guid":{"rendered":"https:\/\/www.conselharan.org\/?page_id=31894"},"modified":"2020-01-29T19:03:38","modified_gmt":"2020-01-29T18:03:38","slug":"asesoramiento-al-emprendimiento","status":"publish","type":"page","link":"https:\/\/www.conselharan.org\/es\/promocion-economica\/asesoramiento-al-emprendimiento\/","title":{"rendered":"Asesoramiento al emprendimiento"},"content":{"rendered":"<p>[vc_row css=\u00bb.vc_custom_1469520409518{margin-top: 30px !important;}\u00bb][vc_column][vc_row_inner][vc_column_inner][vc_column_text]<\/p>\n<h2 style=\"text-align: left;\">Si tienes una idea de negocio y quieres crear tu propia empresa, dir\u00edgete al Servicio de Promoci\u00f3n Econ\u00f3mica, donde encontrar\u00e1s el apoyo necesario para ponerla en marcha<\/h2>\n<div id=\"gtx-trans\" style=\"position: absolute; left: -50px; top: 43.2656px;\">\n<div class=\"gtx-trans-icon\"><\/div>\n<\/div>\n<p>[\/vc_column_text][\/vc_column_inner][\/vc_row_inner][\/vc_column][\/vc_row][vc_row][vc_column][vc_column_text]Es el punto de atenci\u00f3n al emprendimiento quien se encarga de informar, orientar y asesorar a las empresas y particulares de los tr\u00e1mites a seguir para la creaci\u00f3n de nuevas empresas y a las ayudas existentes.<\/p>\n<p>El \u00e1rea de dinamizaci\u00f3n econ\u00f3mica est\u00e1 a disposici\u00f3n de todas las personas que quieran participar, con esp\u00edritu constructivo y actitud proactiva, al desarrollo comarcal.<\/p>\n<p>Dirigidnos cualquier propuesta, idea o sugerencia y os ayudaremos a desarrollarla.[\/vc_column_text][\/vc_column][\/vc_row]<\/p>\n ","protected":false},"excerpt":{"rendered":"<p>[vc_row css=\u00bb.vc_custom_1469520409518{margin-top: 30px !important;}\u00bb][vc_column][vc_row_inner][vc_column_inner][vc_column_text] Si tienes una idea de negocio y quieres crear tu propia empresa, dir\u00edgete al Servicio de Promoci\u00f3n Econ\u00f3mica, donde encontrar\u00e1s el apoyo necesario para ponerla en marcha [\/vc_column_text][\/vc_column_inner][\/vc_row_inner][\/vc_column][\/vc_row][vc_row][vc_column][vc_column_text]Es el punto de atenci\u00f3n al emprendimiento quien se encarga de informar, orientar y asesorar a las empresas y particulares de los tr\u00e1mites a&#8230;<\/p>\n","protected":false},"author":8,"featured_media":0,"parent":31805,"menu_order":0,"comment_status":"closed","ping_status":"closed","template":"page-full.php","meta":{"footnotes":""},"_links":{"self":[{"href":"https:\/\/www.conselharan.org\/es\/wp-json\/wp\/v2\/pages\/31894"}],"collection":[{"href":"https:\/\/www.conselharan.org\/es\/wp-json\/wp\/v2\/pages"}],"about":[{"href":"https:\/\/www.conselharan.org\/es\/wp-json\/wp\/v2\/types\/page"}],"author":[{"embeddable":true,"href":"https:\/\/www.conselharan.org\/es\/wp-json\/wp\/v2\/users\/8"}],"replies":[{"embeddable":true,"href":"https:\/\/www.conselharan.org\/es\/wp-json\/wp\/v2\/comments?post=31894"}],"version-history":[{"count":2,"href":"https:\/\/www.conselharan.org\/es\/wp-json\/wp\/v2\/pages\/31894\/revisions"}],"predecessor-version":[{"id":31946,"href":"https:\/\/www.conselharan.org\/es\/wp-json\/wp\/v2\/pages\/31894\/revisions\/31946"}],"up":[{"embeddable":true,"href":"https:\/\/www.conselharan.org\/es\/wp-json\/wp\/v2\/pages\/31805"}],"wp:attachment":[{"href":"https:\/\/www.conselharan.org\/es\/wp-json\/wp\/v2\/media?parent=31894"}],"curies":[{"name":"wp","href":"https:\/\/api.w.org\/{rel}","templated":true}]}}