{"id":34910,"date":"2020-07-13T11:54:33","date_gmt":"2020-07-13T09:54:33","guid":{"rendered":"https:\/\/www.conselharan.org\/agroalimentacion\/"},"modified":"2020-08-25T17:27:29","modified_gmt":"2020-08-25T15:27:29","slug":"agroalimentacion","status":"publish","type":"page","link":"https:\/\/www.conselharan.org\/es\/agroalimentacion\/","title":{"rendered":"Agroalimentaci\u00f3n"},"content":{"rendered":"<p>[vc_row][vc_column width=\u00bb1\/2&#8243;][vc_column_text css=\u00bb.vc_custom_1594638511798{margin-bottom: 0px !important;padding-top: 10px !important;padding-right: 10px !important;padding-bottom: 10px !important;padding-left: 10px !important;background-color: #de9600 !important;}\u00bb]<\/p>\n<h2>Grupo amarillo &#8211; Aurelio<\/h2>\n<p>[\/vc_column_text][vc_column_text css=\u00bb.vc_custom_1598369195353{border-top-width: 1px !important;border-right-width: 1px !important;border-bottom-width: 1px !important;border-left-width: 1px !important;padding-top: 10px !important;padding-right: 10px !important;padding-bottom: 10px !important;padding-left: 10px !important;border-left-color: #de9600 !important;border-left-style: solid !important;border-right-color: #de9600 !important;border-right-style: solid !important;border-top-color: #de9600 !important;border-top-style: solid !important;border-bottom-color: #de9600 !important;border-bottom-style: solid !important;}\u00bb el_class=\u00bbcaja-amarilla\u00bb]<\/p>\n<p>&nbsp;<\/p>\n<p><strong><span style=\"color: #de9600;\">FACTORES RELACIONALES<\/span><\/strong><\/p>\n<ul>\n<li>Potenciar la uni\u00f3n o asociaci\u00f3n del sector productivo<\/li>\n<\/ul>\n<p>&nbsp;<\/p>\n<p><span style=\"color: #de9600;\"><strong>ESTRATEGIA DE APOYO AL SECTOR PRODUCTIVO Y TRANSFORMADOR vinculado a la MARCA DE GARANT\u00cdA<\/strong><\/span><\/p>\n<ul>\n<li>Reorientar la marca de garant\u00eda para que sea m\u00e1s \u00fatil a los productores: gratuita inicialmente, proporcionada al tama\u00f1o del productor<\/li>\n<li>Marca de Garant\u00eda como herramienta de protecci\u00f3n de los productos del Valle<\/li>\n<li>Considerar h\u00e9roes a los productores actuales y tratar de ayudarles al m\u00e1ximo en sus necesidades<\/li>\n<li>Utilizar la marca de Garant\u00eda para lograr una alta calidad del producto local<\/li>\n<\/ul>\n<p>&nbsp;<\/p>\n<p><span style=\"color: #de9600;\"><strong>IMPULSO DE NUEVAS ESTRATEGIAS DE COMERCIALITZACI\u00d3N<\/strong><\/span><\/p>\n<ul>\n<li>Crear una plataforma de e-commerce para producto local desde la iniciativa privada<br \/>\n(garant\u00eda de compromiso, viabilidad y menor coste de dinero p\u00fablico)<\/li>\n<li>Adecuar la capacidad de producci\u00f3n y suministro a la demanda sin descartar ausencias planificadas por no ser capaces de atender puntas de demanda<\/li>\n<li>Suministrar al canal restauraci\u00f3n y tienda de producto del Valle<\/li>\n<li>Fomentar los mercados de producto del Valle para dar visibilidad y lograr una experiencia al visitante por su est\u00e9tica y atractivo<\/li>\n<\/ul>\n<p>&nbsp;<\/p>\n<p><span style=\"color: #de9600;\"><strong>APOYO AL EMPENDEDOR GANADERO, PRODUCTOR Y TRANSFORMADOR<\/strong><\/span><\/p>\n<ul>\n<li>Ofrecer ayudas, facilidades a las personas que quieran emprender en el sector agroalimentario: tierras, impuestos, canales comerciales, espacios como naves, obradores colectivos, etc.<\/li>\n<\/ul>\n<p>[\/vc_column_text][\/vc_column][vc_column width=\u00bb1\/2&#8243;][vc_column_text css=\u00bb.vc_custom_1594638531966{margin-bottom: 0px !important;padding-top: 10px !important;padding-right: 10px !important;padding-bottom: 10px !important;padding-left: 10px !important;background-color: #8ecbb2 !important;}\u00bb]<\/p>\n<h2>Grupo verde &#8211; S\u00edlvia i Clara<\/h2>\n<p>[\/vc_column_text][vc_column_text css=\u00bb.vc_custom_1598369207021{border-top-width: 1px !important;border-right-width: 1px !important;border-bottom-width: 1px !important;border-left-width: 1px !important;padding-top: 10px !important;padding-right: 10px !important;padding-bottom: 10px !important;padding-left: 10px !important;border-left-color: #8ecbb2 !important;border-left-style: solid !important;border-right-color: #8ecbb2 !important;border-right-style: solid !important;border-top-color: #8ecbb2 !important;border-top-style: solid !important;border-bottom-color: #8ecbb2 !important;border-bottom-style: solid !important;}\u00bb el_class=\u00bbcaja-verde\u00bb]<\/p>\n<p>&nbsp;<\/p>\n<p><span style=\"color: #8ecbb2;\"><b>FORMACI\u00d3N Y FOMENTO DE LA CULTURA PRODUCTIVA<\/b><\/span><\/p>\n<ul>\n<li>Ofrecer una formaci\u00f3n agr\u00edcola en la valle de ar\u00e1n<\/li>\n<li>Ver modelos de territorios vecinos<\/li>\n<li>(Colectivo en Bausen) aprovechar \/recuperar conocimiento personas del valle<\/li>\n<li>Er renacer el sentimiento de pueblo \u2013solidaridad<\/li>\n<li>Involucrar gente mayor del territorio<\/li>\n<li>Creaci\u00f3n de huertos comunitarios<\/li>\n<li>Crear una estrategia de futuro permacultura en los pueblos<\/li>\n<li>Poder impulsar una cooperativa del sector primario y de venta\/consumo<\/li>\n<li>Creaci\u00f3n de un viver<\/li>\n<\/ul>\n<p>&nbsp;<\/p>\n<p><span style=\"color: #8ecbb2;\"><b>ACCESO Y DISPONIBILIDAD DE TIERRAS<\/b><\/span><\/p>\n<ul>\n<li>Facilitar el acceso a la tierra<\/li>\n<li>Incentivos fiscales para las personas que arrienden las tierras<\/li>\n<li>Dar facilidades desde las admin. x activar las tierras y hacer de mediadores entre propietarios y potenciales arrendatarios<\/li>\n<li>Perdonar impuestos o medidas de discriminaci\u00f3n positiva para los propietarios que arrienden las tierras<\/li>\n<li>Crear una bolsa de tierras y que a trav\u00e9s de esta se gestionen las medidas anteriores<\/li>\n<\/ul>\n<p>&nbsp;<\/p>\n<p><span style=\"color: #8ecbb2;\"><b>NUEVAS PRODUCCIONES<\/b><\/span><\/p>\n<ul>\n<li>Explotar las potencialidades del clima de monta\u00f1a<\/li>\n<li>Gesti\u00f3n forestal y aprovechamiento del bosque &#8211; grande potencial \u2013 madera<\/li>\n<li>Aprovechar que en el valle se mantienen 4 estaciones diferenciadas<\/li>\n<li>Recogida selectiva de residuos org\u00e1nicos para la generaci\u00f3n de abono<\/li>\n<\/ul>\n<p>[\/vc_column_text][\/vc_column][\/vc_row][vc_row][vc_column width=\u00bb1\/2&#8243;][vc_column_text css=\u00bb.vc_custom_1594638549473{margin-bottom: 0px !important;padding-top: 10px !important;padding-right: 10px !important;padding-bottom: 10px !important;padding-left: 10px !important;background-color: #944894 !important;}\u00bb]<\/p>\n<h2>Grupo Lila &#8211; Anna i Clara<\/h2>\n<p>[\/vc_column_text][vc_column_text css=\u00bb.vc_custom_1598369227858{border-top-width: 1px !important;border-right-width: 1px !important;border-bottom-width: 1px !important;border-left-width: 1px !important;padding-top: 10px !important;padding-right: 10px !important;padding-bottom: 10px !important;padding-left: 10px !important;border-left-color: #944894 !important;border-left-style: solid !important;border-right-color: #944894 !important;border-right-style: solid !important;border-top-color: #944894 !important;border-top-style: solid !important;border-bottom-color: #944894 !important;border-bottom-style: solid !important;}\u00bb el_class=\u00bbcaja-lila\u00bb]<\/p>\n<p>&nbsp;<\/p>\n<p><span style=\"color: #944894;\"><strong>ACCESO Y DISPONIBILIDAD DE TIERRAS<\/strong><\/span><\/p>\n<ul>\n<li>Recuperaci\u00f3n de tierras<\/li>\n<li>Hacer un banco de tierras y hacer un servicio de intermediario para generar confianza<\/li>\n<\/ul>\n<p>&nbsp;<\/p>\n<p><strong><span style=\"color: #944894;\">ACOMPA\u00d1AMIENTO A EMPRESAS Y EMPRENDEDORES<\/span><\/strong><\/p>\n<ul>\n<li>Habr\u00eda que hacer formaci\u00f3n para el sector y a los emprendedores<\/li>\n<li>Crear un servicio de acompa\u00f1amiento a emprendedores agroalimentarios para hacer plan de empresa<\/li>\n<\/ul>\n<p>&nbsp;<\/p>\n<p><span style=\"color: #944894;\"><strong>ESTRATEGIA Y VALORES DE MARCA<\/strong><\/span><\/p>\n<ul>\n<li>La marca de garant\u00eda tendr\u00eda que evolucionar y adem\u00e1s de garantizar que est\u00e1 elaborado en el Aran tambi\u00e9n tendr\u00eda que garantizar calidad<\/li>\n<li>La marca de garant\u00eda tendr\u00eda que crear unos espacios de encuentro y trabajo conjunto para crear sinergias<\/li>\n<li>La marca no tendr\u00eda que marcar donde se venden los productos. har\u00eda falta que cada productor fije su estrategia comercial y que la marca le apoye<\/li>\n<li>Priorizar la producci\u00f3n ecol\u00f3gica y crear una marca verde<\/li>\n<li>Fomentar producci\u00f3n ecol\u00f3gica y envases sostenibles<\/li>\n<\/ul>\n<p>&nbsp;<\/p>\n<p><strong><span style=\"color: #944894;\">INTEGRACI\u00d3N DEL SECTOR<\/span><\/strong><\/p>\n<ul>\n<li>Crear un obrador comunitario &#8211; centro de transformaci\u00f3n. sobre todo para potenciar las nuevas actividades y consolidarse<\/li>\n<li>Que se pueda hacer una cooperativa de productores que sea la que lleve a cabo el centro de transformaci\u00f3n colectivo<\/li>\n<\/ul>\n<p>&nbsp;<\/p>\n<p><span style=\"color: #944894;\"><strong>ESTRATEGIAS GLOBALES CON INCIDENCIA EN EL SECTOR<\/strong><\/span><\/p>\n<ul>\n<li>Fijar poblaci\u00f3n puesto que en verano podr\u00edan trabajar al sector agroalimentario (recogida de fruta, etc.). a pesar de que habr\u00eda que trabajar el problema de la vivienda puesto que los alquileres son altos y movilidad<\/li>\n<\/ul>\n<p>&nbsp;<\/p>\n<p><span style=\"color: #944894;\"><strong>NUEVAS PRODUCCIONES<\/strong><\/span><\/p>\n<ul>\n<li>Aprovechar la carne de caza para generar productos agroalimentario y para la restauraci\u00f3n<\/li>\n<\/ul>\n<p>[\/vc_column_text][\/vc_column][vc_column width=\u00bb1\/2&#8243;][vc_column_text css=\u00bb.vc_custom_1594638559650{margin-bottom: 0px !important;padding-top: 10px !important;padding-right: 10px !important;padding-bottom: 10px !important;padding-left: 10px !important;background-color: #10737d !important;}\u00bb]<\/p>\n<h2>Grupo azul &#8211; Eva i Ruth<\/h2>\n<p>[\/vc_column_text][vc_column_text css=\u00bb.vc_custom_1598369245464{border-top-width: 1px !important;border-right-width: 1px !important;border-bottom-width: 1px !important;border-left-width: 1px !important;padding-top: 10px !important;padding-right: 10px !important;padding-bottom: 10px !important;padding-left: 10px !important;border-left-color: #10737d !important;border-left-style: solid !important;border-right-color: #10737d !important;border-right-style: solid !important;border-top-color: #10737d !important;border-top-style: solid !important;border-bottom-color: #10737d !important;border-bottom-style: solid !important;}\u00bb el_class=\u00bbcaja-azul\u00bb]<\/p>\n<p>&nbsp;<\/p>\n<p><strong><span style=\"color: #10737d;\">ACC\u00c9S I DISPONIBILIDAD DE TIERRAS<\/span><\/strong><\/p>\n<ul>\n<li>Acceso a tierras<\/li>\n<\/ul>\n<p>&nbsp;<\/p>\n<p><strong><span style=\"color: #10737d;\">ESTRATEGIA DE APOYO AL SECTOR PRODUCTIVO Y TRANSFORMADOR<\/span><\/strong><\/p>\n<ul>\n<li>Apoyo a la creaci\u00f3n de nuevas empresas y apoyo a las existente<\/li>\n<li>Identificaci\u00f3n de posibles estrategias comerciales compartidas<\/li>\n<li>An\u00e1lisis del mercado en el contexto de crisis: cambio de h\u00e1bitos de consumo y valores<\/li>\n<\/ul>\n<p>&nbsp;<\/p>\n<p><span style=\"color: #10737d;\"><strong>COMPATIBILIDAD URBAN\u00cdSTICA<\/strong><\/span><\/p>\n<ul>\n<li>Flexibilizaci\u00f3n urban\u00edstica para acoger (nuevas) instalaciones ganaderas<\/li>\n<\/ul>\n<p>&nbsp;<\/p>\n<p><span style=\"color: #10737d;\"><strong>INTEGRACI\u00d3N DEL SECTOR<\/strong><\/span><\/p>\n<ul>\n<li>Fortalecimiento de red entre productores, restauradores, comercios<\/li>\n<li>Cooperativismo (como herramienta de uni\u00f3n de intereses<\/li>\n<\/ul>\n<p>&nbsp;<\/p>\n<p><strong><span style=\"color: #10737d;\">DIGNIFICACI\u00d3N SECTOR GANADERO<\/span><\/strong><\/p>\n<ul>\n<li>Dignificar el sector ganadero<\/li>\n<\/ul>\n<p>&nbsp;<\/p>\n<p><span style=\"color: #10737d;\"><strong>NUEVAS PRODUCCIONES<\/strong><\/span><\/p>\n<ul>\n<li>Salida a la carne de caza<\/li>\n<\/ul>\n<p>[\/vc_column_text][\/vc_column][\/vc_row]<\/p>\n ","protected":false},"excerpt":{"rendered":"<p>[vc_row][vc_column width=\u00bb1\/2&#8243;][vc_column_text css=\u00bb.vc_custom_1594638511798{margin-bottom: 0px !important;padding-top: 10px !important;padding-right: 10px !important;padding-bottom: 10px !important;padding-left: 10px !important;background-color: #de9600 !important;}\u00bb] Grupo amarillo &#8211; Aurelio [\/vc_column_text][vc_column_text css=\u00bb.vc_custom_1598369195353{border-top-width: 1px !important;border-right-width: 1px !important;border-bottom-width: 1px !important;border-left-width: 1px !important;padding-top: 10px !important;padding-right: 10px !important;padding-bottom: 10px !important;padding-left: 10px !important;border-left-color: #de9600 !important;border-left-style: solid !important;border-right-color: #de9600 !important;border-right-style: solid !important;border-top-color: #de9600 !important;border-top-style: solid !important;border-bottom-color: #de9600 !important;border-bottom-style: solid !important;}\u00bb el_class=\u00bbcaja-amarilla\u00bb] &nbsp;&#8230;<\/p>\n","protected":false},"author":8,"featured_media":0,"parent":0,"menu_order":0,"comment_status":"closed","ping_status":"closed","template":"page-full.php","meta":{"footnotes":""},"_links":{"self":[{"href":"https:\/\/www.conselharan.org\/es\/wp-json\/wp\/v2\/pages\/34910"}],"collection":[{"href":"https:\/\/www.conselharan.org\/es\/wp-json\/wp\/v2\/pages"}],"about":[{"href":"https:\/\/www.conselharan.org\/es\/wp-json\/wp\/v2\/types\/page"}],"author":[{"embeddable":true,"href":"https:\/\/www.conselharan.org\/es\/wp-json\/wp\/v2\/users\/8"}],"replies":[{"embeddable":true,"href":"https:\/\/www.conselharan.org\/es\/wp-json\/wp\/v2\/comments?post=34910"}],"version-history":[{"count":9,"href":"https:\/\/www.conselharan.org\/es\/wp-json\/wp\/v2\/pages\/34910\/revisions"}],"predecessor-version":[{"id":35733,"href":"https:\/\/www.conselharan.org\/es\/wp-json\/wp\/v2\/pages\/34910\/revisions\/35733"}],"wp:attachment":[{"href":"https:\/\/www.conselharan.org\/es\/wp-json\/wp\/v2\/media?parent=34910"}],"curies":[{"name":"wp","href":"https:\/\/api.w.org\/{rel}","templated":true}]}}