{"id":34934,"date":"2020-07-13T18:49:50","date_gmt":"2020-07-13T16:49:50","guid":{"rendered":"https:\/\/www.conselharan.org\/?page_id=34934"},"modified":"2020-08-25T17:58:42","modified_gmt":"2020-08-25T15:58:42","slug":"economia-verde","status":"publish","type":"page","link":"https:\/\/www.conselharan.org\/es\/economia-verde\/","title":{"rendered":"Econom\u00eda Verde"},"content":{"rendered":"<p>[vc_row][vc_column width=\u00bb1\/2&#8243;][vc_column_text css=\u00bb.vc_custom_1594712500820{margin-bottom: 0px !important;padding-top: 10px !important;padding-right: 10px !important;padding-bottom: 10px !important;padding-left: 10px !important;background-color: #de9600 !important;}\u00bb]<\/p>\n<h2>Grupo Amarillo &#8211; Aurelio<\/h2>\n<p>[\/vc_column_text][vc_column_text css=\u00bb.vc_custom_1598371069141{border-top-width: 1px !important;border-right-width: 1px !important;border-bottom-width: 1px !important;border-left-width: 1px !important;padding-top: 10px !important;padding-right: 10px !important;padding-bottom: 10px !important;padding-left: 10px !important;border-left-color: #de9600 !important;border-left-style: solid !important;border-right-color: #de9600 !important;border-right-style: solid !important;border-top-color: #de9600 !important;border-top-style: solid !important;border-bottom-color: #de9600 !important;border-bottom-style: solid !important;}\u00bb el_class=\u00bbcaja-amarilla\u00bb]<\/p>\n<div style=\"height: 30px;\"><\/div>\n<h3><strong><span style=\"color: #de9600;\">ESTIMULAR LA DEMANDA DE ECONOM\u00cdA VERDE<\/span><\/strong><\/h3>\n<p>Iniciativa p\u00fablica de instalaci\u00f3n de caldera de biomasa de astillas en el hospital<\/p>\n<p><span style=\"color: #de9600;\"><strong><br \/>\nCONSTRUCCI\u00d3N CON MADERA<\/strong><\/span><\/p>\n<ul>\n<li>Modificar la normativa urban\u00edstica para que permita la construcci\u00f3n de casas de madera, con preferencia a las que se hagan con madera local<\/li>\n<li>Concienciaci\u00f3n social y regulaci\u00f3n p\u00fablica para fomentar los recursos locales por ejemplo madera en la construcci\u00f3n<\/li>\n<\/ul>\n<p><strong><span style=\"color: #de9600;\"><br \/>\nGESTI\u00d3N DE LOS RESIDUS<\/span><\/strong><\/p>\n<ul>\n<li>Compost: planificaci\u00f3n para crear un servicio p\u00fablico que acopie los residuos org\u00e1nicos y vegetales. Se requiere concienciaci\u00f3n y educaci\u00f3n de comunidad para hacer una clasificaci\u00f3n adecuada, se podr\u00eda hacer mejor con recogida puerta a puerta<\/li>\n<li>Abordar el reto de la clasificaci\u00f3n de los recursos orientado al compost en los grandes generadores: restaurantes, estaciones de esqu\u00ed, etc.<\/li>\n<li>Regulaci\u00f3n economica sobre la gesti\u00f3n del residuo que favorezca la acci\u00f3n ciudadana de selecci\u00f3n.<\/li>\n<li>Paga menos quien contribuye socialmente. Paga m\u00e1s quien no tenga compromiso social.<\/li>\n<\/ul>\n<div style=\"height: 30px;\"><\/div>\n<h3><strong><span style=\"color: #de9600;\">PROMOCI\u00d3N DE LA OFERTA DE SERVICIO DE ECONOMIA VERDA<\/span><\/strong><\/h3>\n<p><strong><span style=\"color: #de9600;\"><br \/>\nVALORIZACI\u00d3N DE LOS RECURSOS FORESTALES<\/span><\/strong><\/p>\n<ul>\n<li>Promover cultivos de bosque planificando y preparando sus cultivos: setas, frutos rojos, plantas medicinales, etc.<\/li>\n<li>Crear procesos de innovaci\u00f3n que contribuyan a evitar la dureza del trabajo a la vez que nos generan nuevas oportunidades<\/li>\n<li>Establecer sinergias con los gremios de la construcci\u00f3n para hacer aprovechamiento del recurso local<\/li>\n<li>Iniciativas empresariales para procesar el % de madera que no se genera de forma paralela al astillado<\/li>\n<\/ul>\n<p><strong><span style=\"color: #de9600;\"><br \/>\nVALORIZACI\u00d3N DE LOS RECURSOS NATURALES<\/span><\/strong><\/p>\n<ul>\n<li>Potenciar el cultivo y la comercializaci\u00f3n de la genciana por su viabilidad econ\u00f3mica y por la calidad, es viable a pesar de la dureza de su cultivo. El secado es dif\u00edcil en el propio Valle<\/li>\n<li>Promover la generaci\u00f3n de otras energ\u00edas renovables, por ejemplo la solar<\/li>\n<li>Promover cultivos en el bosque de otros productos: setas, frutos rojos de bosque, plantas medicinales, etc.<\/li>\n<li>Combinar el cultivo de los prados emboscados privados para los cultivos y de paso recuperar estos prados<\/li>\n<\/ul>\n<p><strong><span style=\"color: #de9600;\"><br \/>\nMEJORA DE LA GESTI\u00d3N DE LOS RESIDUOS<\/span><\/strong><\/p>\n<ul>\n<li>Oportunidad de creaci\u00f3n de empresa de recogida, gesti\u00f3n y comercializaci\u00f3n del compost<\/li>\n<li>Fomentar la generaci\u00f3n de demanda de compost potenciando los huertos familiares<\/li>\n<\/ul>\n<p><strong><span style=\"color: #de9600;\"><br \/>\nFORMACI\u00d3N VINCULADA A LA ECONOM\u00cdA VERDE<\/span><\/strong><\/p>\n<ul>\n<li>Formaci\u00f3n como herramienta para tener profesionales adecuados.<\/li>\n<li>Recuperar los oficios perdidos combinando ese talento con la innovaci\u00f3n<\/li>\n<li>Crear profesionales que trabajen en el monte para la extracci\u00f3n y el procesado de la madera: formaci\u00f3n, hacer el trabajo mas llevadero con maquinaria y tecnologia<\/li>\n<\/ul>\n<p>[\/vc_column_text][\/vc_column][vc_column width=\u00bb1\/2&#8243;][vc_column_text css=\u00bb.vc_custom_1594638559650{margin-bottom: 0px !important;padding-top: 10px !important;padding-right: 10px !important;padding-bottom: 10px !important;padding-left: 10px !important;background-color: #10737d !important;}\u00bb]<\/p>\n<h2>Grupo azul &#8211; Eva i Ruth<\/h2>\n<p>[\/vc_column_text][vc_column_text css=\u00bb.vc_custom_1598371119607{border-top-width: 1px !important;border-right-width: 1px !important;border-bottom-width: 1px !important;border-left-width: 1px !important;padding-top: 10px !important;padding-right: 10px !important;padding-bottom: 10px !important;padding-left: 10px !important;border-left-color: #10737d !important;border-left-style: solid !important;border-right-color: #10737d !important;border-right-style: solid !important;border-top-color: #10737d !important;border-top-style: solid !important;border-bottom-color: #10737d !important;border-bottom-style: solid !important;}\u00bb el_class=\u00bbcaja-azul\u00bb]<\/p>\n<div style=\"height: 30px;\"><\/div>\n<h3><span style=\"color: #10737d;\"><strong>ESTIMULAR LA DEMANDA DE ECONOM\u00cdA VERDE<\/strong><\/span><\/h3>\n<p><span style=\"color: #10737d;\"><strong><br \/>\nDEMANDA P\u00daBLICA DE BIOMASA<\/strong><\/span><\/p>\n<ul>\n<li>Pide p\u00fablica (instalaciones) District heating<\/li>\n<li>Incentivos para las instalaciones<\/li>\n<li>Valorar tambi\u00e9n la demanda externa<\/li>\n<li>Valorar instalaciones en casas privadas<\/li>\n<li>Proyecto para fomentar el uso de biomasa en hoteles\u2013 viabilidad<\/li>\n<\/ul>\n<p><span style=\"color: #10737d;\"><strong><br \/>\nCONSTRUCCI\u00d3N CON MADERA<\/strong><\/span><\/p>\n<ul>\n<li>Fomento de la rehabilitaci\u00f3n<\/li>\n<li>Madera de calidad por la construcci\u00f3n<\/li>\n<\/ul>\n<p><span style=\"color: #10737d;\"><strong><br \/>\nVALORES A CONTEMPLAR<\/strong><\/span><\/p>\n<ul>\n<li>Importancia de la soberan\u00eda alimentaria, energ\u00e9tica, etc<\/li>\n<li>Contemplar el decrecimiento<\/li>\n<\/ul>\n<div style=\"height: 30px;\"><\/div>\n<h3><span style=\"color: #10737d;\"><strong>PROMOCI\u00d3N DE LA OFERTA DE SERVICIOS De ECONOM\u00cdA VERDE<\/strong><\/span><\/h3>\n<p><span style=\"color: #10737d;\"><strong><br \/>\nVALORIZACI\u00d3N DE LOS RECURSOS FORESTALES<\/strong><\/span><\/p>\n<ul>\n<li>Gesti\u00f3n de bosques<\/li>\n<li>Otros aprofitamentsdels bosques: setas, plantas medicinales, etc.<\/li>\n<li>Madera para instrumentos musicales<\/li>\n<li>Posible producci\u00f3n con tracci\u00f3n animal<\/li>\n<li>Recuperaci\u00f3n des concesiones ideol\u00e8ctriques<\/li>\n<li>Minicentrals<\/li>\n<li>Casas bioclim\u00e1ticas (legislaci\u00f3n urban\u00edstica)<\/li>\n<li>Valorar externalidades de los bosques<\/li>\n<li>Sello le\u00f1a de Valle de Ar\u00e1n<\/li>\n<\/ul>\n<p><span style=\"color: #10737d;\"><strong><br \/>\nVINCULAR RECURSOS NATURALES CON EL TURISMO<\/strong><\/span><\/p>\n<ul>\n<li>Agua<\/li>\n<li>Energ\u00eda geot\u00e9rmica<\/li>\n<li>Gesti\u00f3n del espacio natural (caminos, pex, etc)<\/li>\n<li>Valorizaci\u00f3n del paisaje como recurso<\/li>\n<li>Gesti\u00f3n de los caminos<\/li>\n<\/ul>\n<p><span style=\"color: #10737d;\"><strong><br \/>\nVALORIZACI\u00d3N DE LA PRODUCCI\u00d3N SOSTENIBLE<\/strong><\/span><\/p>\n<ul>\n<li>Agricultura ecol\u00f3gica<\/li>\n<li>Uso comercial de la lana<\/li>\n<li>Econom\u00eda circular (residuos, transportes, etc)<\/li>\n<\/ul>\n<p><span style=\"color: #10737d;\"><strong><br \/>\nMEJORA DEL SISTEMA DE RESIDUOS<\/strong><\/span><\/p>\n<ul>\n<li>Necesitado de transformar la forma ene que se gestionan los residuos<\/li>\n<\/ul>\n<p><span style=\"color: #10737d;\"><strong><br \/>\nFORMACI\u00d3N VINCULADA A La ECONOM\u00cdA VERDE<\/strong><\/span><\/p>\n<ul>\n<li>Formaci\u00f3n a todos los niveles para valorar los recursos naturales<\/li>\n<li>Formaci\u00f3n profesional para incorporar estas actividades<\/li>\n<\/ul>\n<p><span style=\"color: #10737d;\"><strong><br \/>\nCAPTACI\u00d3N DE TALENTO<\/strong><\/span><\/p>\n<ul>\n<li>Concurso de iniciativas y proyectos<\/li>\n<\/ul>\n<p><span style=\"color: #10737d;\"><strong><br \/>\nPERSPECTIVA SOCIAL<\/strong><\/span><\/p>\n<ul>\n<li>Fomento del cooperativismo<\/li>\n<\/ul>\n<p>[\/vc_column_text][\/vc_column][\/vc_row]<\/p>\n ","protected":false},"excerpt":{"rendered":"<p>[vc_row][vc_column width=\u00bb1\/2&#8243;][vc_column_text css=\u00bb.vc_custom_1594712500820{margin-bottom: 0px !important;padding-top: 10px !important;padding-right: 10px !important;padding-bottom: 10px !important;padding-left: 10px !important;background-color: #de9600 !important;}\u00bb] Grupo Amarillo &#8211; Aurelio [\/vc_column_text][vc_column_text css=\u00bb.vc_custom_1598371069141{border-top-width: 1px !important;border-right-width: 1px !important;border-bottom-width: 1px !important;border-left-width: 1px !important;padding-top: 10px !important;padding-right: 10px !important;padding-bottom: 10px !important;padding-left: 10px !important;border-left-color: #de9600 !important;border-left-style: solid !important;border-right-color: #de9600 !important;border-right-style: solid !important;border-top-color: #de9600 !important;border-top-style: solid !important;border-bottom-color: #de9600 !important;border-bottom-style: solid !important;}\u00bb el_class=\u00bbcaja-amarilla\u00bb] ESTIMULAR&#8230;<\/p>\n","protected":false},"author":8,"featured_media":0,"parent":0,"menu_order":0,"comment_status":"closed","ping_status":"closed","template":"page-full.php","meta":{"footnotes":""},"_links":{"self":[{"href":"https:\/\/www.conselharan.org\/es\/wp-json\/wp\/v2\/pages\/34934"}],"collection":[{"href":"https:\/\/www.conselharan.org\/es\/wp-json\/wp\/v2\/pages"}],"about":[{"href":"https:\/\/www.conselharan.org\/es\/wp-json\/wp\/v2\/types\/page"}],"author":[{"embeddable":true,"href":"https:\/\/www.conselharan.org\/es\/wp-json\/wp\/v2\/users\/8"}],"replies":[{"embeddable":true,"href":"https:\/\/www.conselharan.org\/es\/wp-json\/wp\/v2\/comments?post=34934"}],"version-history":[{"count":19,"href":"https:\/\/www.conselharan.org\/es\/wp-json\/wp\/v2\/pages\/34934\/revisions"}],"predecessor-version":[{"id":35764,"href":"https:\/\/www.conselharan.org\/es\/wp-json\/wp\/v2\/pages\/34934\/revisions\/35764"}],"wp:attachment":[{"href":"https:\/\/www.conselharan.org\/es\/wp-json\/wp\/v2\/media?parent=34934"}],"curies":[{"name":"wp","href":"https:\/\/api.w.org\/{rel}","templated":true}]}}