{"id":34996,"date":"2020-07-14T10:22:46","date_gmt":"2020-07-14T08:22:46","guid":{"rendered":"https:\/\/www.conselharan.org\/?page_id=34996"},"modified":"2020-08-25T18:30:37","modified_gmt":"2020-08-25T16:30:37","slug":"tecnologia","status":"publish","type":"page","link":"https:\/\/www.conselharan.org\/es\/tecnologia\/","title":{"rendered":"Tecnolog\u00eda"},"content":{"rendered":"<p>[vc_row][vc_column][vc_column_text css=\u00bb.vc_custom_1594715227970{margin-bottom: 0px !important;padding-top: 10px !important;padding-right: 10px !important;padding-bottom: 10px !important;padding-left: 10px !important;background-color: #de9600 !important;}\u00bb][\/vc_column_text][vc_column_text css=\u00bb.vc_custom_1598373034307{padding-top: 10px !important;padding-right: 10px !important;padding-bottom: 10px !important;padding-left: 10px !important;}\u00bb el_class=\u00bbcaja-amarilla\u00bb]<\/p>\n<p>&nbsp;<\/p>\n<p><strong><span style=\"color: #de9600;\">LA TECNOLOG\u00cdA COMO SOLUCI\u00d3N PARA LOS RETOS DE LA MONTA\u00d1A<\/span><\/strong><\/p>\n<ul>\n<li>Necesario para la diversificaci\u00f3n econ\u00f3mica<\/li>\n<li>Investigaci\u00f3n y desarrollo en deportes<\/li>\n<li>Oportunidades no exploradas<\/li>\n<li>Movilidad (gesti\u00f3n de flujos)<\/li>\n<li>Gesti\u00f3n de residuos<\/li>\n<li>Relevancia de la inteligencia artificial<\/li>\n<\/ul>\n<p>&nbsp;<\/p>\n<p><strong><span style=\"color: #de9600;\">RETENER\/CAPTAR TALENTO<\/span><\/strong><\/p>\n<ul>\n<li>Formaci\u00f3n y divulgaci\u00f3n sobre las oportunidades tecnol\u00f3gicas<\/li>\n<li>Divulgaci\u00f3n a la poblaci\u00f3n sobre oportunidades tecnol\u00f3gicas<br \/>\nFormaci\u00f3n profesional espec\u00edfica dirigida a nuevas tendencias tecnol\u00f3gicas<\/li>\n<li>Vinculaci\u00f3n Instituto y empresas locales<\/li>\n<li>Valorizar el capital humano y relacional<\/li>\n<li>Comunicaci\u00f3n y networking entre empresas locales e iniciativas<\/li>\n<li>Capitalizaci\u00f3n del talento \u2013 Capital relacional (mapa capital relacional)<\/li>\n<li>Cartas de compromiso (generar ilusi\u00f3n por el territorio)<\/li>\n<li>Componente social y cultural \u2013 vital para el arraigamiento<\/li>\n<li>Identidad cultural e idiom\u00e1tica como oportunidad<\/li>\n<li>Considerar \u201cmulti etapa\u201d (j\u00f3venes y no tan j\u00f3venes)<\/li>\n<\/ul>\n<h3><\/h3>\n<h3><span style=\"color: #de9600;\"><strong>PROMOVER LA EMPRENDEDOR\u00cdA CON BASE TECNOL\u00d3GICA<\/strong><\/span><\/h3>\n<ul>\n<li>Valorizaci\u00f3n y mejora de la competitividad del territorio como espacio de trabajo tecnol\u00f3gico<\/li>\n<\/ul>\n<p><span style=\"color: #de9600;\">Oportunidades<\/span><\/p>\n<ul>\n<li>Promoci\u00f3n de Aran marca territorial<\/li>\n<li>Atractividad de Aran: singularidad, cultura y paisaje<\/li>\n<li>Aprovechar la proximidad con Comminges<\/li>\n<li>Consolidaci\u00f3n teletrabajo<\/li>\n<\/ul>\n<p><span style=\"color: #de9600;\">Generaci\u00f3n ecosistema relacional<\/span><\/p>\n<ul>\n<li>Generaci\u00f3n de biotopos de innovaci\u00f3n<\/li>\n<li>Importancia del intercambio de iniciativas (compartir locales, por ejemplo)<\/li>\n<li>Mentoraje<\/li>\n<li>V\u00ednculo con la universidad (para mantenernos actualizados)<\/li>\n<li>Asociaci\u00f3n tica-info (bioeconom\u00eda) \u2013 living lab<\/li>\n<\/ul>\n<p><span style=\"color: #de9600;\">Financiaci\u00f3n e incentivos para proyectos tecnol\u00f3gicos<\/span><\/p>\n<ul>\n<li>Apoyo financiero<\/li>\n<li>Fondo de inversi\u00f3n p\u00fablico-privados<\/li>\n<li>Posible discriminaci\u00f3n positiva de las empresas que aportan valor a\u00f1adido<\/li>\n<\/ul>\n<p><span style=\"color: #de9600;\">Mejora de la conectividad<\/span><\/p>\n<ul>\n<li>Conectividad y red local \u2013 t\u00e9cnica y econ\u00f3micamente viable<\/li>\n<li>\u201cLow tech\u201d (importante marcar tendencias \u2013 responsabilidad social y ambiental)<\/li>\n<\/ul>\n<p><span style=\"color: #de9600;\">Acceso a espacios empresariales<\/span><\/p>\n<ul>\n<li>Precio inmuebles (factor limitante) romper din\u00e1mica del mercado inmobiliario<\/li>\n<li>Inventario de bienes inmuebles p\u00fablicos o sin uso que pueden incorporarse al mercado como locales para empresas<\/li>\n<li>Creaci\u00f3n de espacios para industrias \u201climpias\u201d<\/li>\n<\/ul>\n<p>[\/vc_column_text][\/vc_column][\/vc_row]<\/p>\n ","protected":false},"excerpt":{"rendered":"<p>[vc_row][vc_column][vc_column_text css=\u00bb.vc_custom_1594715227970{margin-bottom: 0px !important;padding-top: 10px !important;padding-right: 10px !important;padding-bottom: 10px !important;padding-left: 10px !important;background-color: #de9600 !important;}\u00bb][\/vc_column_text][vc_column_text css=\u00bb.vc_custom_1598373034307{padding-top: 10px !important;padding-right: 10px !important;padding-bottom: 10px !important;padding-left: 10px !important;}\u00bb el_class=\u00bbcaja-amarilla\u00bb] &nbsp; LA TECNOLOG\u00cdA COMO SOLUCI\u00d3N PARA LOS RETOS DE LA MONTA\u00d1A Necesario para la diversificaci\u00f3n econ\u00f3mica Investigaci\u00f3n y desarrollo en deportes Oportunidades no exploradas Movilidad (gesti\u00f3n de flujos) Gesti\u00f3n de residuos&#8230;<\/p>\n","protected":false},"author":8,"featured_media":0,"parent":0,"menu_order":0,"comment_status":"closed","ping_status":"closed","template":"page-full.php","meta":{"footnotes":""},"_links":{"self":[{"href":"https:\/\/www.conselharan.org\/es\/wp-json\/wp\/v2\/pages\/34996"}],"collection":[{"href":"https:\/\/www.conselharan.org\/es\/wp-json\/wp\/v2\/pages"}],"about":[{"href":"https:\/\/www.conselharan.org\/es\/wp-json\/wp\/v2\/types\/page"}],"author":[{"embeddable":true,"href":"https:\/\/www.conselharan.org\/es\/wp-json\/wp\/v2\/users\/8"}],"replies":[{"embeddable":true,"href":"https:\/\/www.conselharan.org\/es\/wp-json\/wp\/v2\/comments?post=34996"}],"version-history":[{"count":9,"href":"https:\/\/www.conselharan.org\/es\/wp-json\/wp\/v2\/pages\/34996\/revisions"}],"predecessor-version":[{"id":35787,"href":"https:\/\/www.conselharan.org\/es\/wp-json\/wp\/v2\/pages\/34996\/revisions\/35787"}],"wp:attachment":[{"href":"https:\/\/www.conselharan.org\/es\/wp-json\/wp\/v2\/media?parent=34996"}],"curies":[{"name":"wp","href":"https:\/\/api.w.org\/{rel}","templated":true}]}}