{"id":35041,"date":"2020-07-14T18:58:30","date_gmt":"2020-07-14T16:58:30","guid":{"rendered":"https:\/\/www.conselharan.org\/?page_id=35041"},"modified":"2020-08-25T17:44:25","modified_gmt":"2020-08-25T15:44:25","slug":"deporte","status":"publish","type":"page","link":"https:\/\/www.conselharan.org\/es\/deporte\/","title":{"rendered":"Deporte"},"content":{"rendered":"<p>[vc_row][vc_column][vc_column_text css=\u00bb.vc_custom_1594745463533{margin-bottom: 0px !important;padding-top: 10px !important;padding-right: 10px !important;padding-bottom: 10px !important;padding-left: 10px !important;background-color: #de9600 !important;}\u00bb][\/vc_column_text][vc_column_text css=\u00bb.vc_custom_1598370264141{padding-top: 10px !important;padding-right: 10px !important;padding-bottom: 10px !important;padding-left: 10px !important;}\u00bb el_class=\u00bbcaja-amarilla\u00bb]<strong><span style=\"color: #de9600;\">El DEPORTE COMO COHESIONADOR Y DINAMIZADOR SOCIAL<\/span><\/strong><\/p>\n<ul>\n<li>Propuesta de cambiar el enfoque del deporte: servicio en la poblaci\u00f3n en 1.\u00ba lugar<\/li>\n<li>Compartir equipaciones (cooperaci\u00f3n territorial)<\/li>\n<li>Relevancia palau de hielo por la poblaci\u00f3n residente<\/li>\n<li>Potenciaci\u00f3n deporte de base (diversificaci\u00f3n, deportes de verano, deportes de hielo)<\/li>\n<li>Adecuaci\u00f3n de infraestructuras deportivas (sido,capacidad, tipolog\u00eda usuarios, tecnolog\u00eda<\/li>\n<li>Nuevas infraestructuras?<\/li>\n<li>Adecuaci\u00f3n urbanizaci\u00f3n pueblas (carril bici, patines)<\/li>\n<\/ul>\n<p>&nbsp;<\/p>\n<p><span style=\"color: #de9600;\"><strong>POSICIONAMIENTO COMO TERRITORIO DEPORTIVO<\/strong><\/span><\/p>\n<p><span style=\"color: #de9600;\">Promoci\u00f3n caro deportivo:<\/span><\/p>\n<ul>\n<li>Centro alto rendimiento (fisioterapeutas, infraestructuras) por deportistas profesionales y amateurs (si nos queremos posicionar como territorio de deportes)<\/li>\n<li>Potenciar acogida de equipos y deportistas (centro alto rendimiento)<\/li>\n<\/ul>\n<p><span style=\"color: #de9600;\">Competiciones internacionales<\/span><\/p>\n<ul>\n<li>Competiciones deportivas internacional<\/li>\n<\/ul>\n<p><span style=\"color: #de9600;\">Valorizaci\u00f3n de recursos existentes<\/span><\/p>\n<ul>\n<li>Valorizar hospital como recurso deportivo<\/li>\n<li>Coordinaci\u00f3n \u2013cooperaci\u00f3n p\u00fablico-social y privados<\/li>\n<\/ul>\n<p><span style=\"color: #de9600;\">Formaci\u00f3n y transferencia de conocimiento<\/span><\/p>\n<ul>\n<li>Buscar la especializaci\u00f3n en la formaci\u00f3n (innovaci\u00f3n)<\/li>\n<li>Transferencia de conocimiento -digitalizaci\u00f3n fecha (ej. zona cero)<\/li>\n<li>Hay que aprender otros lugares por tranferir conocimiento para nuevos<br \/>\nmodelos de negocio vinculados al deporte<\/li>\n<li>Investigaci\u00f3n y buscar el v\u00ednculo con las universidades<\/li>\n<\/ul>\n<p><span style=\"color: #de9600;\">Investigaci\u00f3n e innovaci\u00f3n en el deporte<\/span><\/p>\n<ul>\n<li>Tecnolog\u00eda vinculada al deporte<\/li>\n<li>R+Y del deporte<\/li>\n<\/ul>\n<p>&nbsp;<\/p>\n<p><strong><span style=\"color: #de9600;\">IMPULSO DEL TURISMO DEPORTIVO<\/span><\/strong><\/p>\n<ul>\n<li>Actualizar la visi\u00f3n del ciclismo (referencia arag\u00f3n en desestacionalizaci\u00f3n)\n<ul>\n<li>Recuperaci\u00f3n de caminos y espacios naturales. ojo! qu\u00e9 caminos se utilizan por cada deporte &#8211; serparar-los (bici,senderismo&#8230;)<\/li>\n<li>Promoci\u00f3n del cicloturismo<\/li>\n<\/ul>\n<\/li>\n<\/ul>\n<ul>\n<li>Potenciar bicicleta el\u00e9ctrica<\/li>\n<li>Buscar promoci\u00f3n internacional aran<\/li>\n<li>Valorizar el papel de los gu\u00edas<\/li>\n<li>Turismo internacional y segmentos de mercados m\u00e1s espec\u00edficos<\/li>\n<\/ul>\n<p>[\/vc_column_text][\/vc_column][\/vc_row]<\/p>\n ","protected":false},"excerpt":{"rendered":"<p>[vc_row][vc_column][vc_column_text css=\u00bb.vc_custom_1594745463533{margin-bottom: 0px !important;padding-top: 10px !important;padding-right: 10px !important;padding-bottom: 10px !important;padding-left: 10px !important;background-color: #de9600 !important;}\u00bb][\/vc_column_text][vc_column_text css=\u00bb.vc_custom_1598370264141{padding-top: 10px !important;padding-right: 10px !important;padding-bottom: 10px !important;padding-left: 10px !important;}\u00bb el_class=\u00bbcaja-amarilla\u00bb]El DEPORTE COMO COHESIONADOR Y DINAMIZADOR SOCIAL Propuesta de cambiar el enfoque del deporte: servicio en la poblaci\u00f3n en 1.\u00ba lugar Compartir equipaciones (cooperaci\u00f3n territorial) Relevancia palau de hielo por la poblaci\u00f3n&#8230;<\/p>\n","protected":false},"author":8,"featured_media":0,"parent":0,"menu_order":0,"comment_status":"closed","ping_status":"closed","template":"page-full.php","meta":{"footnotes":""},"_links":{"self":[{"href":"https:\/\/www.conselharan.org\/es\/wp-json\/wp\/v2\/pages\/35041"}],"collection":[{"href":"https:\/\/www.conselharan.org\/es\/wp-json\/wp\/v2\/pages"}],"about":[{"href":"https:\/\/www.conselharan.org\/es\/wp-json\/wp\/v2\/types\/page"}],"author":[{"embeddable":true,"href":"https:\/\/www.conselharan.org\/es\/wp-json\/wp\/v2\/users\/8"}],"replies":[{"embeddable":true,"href":"https:\/\/www.conselharan.org\/es\/wp-json\/wp\/v2\/comments?post=35041"}],"version-history":[{"count":9,"href":"https:\/\/www.conselharan.org\/es\/wp-json\/wp\/v2\/pages\/35041\/revisions"}],"predecessor-version":[{"id":35752,"href":"https:\/\/www.conselharan.org\/es\/wp-json\/wp\/v2\/pages\/35041\/revisions\/35752"}],"wp:attachment":[{"href":"https:\/\/www.conselharan.org\/es\/wp-json\/wp\/v2\/media?parent=35041"}],"curies":[{"name":"wp","href":"https:\/\/api.w.org\/{rel}","templated":true}]}}