{"id":35059,"date":"2020-07-15T17:32:32","date_gmt":"2020-07-15T15:32:32","guid":{"rendered":"https:\/\/www.conselharan.org\/?page_id=35059"},"modified":"2020-08-25T18:25:57","modified_gmt":"2020-08-25T16:25:57","slug":"innovacion","status":"publish","type":"page","link":"https:\/\/www.conselharan.org\/es\/innovacion\/","title":{"rendered":"Innovacion"},"content":{"rendered":"<p>[vc_row][vc_column][vc_column_text css=\u00bb.vc_custom_1594824884284{margin-bottom: 0px !important;padding-top: 10px !important;padding-right: 10px !important;padding-bottom: 10px !important;padding-left: 10px !important;background-color: #de9600 !important;}\u00bb][\/vc_column_text][vc_column_text css=\u00bb.vc_custom_1598372753212{border-top-width: 1px !important;border-right-width: 1px !important;border-bottom-width: 1px !important;border-left-width: 1px !important;padding-top: 10px !important;padding-right: 10px !important;padding-bottom: 10px !important;padding-left: 10px !important;border-left-color: #de9600 !important;border-left-style: solid !important;border-right-color: #de9600 !important;border-right-style: solid !important;border-top-color: #de9600 !important;border-top-style: solid !important;border-bottom-color: #de9600 !important;border-bottom-style: solid !important;}\u00bb el_class=\u00bbcaja-amarilla\u00bb]<\/p>\n<p>&nbsp;<\/p>\n<p><span style=\"color: #de9600;\"><strong>ECOSISTEMA INNOVADOR?<\/strong><\/span><\/p>\n<p><span style=\"color: #de9600;\">Generar CULTURA de la INNOVACI\u00d3N y del EMPRENDIMIENTO<\/span><\/p>\n<ul>\n<li>Pensar como trabajar la cultura de la innovaci\u00f3n?<\/li>\n<\/ul>\n<p><span style=\"color: #de9600;\">Valle de Ar\u00e1n es emprendedora pero con poca innovaci\u00f3n har\u00eda falta un centro de iniciativas empresariales para dinamizar el emprendimiento y acompa\u00f1ar-los en la innovaci\u00f3n<\/span><\/p>\n<ul>\n<li>Acontecimientos, especialistas, al territorio<\/li>\n<\/ul>\n<p><span style=\"color: #de9600;\">Creaci\u00f3n de un ciclo profesional vinculado a la innovaci\u00f3n: econom\u00eda verde, ingenier\u00eda rob\u00f3tica&#8230; habr\u00eda que estudiar el qu\u00e9<\/span><\/p>\n<ul>\n<li>Marketing social: posar en valor el emprendedor y el empresario. Ser reconocido socialmente<\/li>\n<li>Acciones educativas en la infancia: necesitamos referentes, y acciones que pueden tener incidencia en el futuro<\/li>\n<li>Necesidad de involucrar en el instituto<\/li>\n<li>Hay muchos programas para adolescentes para inspirarse en el mundo y \u00abvolver\u00bb<\/li>\n<li>Talleres de rob\u00f3tica a Bossost (ya se est\u00e1 haciendo) y quieren tener un centro para ofrecer servicio todo el a\u00f1o<\/li>\n<\/ul>\n<p><strong><span style=\"color: #de9600;\"><br \/>\nCONECTIVIDAD<\/span><\/strong><\/p>\n<ul>\n<li>Necesitado de tener una conectividad \u00f3ptima: alta velocidad<\/li>\n<li>Importancia de tener aprendizaje al alcance para aprender siempre<\/li>\n<li>Tecnolog\u00eda y digitalizaci\u00f3n para ser m\u00e1s eficientes<\/li>\n<li>Equipos multidisciplinares: que podan o no estar trabajando juntos. Se puede generar una red para conectarlos<\/li>\n<li>Se tiene que responder a las necesidades, pero tambi\u00e9n a las oportunidades<\/li>\n<li>CENTRO De emprendimiento: Instituto, empresas de Casau, rob\u00f3tica&#8230; (necesidad de un Hub) porque se pueda poner en contacto la Vale con el exterior. Establecer red de contactos<\/li>\n<\/ul>\n<p><strong><span style=\"color: #de9600;\"><br \/>\nCOMO SUPERAR PROBLEMA DE FINANCIACI\u00d3N<\/span><\/strong><\/p>\n<ul>\n<li>Porque no sea un freno para emprender o por crecer<\/li>\n<li>Habr\u00eda que pensar en nuevos modelos de financiaci\u00f3n tipo \u00abcrowfunding\u00bb donde peque\u00f1os inversores pudieran dejar sus ahorros para la creaci\u00f3n de empresas<\/li>\n<li>Fondos de inversi\u00f3n local p\u00fablico-privado, con criterios de diversificaci\u00f3n, de buen an\u00e1lisis, aprendizaje&#8230;<\/li>\n<li>Tener cuidado con los concursos y acontecimientos que financien o que ayudan a las start-ups. Mejor un modelo de financiaci\u00f3n m\u00e1s local con visi\u00f3n de monta\u00f1a<\/li>\n<\/ul>\n<p><span style=\"color: #de9600;\"><strong><br \/>\n\u00bfC\u00d3MO CO-CREAR? \u00bfCU\u00c1LES SON LOS PAPELES QUE PUEDE JUGAR CADA UNO? \u00bfC\u00d3MO HACER RED?<\/strong><\/span><\/p>\n<ul>\n<li>Componente marquetiniana: el que se haga \u00abcaravana de emprendedores\u00bb \u00abmonta\u00f1a de start- ups\u00bb<\/li>\n<li>Hacer algo loca, fresca que saliera a los diarios y que captara la atenci\u00f3n: x posicionamiento y marqueting<\/li>\n<li>Hay que fomentar que el emprendimiento se instale en la Valle de Ar\u00e1n: ayudas por aut\u00f3nomos que puedan trasladarse en la Valle de Ar\u00e1n, el territorio tendr\u00eda que atraer<\/li>\n<\/ul>\n<p><strong><span style=\"color: #de9600;\"><br \/>\nQUE PUEDE HACER EL VALLE De ARAN PARA EL MUNDO?<\/span><\/strong><\/p>\n<ul>\n<li>Banco de pruebas \u00abshow room\u00bb de productos innovadores (vinculados en la monta\u00f1a?)<\/li>\n<li>Hospital, talento joven, deportE, empresas tecnol\u00f3gicas, liderazgo en la administraci\u00f3n: singularizaci\u00f3n<\/li>\n<li>Cl\u00faster alrededor de la salud y los entornos naturales: monta\u00f1a sostenible, deportiva, pilotos de turismo responsable&#8230;<\/li>\n<li>Liderar un estudio sobre las empresas y proyectos empresariales que hay en este momento: Saber qu\u00e9 empresas tienen compenents innovadoras perx. Hay m\u00e1s empresas innovadoras que en otros territorios? Monta\u00f1a &#8211; sostenible: Valle de Ar\u00e1n (posible diferenciaci\u00f3n territorial)<\/li>\n<li>Importancia de la innovaci\u00f3n digital!! Podr\u00eda estar en la Valle de Ar\u00e1n<\/li>\n<li>Microeventos para start-ups, por ejemplo, u otras cosas&#8230;<\/li>\n<li>Es importante desarrollar una cosa que dure todo el a\u00f1o (no solo un acontecimiento que dura poco) y que permita que se viva a la Vale<\/li>\n<li>Centro de alto rendimiento en la Valle de Ar\u00e1n &#8211;&gt; innovaci\u00f3n deportiva y desarrollo tecnol\u00f3gico. En torno a monta\u00f1a: nieve, monta\u00f1a de verano&#8230;<\/li>\n<li>Asociaci\u00f3n \u00c1tica: promueven un acontecimiento de juegos digitales<\/li>\n<\/ul>\n<p>[\/vc_column_text][\/vc_column][\/vc_row]<\/p>\n ","protected":false},"excerpt":{"rendered":"<p>[vc_row][vc_column][vc_column_text css=\u00bb.vc_custom_1594824884284{margin-bottom: 0px !important;padding-top: 10px !important;padding-right: 10px !important;padding-bottom: 10px !important;padding-left: 10px !important;background-color: #de9600 !important;}\u00bb][\/vc_column_text][vc_column_text css=\u00bb.vc_custom_1598372753212{border-top-width: 1px !important;border-right-width: 1px !important;border-bottom-width: 1px !important;border-left-width: 1px !important;padding-top: 10px !important;padding-right: 10px !important;padding-bottom: 10px !important;padding-left: 10px !important;border-left-color: #de9600 !important;border-left-style: solid !important;border-right-color: #de9600 !important;border-right-style: solid !important;border-top-color: #de9600 !important;border-top-style: solid !important;border-bottom-color: #de9600 !important;border-bottom-style: solid !important;}\u00bb el_class=\u00bbcaja-amarilla\u00bb] &nbsp; ECOSISTEMA INNOVADOR? Generar CULTURA de la&#8230;<\/p>\n","protected":false},"author":8,"featured_media":0,"parent":0,"menu_order":0,"comment_status":"closed","ping_status":"closed","template":"page-full.php","meta":{"footnotes":""},"_links":{"self":[{"href":"https:\/\/www.conselharan.org\/es\/wp-json\/wp\/v2\/pages\/35059"}],"collection":[{"href":"https:\/\/www.conselharan.org\/es\/wp-json\/wp\/v2\/pages"}],"about":[{"href":"https:\/\/www.conselharan.org\/es\/wp-json\/wp\/v2\/types\/page"}],"author":[{"embeddable":true,"href":"https:\/\/www.conselharan.org\/es\/wp-json\/wp\/v2\/users\/8"}],"replies":[{"embeddable":true,"href":"https:\/\/www.conselharan.org\/es\/wp-json\/wp\/v2\/comments?post=35059"}],"version-history":[{"count":7,"href":"https:\/\/www.conselharan.org\/es\/wp-json\/wp\/v2\/pages\/35059\/revisions"}],"predecessor-version":[{"id":35779,"href":"https:\/\/www.conselharan.org\/es\/wp-json\/wp\/v2\/pages\/35059\/revisions\/35779"}],"wp:attachment":[{"href":"https:\/\/www.conselharan.org\/es\/wp-json\/wp\/v2\/media?parent=35059"}],"curies":[{"name":"wp","href":"https:\/\/api.w.org\/{rel}","templated":true}]}}