{"id":36266,"date":"2020-09-09T11:13:48","date_gmt":"2020-09-09T09:13:48","guid":{"rendered":"https:\/\/www.conselharan.org\/reserva-dera-biosfera\/"},"modified":"2024-12-11T18:54:42","modified_gmt":"2024-12-11T17:54:42","slug":"reserva-dera-biosfera","status":"publish","type":"page","link":"https:\/\/www.conselharan.org\/es\/reserva-dera-biosfera\/","title":{"rendered":"Reserva de la Biosfera"},"content":{"rendered":"<p>[vc_row][vc_column width=\u00bb1\/4&#8243;][\/vc_column][vc_column width=\u00bb1\/2&#8243;][vc_single_image image=\u00bb60321&#8243; img_size=\u00bbfull\u00bb alignment=\u00bbcenter\u00bb][\/vc_column][vc_column width=\u00bb1\/4&#8243;][\/vc_column][\/vc_row][vc_row el_class=\u00bbfila-titulos\u00bb][vc_column css=\u00bb.vc_custom_1600069376598{margin-top: 25px !important;margin-bottom: 25px !important;}\u00bb el_class=\u00bbseparadores\u00bb][vc_column_text el_class=\u00bbtitulos\u00bb]<\/p>\n<h1 style=\"text-align: center;\"><span style=\"color: #000;\"><img loading=\"lazy\" decoding=\"async\" class=\"separadores\" src=\"https:\/\/www.conselharan.org\/wp-content\/uploads\/2024\/12\/Recurso-11.png\" alt=\"\" width=\"150\" height=\"6\" \/>\u00bfQu\u00e9 es una Reserva de la Biosfera?<img loading=\"lazy\" decoding=\"async\" class=\"separadores\" src=\"https:\/\/www.conselharan.org\/wp-content\/uploads\/2024\/12\/Recurso-12.png\" alt=\"\" width=\"150\" height=\"6\" \/><\/span><\/h1>\n<p>[\/vc_column_text][\/vc_column][\/vc_row][vc_row][vc_column width=\u00bb1\/2&#8243;][vc_column_text el_class=\u00bbtexto-futura\u00bb]Una figura de reconocimiento y promoci\u00f3n impulsada por el programa MAB (Man and Biosphere) de la UNESCO, que comporta la definici\u00f3n de un modelo de ordenaci\u00f3n territorial d\u00f3nde la poblaci\u00f3n local es la protagonista. A la vez, es un reconocimiento que distingue un territorio por su apuesta de conciliaci\u00f3n y equilibrio entre el desarrollo econ\u00f3mico sostenible y la conservaci\u00f3n de su entorno.[\/vc_column_text][\/vc_column][vc_column width=\u00bb1\/2&#8243;][vc_column_text el_class=\u00bbtexto-futura\u00bb]El programa MAB, donde se enmarca la Reserva de la Biosfera de la Val d\u2019Aran, es un programa intergubernamental creado para establecer unas bases cient\u00edficas para mejorar las relaciones entre las personas y su entorno ambiental. Combina la ciencia, la econom\u00eda y la educaci\u00f3n natural y social para que aprendan a comprometerse, a gestionar y a utilizar, de forma sostenible, los recursos naturales.[\/vc_column_text][\/vc_column][\/vc_row][vc_row][vc_column][vc_column_text el_class=\u00bbtexto-futura\u00bb]<\/p>\n<p style=\"text-align: center;\">M\u00e1s informaci\u00f3n en el enlace reserva de la biosfera: <a href=\"http:\/\/rerb.oapn.es\/\" target=\"_blank\" rel=\"noopener noreferrer\">http:\/\/rerb.oapn.es\/<\/a><\/p>\n<p>[\/vc_column_text][\/vc_column][\/vc_row][vc_row el_class=\u00bbfila-titulos\u00bb][vc_column css=\u00bb.vc_custom_1600069399098{margin-top: 25px !important;margin-bottom: 25px !important;}\u00bb el_class=\u00bbseparadores\u00bb][vc_column_text el_class=\u00bbtitulos\u00bb]<\/p>\n<h1 style=\"text-align: center;\"><span style=\"color: #000;\"><img loading=\"lazy\" decoding=\"async\" class=\"separadores\" src=\"https:\/\/www.conselharan.org\/wp-content\/uploads\/2024\/12\/Recurso-11.png\" alt=\"\" width=\"150\" height=\"6\" \/>\u00bfEn que nos ha de ayudar la Reserva de la Biosfera en la Val d\u2019Aran?<img loading=\"lazy\" decoding=\"async\" class=\"separadores\" src=\"https:\/\/www.conselharan.org\/wp-content\/uploads\/2024\/12\/Recurso-12.png\" alt=\"\" width=\"150\" height=\"6\" \/><\/span><\/h1>\n<p>[\/vc_column_text][vc_row_inner equal_height=\u00bbyes\u00bb][vc_column_inner el_class=\u00bbcaja-icono\u00bb width=\u00bb1\/6&#8243;][vc_single_image image=\u00bb60479&#8243; img_size=\u00bb60&#215;60&#8243; alignment=\u00bbright\u00bb el_class=\u00bbcaja-icono\u00bb][\/vc_column_inner][vc_column_inner width=\u00bb1\/3&#8243; css=\u00bb.vc_custom_1599752326551{margin-top: 15px !important;}\u00bb][vc_column_text el_class=\u00bbtexto-futura\u00bb]<\/p>\n<p style=\"text-align: left;\">Para promover y dinamizar la venta de productos locales.<\/p>\n<p>[\/vc_column_text][\/vc_column_inner][vc_column_inner el_class=\u00bbcaja-icono\u00bb width=\u00bb1\/6&#8243;][vc_single_image image=\u00bb60459&#8243; img_size=\u00bb60&#215;60&#8243; alignment=\u00bbright\u00bb el_class=\u00bbcaja-icono\u00bb][\/vc_column_inner][vc_column_inner width=\u00bb1\/3&#8243; css=\u00bb.vc_custom_1599752354948{margin-top: 15px !important;}\u00bb][vc_column_text el_class=\u00bbtexto-futura\u00bb]Para no perder nuestras se\u00f1as de identidad m\u00e1s profundas.[\/vc_column_text][\/vc_column_inner][\/vc_row_inner][vc_row_inner equal_height=\u00bbyes\u00bb][vc_column_inner el_class=\u00bbcaja-icono\u00bb width=\u00bb1\/6&#8243;][vc_single_image image=\u00bb60431&#8243; img_size=\u00bb60&#215;60&#8243; alignment=\u00bbright\u00bb el_class=\u00bbcaja-icono\u00bb][\/vc_column_inner][vc_column_inner width=\u00bb1\/3&#8243; css=\u00bb.vc_custom_1599752996719{margin-top: 5px !important;}\u00bb][vc_column_text el_class=\u00bbtexto-futura\u00bb]Para atraer visitantes exigentes y con altas expectativas, que valoren un entorno cuidado y diferenciado.[\/vc_column_text][\/vc_column_inner][vc_column_inner el_class=\u00bbcaja-icono\u00bb width=\u00bb1\/6&#8243;][vc_single_image image=\u00bb60455&#8243; img_size=\u00bb60&#215;60&#8243; alignment=\u00bbright\u00bb el_class=\u00bbcaja-icono\u00bb][\/vc_column_inner][vc_column_inner width=\u00bb1\/3&#8243;][vc_column_text el_class=\u00bbtexto-futura\u00bb]Para crear un espacio que sea punto de encuentro entre la sostenibilidad de los recursos y el desarrollo rural y local.[\/vc_column_text][\/vc_column_inner][\/vc_row_inner][vc_row_inner equal_height=\u00bbyes\u00bb][vc_column_inner el_class=\u00bbcaja-icono\u00bb width=\u00bb1\/6&#8243;][vc_single_image image=\u00bb60435&#8243; img_size=\u00bb60&#215;60&#8243; alignment=\u00bbright\u00bb el_class=\u00bbcaja-icono\u00bb][\/vc_column_inner][vc_column_inner width=\u00bb1\/3&#8243; css=\u00bb.vc_custom_1599753006815{margin-top: 5px !important;}\u00bb][vc_column_text el_class=\u00bbtexto-futura\u00bb]Para mantener los vestigios de formas tradicionales de aprovechamiento de los recursos de manera sostenible.[\/vc_column_text][\/vc_column_inner][vc_column_inner el_class=\u00bbcaja-icono\u00bb width=\u00bb1\/6&#8243;][vc_single_image image=\u00bb60451&#8243; img_size=\u00bb60&#215;60&#8243; alignment=\u00bbright\u00bb el_class=\u00bbcaja-icono\u00bb][\/vc_column_inner][vc_column_inner width=\u00bb1\/3&#8243; css=\u00bb.vc_custom_1599753057119{margin-top: 5px !important;}\u00bb][vc_column_text el_class=\u00bbtexto-futura\u00bb]Para gestionar espacios muy conservados, refugios de formas de vida excepcionales.[\/vc_column_text][\/vc_column_inner][\/vc_row_inner][vc_row_inner equal_height=\u00bbyes\u00bb][vc_column_inner el_class=\u00bbcaja-icono\u00bb width=\u00bb1\/6&#8243;][vc_single_image image=\u00bb60475&#8243; img_size=\u00bb60&#215;60&#8243; alignment=\u00bbright\u00bb el_class=\u00bbcaja-icono\u00bb][\/vc_column_inner][vc_column_inner width=\u00bb1\/3&#8243; css=\u00bb.vc_custom_1599753020055{margin-top: 5px !important;}\u00bb][vc_column_text el_class=\u00bbtexto-futura\u00bb]Para atraer inversiones y subvenciones sostenibles en el territorio.[\/vc_column_text][\/vc_column_inner][vc_column_inner el_class=\u00bbcaja-icono\u00bb width=\u00bb1\/6&#8243;][vc_single_image image=\u00bb60447&#8243; img_size=\u00bb60&#215;60&#8243; alignment=\u00bbright\u00bb el_class=\u00bbcaja-icono\u00bb][\/vc_column_inner][vc_column_inner width=\u00bb1\/3&#8243; css=\u00bb.vc_custom_1599753067778{margin-top: 5px !important;}\u00bb][vc_column_text el_class=\u00bbtexto-futura\u00bb]Para desarrollar y poder ofrecer experiencias de gesti\u00f3n y aprovechamiento de los recursos.[\/vc_column_text][\/vc_column_inner][\/vc_row_inner][vc_row_inner equal_height=\u00bbyes\u00bb][vc_column_inner el_class=\u00bbcaja-icono\u00bb width=\u00bb1\/6&#8243;][vc_single_image image=\u00bb60471&#8243; img_size=\u00bb60&#215;60&#8243; alignment=\u00bbright\u00bb el_class=\u00bbcaja-icono\u00bb][\/vc_column_inner][vc_column_inner width=\u00bb1\/3&#8243;][vc_column_text el_class=\u00bbtexto-futura\u00bb]Porque es un reconocimiento de diferenciaci\u00f3n en calidad ambiental, que aumenta el valor del territorio y mejora su competitividad.[\/vc_column_text][\/vc_column_inner][vc_column_inner el_class=\u00bbcaja-icono\u00bb width=\u00bb1\/6&#8243;][vc_single_image image=\u00bb60443&#8243; img_size=\u00bb60&#215;60&#8243; alignment=\u00bbright\u00bb el_class=\u00bbcaja-icono\u00bb][\/vc_column_inner][vc_column_inner width=\u00bb1\/3&#8243; css=\u00bb.vc_custom_1599753078226{margin-top: 5px !important;}\u00bb][vc_column_text el_class=\u00bbtexto-futura\u00bb]Para aprovechar una red donde cada Reserva se visualiza y retroalimenta de las otras.[\/vc_column_text][\/vc_column_inner][\/vc_row_inner][vc_row_inner equal_height=\u00bbyes\u00bb][vc_column_inner el_class=\u00bbcaja-icono\u00bb width=\u00bb1\/6&#8243;][vc_single_image image=\u00bb60467&#8243; img_size=\u00bb60&#215;60&#8243; alignment=\u00bbright\u00bb el_class=\u00bbcaja-icono\u00bb][\/vc_column_inner][vc_column_inner width=\u00bb1\/3&#8243; css=\u00bb.vc_custom_1599753095354{margin-top: 5px !important;}\u00bb][vc_column_text el_class=\u00bbtexto-futura\u00bb]Para conseguir la conservaci\u00f3n de nuestra cultura, paisaje y entorno.[\/vc_column_text][\/vc_column_inner][vc_column_inner el_class=\u00bbcaja-icono\u00bb width=\u00bb1\/6&#8243;][vc_single_image image=\u00bb60439&#8243; img_size=\u00bb60&#215;60&#8243; alignment=\u00bbright\u00bb el_class=\u00bbcaja-icono\u00bb][\/vc_column_inner][vc_column_inner width=\u00bb1\/3&#8243; css=\u00bb.vc_custom_1599753087730{margin-top: 5px !important;}\u00bb][vc_column_text el_class=\u00bbtexto-futura\u00bb]Para potenciar las investigaciones y la divulgaci\u00f3n de toda la riqueza que nos rodea.[\/vc_column_text][\/vc_column_inner][\/vc_row_inner][vc_row_inner equal_height=\u00bbyes\u00bb][vc_column_inner el_class=\u00bbcaja-icono\u00bb width=\u00bb1\/6&#8243;][vc_single_image image=\u00bb60463&#8243; img_size=\u00bb60&#215;60&#8243; alignment=\u00bbright\u00bb el_class=\u00bbcaja-icono\u00bb][\/vc_column_inner][vc_column_inner width=\u00bb1\/3&#8243;][vc_column_text el_class=\u00bbtexto-futura\u00bb]Para estimular a los empresarios locales a pensar en modelos de crecimiento territorial sostenible, sensible con los patrimonios cultural, social y natural.[\/vc_column_text][\/vc_column_inner][\/vc_row_inner][\/vc_column][\/vc_row][vc_row el_class=\u00bbfila-titulos\u00bb][vc_column width=\u00bb1\/3&#8243; el_class=\u00bbseparadores\u00bb][vc_single_image image=\u00bb60484&#8243; img_size=\u00bbfull\u00bb onclick=\u00bblink_image\u00bb css=\u00bb.vc_custom_1733936595183{margin-top: 0px !important;padding-top: 0px !important;}\u00bb][\/vc_column][vc_column width=\u00bb1\/3&#8243;][vc_single_image image=\u00bb60488&#8243; img_size=\u00bbfull\u00bb onclick=\u00bblink_image\u00bb][\/vc_column][vc_column width=\u00bb1\/3&#8243;][vc_single_image image=\u00bb60492&#8243; img_size=\u00bbfull\u00bb onclick=\u00bblink_image\u00bb][\/vc_column][\/vc_row][vc_row el_class=\u00bbfila-titulos\u00bb][vc_column css=\u00bb.vc_custom_1600069409908{margin-top: 25px !important;margin-bottom: 25px !important;}\u00bb el_class=\u00bbseparadores\u00bb][vc_column_text el_class=\u00bbtitulos\u00bb]<\/p>\n<h1 style=\"text-align: center;\"><span style=\"color: #000;\"><img loading=\"lazy\" decoding=\"async\" class=\"separadores\" src=\"https:\/\/www.conselharan.org\/wp-content\/uploads\/2024\/12\/Recurso-11.png\" alt=\"\" width=\"150\" height=\"6\" \/>Not\u00edcias<img loading=\"lazy\" decoding=\"async\" class=\"separadores\" src=\"https:\/\/www.conselharan.org\/wp-content\/uploads\/2024\/12\/Recurso-12.png\" alt=\"\" width=\"150\" height=\"6\" \/><\/span><\/h1>\n<p>[\/vc_column_text][\/vc_column][\/vc_row][vc_row][vc_column][vc_column_text el_class=\u00bbtexto-futura\u00bb]<\/p>\n<p style=\"text-align: center;\"><a href=\"https:\/\/www.conselharan.org\/es\/era-sindica-daran-recep-eth-certificat-oficiau-dera-val-daran-com-a-reserva-dera-biosfera\/\">https:\/\/www.conselharan.org\/ca\/era-sindica-daran-recep-eth-certificat-oficiau-dera-val-daran-com-a-reserva-dera-biosfera\/<\/a><\/p>\n<p style=\"text-align: center;\"><a href=\"https:\/\/www.conselharan.org\/es\/era-val-daran-artenh-eth-reconeishement-dera-unesco-coma-reserva-dera-biosfera\/\">https:\/\/www.conselharan.org\/ca\/era-val-daran-artenh-eth-reconeishement-dera-unesco-coma-reserva-dera-biosfera\/<\/a><\/p>\n<p style=\"text-align: center;\"><a href=\"https:\/\/www.unesco.org\/es\/articles\/la-unesco-designa-11-nuevas-reservas-de-biosfera-1?hub=66369\">https:\/\/www.unesco.org\/es\/articles\/la-unesco-designa-11-nuevas-reservas-de-biosfera-1?hub=66369<\/a><\/p>\n<p style=\"text-align: center;\"><a href=\"http:\/\/rerb.oapn.es\/red-espanola-de-reservas-de-la-biosfera\/reservas-de-la-biosfera-espanolas\/listado\/85-red-espanola-de-reservas-de-la-biosfera\/las-reservas-de-las-biosferas-espanolas\/523-val-aran\">http:\/\/rerb.oapn.es\/red-espanola-de-reservas-de-la-biosfera\/reservas-de-la-biosfera-espanolas\/listado\/85-red-espanola-de-reservas-de-la-biosfera\/las-reservas-de-las-biosferas-espanolas\/523-val-aran<\/a><\/p>\n<p style=\"text-align: center;\"><a href=\"https:\/\/www.conselharan.org\/es\/era-val-daran-a-un-pas-desdevier-reserva-dera-biosfera-pera-unesco\/\">https:\/\/www.conselharan.org\/ca\/era-val-daran-a-un-pas-desdevier-reserva-dera-biosfera-pera-unesco\/<\/a><\/p>\n<p>[\/vc_column_text][\/vc_column][\/vc_row][vc_row el_class=\u00bbfila-titulos\u00bb][vc_column css=\u00bb.vc_custom_1600069409908{margin-top: 25px !important;margin-bottom: 25px !important;}\u00bb el_class=\u00bbseparadores\u00bb][vc_column_text el_class=\u00bbtitulos\u00bb]<\/p>\n<h1 style=\"text-align: center;\"><span style=\"color: #000;\"><img loading=\"lazy\" decoding=\"async\" class=\"separadores\" src=\"https:\/\/www.conselharan.org\/wp-content\/uploads\/2024\/12\/Recurso-11.png\" alt=\"\" width=\"150\" height=\"6\" \/>Contacto<img loading=\"lazy\" decoding=\"async\" class=\"separadores\" src=\"https:\/\/www.conselharan.org\/wp-content\/uploads\/2024\/12\/Recurso-12.png\" alt=\"\" width=\"150\" height=\"6\" \/><\/span><\/h1>\n<p>[\/vc_column_text][\/vc_column][\/vc_row][vc_row el_class=\u00bbfila-titulos\u00bb][vc_column][vc_column_text el_class=\u00bbtexto-futura\u00bb]<\/p>\n<p style=\"text-align: center;\">reservabiosfera@aran.org<\/p>\n<p>[\/vc_column_text][\/vc_column][\/vc_row]<\/p>\n ","protected":false},"excerpt":{"rendered":"<p>[vc_row][vc_column width=\u00bb1\/4&#8243;][\/vc_column][vc_column width=\u00bb1\/2&#8243;][vc_single_image image=\u00bb60321&#8243; img_size=\u00bbfull\u00bb alignment=\u00bbcenter\u00bb][\/vc_column][vc_column width=\u00bb1\/4&#8243;][\/vc_column][\/vc_row][vc_row el_class=\u00bbfila-titulos\u00bb][vc_column css=\u00bb.vc_custom_1600069376598{margin-top: 25px !important;margin-bottom: 25px !important;}\u00bb el_class=\u00bbseparadores\u00bb][vc_column_text el_class=\u00bbtitulos\u00bb] \u00bfQu\u00e9 es una Reserva de la Biosfera? [\/vc_column_text][\/vc_column][\/vc_row][vc_row][vc_column width=\u00bb1\/2&#8243;][vc_column_text el_class=\u00bbtexto-futura\u00bb]Una figura de reconocimiento y promoci\u00f3n impulsada por el programa MAB (Man and Biosphere) de la UNESCO, que comporta la definici\u00f3n de un modelo de ordenaci\u00f3n territorial d\u00f3nde la poblaci\u00f3n local&#8230;<\/p>\n","protected":false},"author":8,"featured_media":0,"parent":0,"menu_order":0,"comment_status":"closed","ping_status":"closed","template":"page-full.php","meta":{"footnotes":""},"_links":{"self":[{"href":"https:\/\/www.conselharan.org\/es\/wp-json\/wp\/v2\/pages\/36266"}],"collection":[{"href":"https:\/\/www.conselharan.org\/es\/wp-json\/wp\/v2\/pages"}],"about":[{"href":"https:\/\/www.conselharan.org\/es\/wp-json\/wp\/v2\/types\/page"}],"author":[{"embeddable":true,"href":"https:\/\/www.conselharan.org\/es\/wp-json\/wp\/v2\/users\/8"}],"replies":[{"embeddable":true,"href":"https:\/\/www.conselharan.org\/es\/wp-json\/wp\/v2\/comments?post=36266"}],"version-history":[{"count":18,"href":"https:\/\/www.conselharan.org\/es\/wp-json\/wp\/v2\/pages\/36266\/revisions"}],"predecessor-version":[{"id":60505,"href":"https:\/\/www.conselharan.org\/es\/wp-json\/wp\/v2\/pages\/36266\/revisions\/60505"}],"wp:attachment":[{"href":"https:\/\/www.conselharan.org\/es\/wp-json\/wp\/v2\/media?parent=36266"}],"curies":[{"name":"wp","href":"https:\/\/api.w.org\/{rel}","templated":true}]}}