{"id":38572,"date":"2020-12-30T11:04:30","date_gmt":"2020-12-30T10:04:30","guid":{"rendered":"https:\/\/www.conselharan.org\/bcils-dera-val-daran\/"},"modified":"2020-12-30T11:04:30","modified_gmt":"2020-12-30T10:04:30","slug":"bcils-dera-val-daran","status":"publish","type":"page","link":"https:\/\/www.conselharan.org\/es\/cultura\/patrimoni-culturau-dera-val-daran\/bcils-dera-val-daran\/","title":{"rendered":"BCIL\u2019s dera Val d\u2019Aran"},"content":{"rendered":"<p>[vc_row][vc_column][vc_column_text]<\/p>\n<table style=\"height: 697px;\" border=\"1\" width=\"539\" cellspacing=\"0\" cellpadding=\"0\" align=\"\">\n<tbody>\n<tr>\n<td width=\"240\">\n<div align=\"center\"><strong><span style=\"font-size: small;\">N\u00f2m<\/span><\/strong><\/div>\n<\/td>\n<td width=\"132\">\n<div align=\"center\"><strong><span style=\"font-size: small;\">P\u00f2ble<\/span><\/strong><\/div>\n<\/td>\n<td width=\"120\">\n<div align=\"center\"><strong><span style=\"font-size: small;\">Municipi<\/span><\/strong><\/div>\n<\/td>\n<td valign=\"top\" width=\"118\">\n<div align=\"center\"><strong><span style=\"font-size: small;\">Tipe<\/span><\/strong><\/div>\n<div align=\"center\"><strong><span style=\"font-size: small;\">proteccion<\/span><\/strong><\/div>\n<\/td>\n<td valign=\"top\" width=\"98\">\n<div align=\"center\"><strong><span style=\"font-size: small;\">Data<\/span><\/strong><\/div>\n<div align=\"center\"><strong><span style=\"font-size: small;\">incoaccion<\/span><\/strong><\/div>\n<\/td>\n<td valign=\"top\" width=\"108\">\n<div align=\"center\"><strong><span style=\"font-size: small;\">Data<\/span><\/strong><\/div>\n<div align=\"center\"><strong><span style=\"font-size: small;\">declaracion<\/span><\/strong><\/div>\n<\/td>\n<\/tr>\n<tr>\n<td valign=\"top\" width=\"240\">\n<div style=\"text-align: center;\"><span style=\"font-size: small;\">Gl\u00e8isa de St. Est\u00e8ue de Betren<\/span><\/div>\n<\/td>\n<td style=\"text-align: center;\" valign=\"top\" width=\"132\">\n<div><span style=\"font-size: small;\">Betren<\/span><\/div>\n<\/td>\n<td style=\"text-align: center;\" valign=\"top\" width=\"120\">\n<div><span style=\"font-size: small;\">Vielha-Mijaran<\/span><\/div>\n<\/td>\n<td style=\"text-align: center;\" valign=\"top\" width=\"118\">\n<div><span style=\"font-size: small;\">BCIL<\/span><\/div>\n<\/td>\n<td style=\"text-align: center;\" valign=\"top\" width=\"98\">\n<div><span style=\"font-size: small;\">\u00a0<\/span><\/div>\n<\/td>\n<td style=\"text-align: center;\" valign=\"top\" width=\"108\">\n<div><span style=\"font-size: small;\">25\/02\/2004<\/span><\/div>\n<\/td>\n<\/tr>\n<tr>\n<td valign=\"top\" width=\"240\">\n<div style=\"text-align: center;\"><span style=\"font-size: small;\">Fabrica dera Lan<\/span><\/div>\n<\/td>\n<td style=\"text-align: center;\" valign=\"top\" width=\"132\">\n<div><span style=\"font-size: small;\">Vielha<\/span><\/div>\n<\/td>\n<td style=\"text-align: center;\" valign=\"top\" width=\"120\">\n<div><span style=\"font-size: small;\">Vielha-Mijaran<\/span><\/div>\n<\/td>\n<td style=\"text-align: center;\" valign=\"top\" width=\"118\">\n<div><span style=\"font-size: small;\">BCIL<\/span><\/div>\n<\/td>\n<td style=\"text-align: center;\" valign=\"top\" width=\"98\">\n<div><span style=\"font-size: small;\">\u00a0<\/span><\/div>\n<\/td>\n<td valign=\"top\" width=\"108\">\n<div style=\"text-align: center;\"><span style=\"font-size: small;\">27\/02\/2002<\/span><\/div>\n<\/td>\n<\/tr>\n<tr>\n<td valign=\"top\" width=\"240\">\n<div style=\"text-align: center;\"><span style=\"font-size: small;\">Gl\u00e8isa parroquiau de St. Miqu\u00e8u<\/span><\/div>\n<\/td>\n<td style=\"text-align: center;\" valign=\"top\" width=\"132\">\n<div><span style=\"font-size: small;\">Vielha<\/span><\/div>\n<\/td>\n<td style=\"text-align: center;\" valign=\"top\" width=\"120\">\n<div><span style=\"font-size: small;\">Vielha-Mijaran<\/span><\/div>\n<\/td>\n<td style=\"text-align: center;\" valign=\"top\" width=\"118\">\n<div><span style=\"font-size: small;\">BCIL<\/span><\/div>\n<\/td>\n<td style=\"text-align: center;\" valign=\"top\" width=\"98\">\n<div><span style=\"font-size: small;\">\u00a0<\/span><\/div>\n<\/td>\n<td valign=\"top\" width=\"108\">\n<div style=\"text-align: center;\"><span style=\"font-size: small;\">25\/02\/2004<\/span><\/div>\n<\/td>\n<\/tr>\n<tr>\n<td valign=\"top\" width=\"240\">\n<div style=\"text-align: center;\"><span style=\"font-size: small;\">Gl\u00e8isa de Sta. Maria de Mijaran<\/span><\/div>\n<\/td>\n<td style=\"text-align: center;\" valign=\"top\" width=\"132\">\n<div><span style=\"font-size: small;\">Vielha<\/span><\/div>\n<\/td>\n<td style=\"text-align: center;\" valign=\"top\" width=\"120\">\n<div><span style=\"font-size: small;\">Vielha-Mijaran<\/span><\/div>\n<\/td>\n<td style=\"text-align: center;\" valign=\"top\" width=\"118\">\n<div><span style=\"font-size: small;\">BCIL<\/span><\/div>\n<\/td>\n<td style=\"text-align: center;\" valign=\"top\" width=\"98\">\n<div><span style=\"font-size: small;\">\u00a0<\/span><\/div>\n<\/td>\n<td valign=\"top\" width=\"108\">\n<div style=\"text-align: center;\"><span style=\"font-size: small;\">26\/02\/2003<\/span><\/div>\n<\/td>\n<\/tr>\n<tr>\n<td valign=\"top\" width=\"240\">\n<div style=\"text-align: center;\"><span style=\"font-size: small;\">\u00c7\u00f2 des de Rod\u00e8s<\/span><\/div>\n<\/td>\n<td style=\"text-align: center;\" valign=\"top\" width=\"132\">\n<div><span style=\"font-size: small;\">Vielha<\/span><\/div>\n<\/td>\n<td style=\"text-align: center;\" valign=\"top\" width=\"120\">\n<div><span style=\"font-size: small;\">Vielha-Mijaran<\/span><\/div>\n<\/td>\n<td style=\"text-align: center;\" valign=\"top\" width=\"118\">\n<div><span style=\"font-size: small;\">BCIL<\/span><\/div>\n<\/td>\n<td style=\"text-align: center;\" valign=\"top\" width=\"98\">\n<div><span style=\"font-size: small;\">\u00a0<\/span><\/div>\n<\/td>\n<td valign=\"top\" width=\"108\">\n<div style=\"text-align: center;\"><span style=\"font-size: small;\">26\/02\/2003<\/span><\/div>\n<\/td>\n<\/tr>\n<tr>\n<td valign=\"top\" width=\"240\">\n<div style=\"text-align: center;\"><span style=\"font-size: small;\">\u00c7\u00f2 de Saforcada<\/span><\/div>\n<\/td>\n<td style=\"text-align: center;\" valign=\"top\" width=\"132\">\n<div><span style=\"font-size: small;\">Vielha<\/span><\/div>\n<\/td>\n<td style=\"text-align: center;\" valign=\"top\" width=\"120\">\n<div><span style=\"font-size: small;\">Vielha-Mijaran<\/span><\/div>\n<\/td>\n<td style=\"text-align: center;\" valign=\"top\" width=\"118\">\n<div><span style=\"font-size: small;\">BCIL<\/span><\/div>\n<\/td>\n<td style=\"text-align: center;\" valign=\"top\" width=\"98\">\n<div><span style=\"font-size: small;\">\u00a0<\/span><\/div>\n<\/td>\n<td valign=\"top\" width=\"108\">\n<div style=\"text-align: center;\"><span style=\"font-size: small;\">03\/10\/2000<\/span><\/div>\n<\/td>\n<\/tr>\n<tr>\n<td valign=\"top\" width=\"240\">\n<div style=\"text-align: center;\"><span style=\"font-size: small;\">Gl\u00e8isa de St. Martin<\/span><\/div>\n<\/td>\n<td style=\"text-align: center;\" valign=\"top\" width=\"132\">\n<div><span style=\"font-size: small;\">Aub\u00e8rt<\/span><\/div>\n<\/td>\n<td style=\"text-align: center;\" valign=\"top\" width=\"120\">\n<div><span style=\"font-size: small;\">Vielha-Mijaran<\/span><\/div>\n<\/td>\n<td style=\"text-align: center;\" valign=\"top\" width=\"118\">\n<div><span style=\"font-size: small;\">BCIL<\/span><\/div>\n<\/td>\n<td style=\"text-align: center;\" valign=\"top\" width=\"98\">\n<div><span style=\"font-size: small;\">\u00a0<\/span><\/div>\n<\/td>\n<td style=\"text-align: center;\" valign=\"top\" width=\"108\">\n<div><span style=\"font-size: small;\">06\/09\/2002<\/span><\/div>\n<\/td>\n<\/tr>\n<tr>\n<td style=\"text-align: center;\" valign=\"top\" width=\"240\">\n<div><span style=\"font-size: small;\">B\u00f2rda Joaquin<\/span><\/div>\n<\/td>\n<td style=\"text-align: center;\" valign=\"top\" width=\"132\">\n<div><span style=\"font-size: small;\">Les<\/span><\/div>\n<\/td>\n<td style=\"text-align: center;\" valign=\"top\" width=\"120\">\n<div><span style=\"font-size: small;\">Les<\/span><\/div>\n<\/td>\n<td style=\"text-align: center;\" valign=\"top\" width=\"118\">\n<div><span style=\"font-size: small;\">BCIL<\/span><\/div>\n<\/td>\n<td style=\"text-align: center;\" valign=\"top\" width=\"98\">\n<div><span style=\"font-size: small;\">\u00a0<\/span><\/div>\n<\/td>\n<td valign=\"top\" width=\"108\">\n<div style=\"text-align: center;\"><span style=\"font-size: small;\">03\/10\/2000<\/span><\/div>\n<\/td>\n<\/tr>\n<tr>\n<td valign=\"top\" width=\"240\">\n<div style=\"text-align: center;\"><span style=\"font-size: small;\">Gl\u00e8isa de Sta. Maria de Cap d\u2019Aran<\/span><\/div>\n<\/td>\n<td style=\"text-align: center;\" valign=\"top\" width=\"132\">\n<div><span style=\"font-size: small;\">Tred\u00f2s<\/span><\/div>\n<\/td>\n<td style=\"text-align: center;\" valign=\"top\" width=\"120\">\n<div><span style=\"font-size: small;\">Naut Aran<\/span><\/div>\n<\/td>\n<td style=\"text-align: center;\" valign=\"top\" width=\"118\">\n<div><span style=\"font-size: small;\">BCIL<\/span><\/div>\n<\/td>\n<td style=\"text-align: center;\" valign=\"top\" width=\"98\">\n<div><span style=\"font-size: small;\">25\/11\/2003<\/span><\/div>\n<\/td>\n<td valign=\"top\" width=\"108\">\n<div style=\"text-align: center;\"><span style=\"font-size: small;\">\u00a0<\/span><\/div>\n<\/td>\n<\/tr>\n<tr>\n<td style=\"text-align: center;\" valign=\"top\" width=\"240\">\n<div><span style=\"font-size: small;\">Imatge dera Mair de Diu des Nh\u00e8us<\/span><\/div>\n<\/td>\n<td style=\"text-align: center;\" valign=\"top\" width=\"132\">\n<div><span style=\"font-size: small;\">Betlan<\/span><\/div>\n<\/td>\n<td style=\"text-align: center;\" valign=\"top\" width=\"120\">\n<div><span style=\"font-size: small;\">Vielha-Mijaran<\/span><\/div>\n<\/td>\n<td style=\"text-align: center;\" valign=\"top\" width=\"118\">\n<div><span style=\"font-size: small;\">Ben m\u00f2ble catalogat (BCIL)<\/span><\/div>\n<\/td>\n<td style=\"text-align: center;\" valign=\"top\" width=\"98\">\n<div><span style=\"font-size: small;\">03\/12\/2003<\/span><\/div>\n<\/td>\n<td valign=\"top\" width=\"108\">\n<div style=\"text-align: center;\"><span style=\"font-size: small;\">\u00a0<\/span><\/div>\n<\/td>\n<\/tr>\n<tr>\n<td style=\"text-align: center;\" valign=\"top\" width=\"240\">\n<div><span style=\"font-size: small;\">\u00c7\u00f2 de Menginat<\/span><\/div>\n<\/td>\n<td style=\"text-align: center;\" valign=\"top\" width=\"132\">\n<div><span style=\"font-size: small;\">Bagergue<\/span><\/div>\n<\/td>\n<td style=\"text-align: center;\" valign=\"top\" width=\"120\">\n<div><span style=\"font-size: small;\">Naut Aran<\/span><\/div>\n<\/td>\n<td style=\"text-align: center;\" valign=\"top\" width=\"118\">\n<div><span style=\"font-size: small;\">BCIL<\/span><\/div>\n<\/td>\n<td style=\"text-align: center;\" valign=\"top\" width=\"98\">\n<div><span style=\"font-size: small;\">\u00a0<\/span><\/div>\n<\/td>\n<td valign=\"top\" width=\"108\">\n<div style=\"text-align: center;\"><span style=\"font-size: small;\">25\/10\/2006<\/span><\/div>\n<\/td>\n<\/tr>\n<\/tbody>\n<\/table>\n<p>[\/vc_column_text][\/vc_column][\/vc_row]<\/p>\n ","protected":false},"excerpt":{"rendered":"<p>[vc_row][vc_column][vc_column_text] N\u00f2m P\u00f2ble Municipi Tipe proteccion Data incoaccion Data declaracion Gl\u00e8isa de St. Est\u00e8ue de Betren Betren Vielha-Mijaran BCIL \u00a0 25\/02\/2004 Fabrica dera Lan Vielha Vielha-Mijaran BCIL \u00a0 27\/02\/2002 Gl\u00e8isa parroquiau de St. Miqu\u00e8u Vielha Vielha-Mijaran BCIL \u00a0 25\/02\/2004 Gl\u00e8isa de Sta. Maria de Mijaran Vielha Vielha-Mijaran BCIL \u00a0 26\/02\/2003 \u00c7\u00f2 des de Rod\u00e8s Vielha&#8230;<\/p>\n","protected":false},"author":8,"featured_media":0,"parent":38580,"menu_order":0,"comment_status":"closed","ping_status":"closed","template":"page-full.php","meta":{"footnotes":""},"_links":{"self":[{"href":"https:\/\/www.conselharan.org\/es\/wp-json\/wp\/v2\/pages\/38572"}],"collection":[{"href":"https:\/\/www.conselharan.org\/es\/wp-json\/wp\/v2\/pages"}],"about":[{"href":"https:\/\/www.conselharan.org\/es\/wp-json\/wp\/v2\/types\/page"}],"author":[{"embeddable":true,"href":"https:\/\/www.conselharan.org\/es\/wp-json\/wp\/v2\/users\/8"}],"replies":[{"embeddable":true,"href":"https:\/\/www.conselharan.org\/es\/wp-json\/wp\/v2\/comments?post=38572"}],"version-history":[{"count":0,"href":"https:\/\/www.conselharan.org\/es\/wp-json\/wp\/v2\/pages\/38572\/revisions"}],"up":[{"embeddable":true,"href":"https:\/\/www.conselharan.org\/es\/wp-json\/wp\/v2\/pages\/38580"}],"wp:attachment":[{"href":"https:\/\/www.conselharan.org\/es\/wp-json\/wp\/v2\/media?parent=38572"}],"curies":[{"name":"wp","href":"https:\/\/api.w.org\/{rel}","templated":true}]}}