{"id":38616,"date":"2020-12-31T10:00:32","date_gmt":"2020-12-31T09:00:32","guid":{"rendered":"https:\/\/www.conselharan.org\/reproduccion-virtuau-des-pintures-romaniques-de-sta-maria-de-cap-daran\/"},"modified":"2020-12-31T10:00:32","modified_gmt":"2020-12-31T09:00:32","slug":"reproduccion-virtuau-des-pintures-romaniques-de-sta-maria-de-cap-daran","status":"publish","type":"page","link":"https:\/\/www.conselharan.org\/es\/cultura\/patrimoni-culturau-dera-val-daran\/actuacions-patrimoni-en-2009\/reproduccion-virtuau-des-pintures-romaniques-de-sta-maria-de-cap-daran\/","title":{"rendered":"Reproduccion virtuau des pintures romaniques de Sta. Maria de Cap d\u2019Aran"},"content":{"rendered":"<p>Frut dera collaboracion entre Conselh Generau d&#8217;Aran, Departament de Politica Territoriau e \u00d2bres Publiques (PTOP), Entitat Menor Descentralizada de Tred\u00f2s e Bisbat d&#8217;Urgell en passat mes d\u2019abriu s\u2019a inagurat era reproduccion virtuau, mejan\u00e7ant projeccion luminica, des pintures romaniques deth s\u00e8gle XII dera gl\u00e8isa de Santa Maria de Cap d&#8217;Aran, malurosament espoliades e venudes a diu\u00e8rsi mus\u00e8us e colleccions privades. Era projeccion permet visualizar en nauta resolucion e sus es murs lateraus deth temple era sc\u00e8na dera Epifania qu\u2019origin\u00e0riament aucupaue era v\u00f2uta dera absida e ara exposada en The Cloisters deth Metropolitan Museum de Naua York, e es imatges de St. Pau e der Esperit Sant, qu\u2019actuaument se sauven en ua colleccion privada.<\/p>\n<p>En s\u00f2n l\u00f2c originau, era v\u00f2uta deth presbit\u00e8ri se proj\u00e8cte eth Pantocrator, qu\u2019actuaument se cons\u00e8rve en Mus\u00e8u Maricel de Sitges (Barcelona). Eth proj\u00e8cte, qu\u2019a auut un c\u00f2st de m\u00e8s de 60.000\u20ac permet non desbrembar-se der extraordinari conjunt pictoric d\u2019estil romanic qu\u2019auie emberit es murs dera gl\u00e8isa e ajude a compr\u00e9ner mielhor era trancend\u00e9ncia istorica e era import\u00e0ncia artistica deth monument.<\/p>\n ","protected":false},"excerpt":{"rendered":"<p>Frut dera collaboracion entre Conselh Generau d&#8217;Aran, Departament de Politica Territoriau e \u00d2bres Publiques (PTOP), Entitat Menor Descentralizada de Tred\u00f2s e Bisbat d&#8217;Urgell en passat mes d\u2019abriu s\u2019a inagurat era reproduccion virtuau, mejan\u00e7ant projeccion luminica, des pintures romaniques deth s\u00e8gle XII dera gl\u00e8isa de Santa Maria de Cap d&#8217;Aran, malurosament espoliades e venudes a diu\u00e8rsi&#8230;<\/p>\n","protected":false},"author":8,"featured_media":0,"parent":38618,"menu_order":0,"comment_status":"closed","ping_status":"closed","template":"page-full.php","meta":{"footnotes":""},"_links":{"self":[{"href":"https:\/\/www.conselharan.org\/es\/wp-json\/wp\/v2\/pages\/38616"}],"collection":[{"href":"https:\/\/www.conselharan.org\/es\/wp-json\/wp\/v2\/pages"}],"about":[{"href":"https:\/\/www.conselharan.org\/es\/wp-json\/wp\/v2\/types\/page"}],"author":[{"embeddable":true,"href":"https:\/\/www.conselharan.org\/es\/wp-json\/wp\/v2\/users\/8"}],"replies":[{"embeddable":true,"href":"https:\/\/www.conselharan.org\/es\/wp-json\/wp\/v2\/comments?post=38616"}],"version-history":[{"count":0,"href":"https:\/\/www.conselharan.org\/es\/wp-json\/wp\/v2\/pages\/38616\/revisions"}],"up":[{"embeddable":true,"href":"https:\/\/www.conselharan.org\/es\/wp-json\/wp\/v2\/pages\/38618"}],"wp:attachment":[{"href":"https:\/\/www.conselharan.org\/es\/wp-json\/wp\/v2\/media?parent=38616"}],"curies":[{"name":"wp","href":"https:\/\/api.w.org\/{rel}","templated":true}]}}