{"id":38630,"date":"2020-12-31T10:03:48","date_gmt":"2020-12-31T09:03:48","guid":{"rendered":"https:\/\/www.conselharan.org\/patrimoni-culturau-dera-val-daran\/actuacions-patrimoni-en-2009\/eliminacion-dumiditats-e-renauida-de-cuberta-ena-glesia-de-st-sernilh-de-canejan\/"},"modified":"2020-12-31T10:03:48","modified_gmt":"2020-12-31T09:03:48","slug":"eliminacion-dumiditats-e-renauida-de-cuberta-ena-glesia-de-st-sernilh-de-canejan","status":"publish","type":"page","link":"https:\/\/www.conselharan.org\/es\/cultura\/patrimoni-culturau-dera-val-daran\/actuacions-patrimoni-en-2009\/eliminacion-dumiditats-e-renauida-de-cuberta-ena-glesia-de-st-sernilh-de-canejan\/","title":{"rendered":"Eliminacion d\u2019umiditats e renauida de cub\u00e8rta ena gl\u00e8sia de St. Sernilh de Canejan"},"content":{"rendered":"<p>Ent\u00e0 eliminar es gr\u00e8us patologies provocades pes umiditats que des de h\u00e8r ans patie era gl\u00e8isa de St. Sernilh de Canejan, eth Conselh Generau d\u2019Aran a encetat ua actuacion que se desvolope en dues fases. Pendent era passada primauera s\u2019a amiat a t\u00e8rme un drenatge perimetrau ath long dera fa\u00e7ada septentrionau dera bastissa, que se trapaue gr\u00e8ument afectada pes umiditats provocades peth degotament d\u2019aigua deth losat e sustot per filtracions e per capillaritat dera part inferiora deth mur, sosmetuda ara f\u00f2rta pression des t\u00e8rres que se i emparauen.<\/p>\n<p>Era dusau fase dera intervencion, consist\u00eds ena renauida dera estructura de cub\u00e8rta e deth losat e era eliminacion dera faussa v\u00f2uta de husta qu\u2019actuaument cobr\u00eds era nau dera gl\u00e8isa. Era \u00f2bra qu\u2019a un c\u00f2st totau de 110.000\u20ac a estat dej\u00e0 adjudicada e ei previst que comence eth pr\u00f2pl\u00e8u mes de seteme.<\/p>\n ","protected":false},"excerpt":{"rendered":"<p>Ent\u00e0 eliminar es gr\u00e8us patologies provocades pes umiditats que des de h\u00e8r ans patie era gl\u00e8isa de St. Sernilh de Canejan, eth Conselh Generau d\u2019Aran a encetat ua actuacion que se desvolope en dues fases. Pendent era passada primauera s\u2019a amiat a t\u00e8rme un drenatge perimetrau ath long dera fa\u00e7ada septentrionau dera bastissa, que se&#8230;<\/p>\n","protected":false},"author":8,"featured_media":0,"parent":38618,"menu_order":0,"comment_status":"closed","ping_status":"closed","template":"page-full.php","meta":{"footnotes":""},"_links":{"self":[{"href":"https:\/\/www.conselharan.org\/es\/wp-json\/wp\/v2\/pages\/38630"}],"collection":[{"href":"https:\/\/www.conselharan.org\/es\/wp-json\/wp\/v2\/pages"}],"about":[{"href":"https:\/\/www.conselharan.org\/es\/wp-json\/wp\/v2\/types\/page"}],"author":[{"embeddable":true,"href":"https:\/\/www.conselharan.org\/es\/wp-json\/wp\/v2\/users\/8"}],"replies":[{"embeddable":true,"href":"https:\/\/www.conselharan.org\/es\/wp-json\/wp\/v2\/comments?post=38630"}],"version-history":[{"count":0,"href":"https:\/\/www.conselharan.org\/es\/wp-json\/wp\/v2\/pages\/38630\/revisions"}],"up":[{"embeddable":true,"href":"https:\/\/www.conselharan.org\/es\/wp-json\/wp\/v2\/pages\/38618"}],"wp:attachment":[{"href":"https:\/\/www.conselharan.org\/es\/wp-json\/wp\/v2\/media?parent=38630"}],"curies":[{"name":"wp","href":"https:\/\/api.w.org\/{rel}","templated":true}]}}