{"id":39111,"date":"2021-01-11T17:42:16","date_gmt":"2021-01-11T16:42:16","guid":{"rendered":"https:\/\/www.conselharan.org\/museus-dera-val-daran-un-museu-en-territori\/rota-deth-romanic-d-aran\/sant-blai-de-les\/"},"modified":"2021-02-01T11:37:18","modified_gmt":"2021-02-01T10:37:18","slug":"sant-blai-de-les","status":"publish","type":"page","link":"https:\/\/www.conselharan.org\/es\/cultura\/museus-dera-val-daran-un-museu-en-territori\/rota-deth-romanic-d-aran\/sant-blai-de-les\/","title":{"rendered":"Sant Blai de Les"},"content":{"rendered":"<p>[vc_row][vc_column][vc_single_image image=\u00bb38998&#8243; img_size=\u00bbfull\u00bb][vc_column_text]<span style=\"font-family: Cambria, serif;\"><span style=\"font-size: small;\">Exterior de Sant Blai<\/span><\/span><\/p>\n<p>Era petita gl\u00e8isa de Sant Blai la traparam darr\u00e8r d\u2019Era Baronia, ua bastenda n\u00f2bla deth s\u00e8gle XVII, en p\u00f2ble de Les. Es sues redusides mides, qu\u2019includissen un espaci absidiau de forma semicirculara, semblen indicar qu\u2019era actuau cap\u00e8la, en s\u00f2n moment capdau, formaue part dera cabe\u00e7ada d\u2019ua bastenda m\u00e8s grana o ben eth resultat d\u2019ua reconstruccion d\u2019ua antica bastenda, h\u00e8ta a compdar des s\u00f2ns elements originaus.<\/p>\n<p>Tot a f\u00e8t, eth mur de cogant \u2013 o mur tester- que se daur\u00eds a compdar d\u2019un arc de miei punt, acced\u00eds en amplada ath c\u00f2s dera cap\u00e8la, \u00e7\u00f2 que h\u00e8 a pensar que dilh\u00e8u era bastenda contunhaue damb ua amplia nau que siguec esbaussada en un moment indeterminat, o ben pr\u2019amor dera accion der \u00f2me o a conseq\u00fc\u00e9ncia d\u2019un damatge naturau. Tanben, era pres\u00e9ncia de quate balesti\u00e8res sense ua aparenta foncionalitat an amiat a pensar ena possibla exist\u00e9ncia d\u2019ua cripta.<\/p>\n<p>Atau donques, aguesta bastenda, datada deth s\u00e8gle XII, presente un asp\u00e8cte f\u00f2r\u00e7a curi\u00f3s, que plantege interrogants de mau res\u00f2lver au\u00e9 en dia en relacion ara sua estructura arquitectonica e as sues foncions origin\u00e0ries.[\/vc_column_text][\/vc_column][\/vc_row]<\/p>\n ","protected":false},"excerpt":{"rendered":"<p>[vc_row][vc_column][vc_single_image image=\u00bb38998&#8243; img_size=\u00bbfull\u00bb][vc_column_text]Exterior de Sant Blai Era petita gl\u00e8isa de Sant Blai la traparam darr\u00e8r d\u2019Era Baronia, ua bastenda n\u00f2bla deth s\u00e8gle XVII, en p\u00f2ble de Les. Es sues redusides mides, qu\u2019includissen un espaci absidiau de forma semicirculara, semblen indicar qu\u2019era actuau cap\u00e8la, en s\u00f2n moment capdau, formaue part dera cabe\u00e7ada d\u2019ua bastenda m\u00e8s grana&#8230;<\/p>\n","protected":false},"author":8,"featured_media":0,"parent":39095,"menu_order":0,"comment_status":"closed","ping_status":"closed","template":"page-full.php","meta":{"footnotes":""},"_links":{"self":[{"href":"https:\/\/www.conselharan.org\/es\/wp-json\/wp\/v2\/pages\/39111"}],"collection":[{"href":"https:\/\/www.conselharan.org\/es\/wp-json\/wp\/v2\/pages"}],"about":[{"href":"https:\/\/www.conselharan.org\/es\/wp-json\/wp\/v2\/types\/page"}],"author":[{"embeddable":true,"href":"https:\/\/www.conselharan.org\/es\/wp-json\/wp\/v2\/users\/8"}],"replies":[{"embeddable":true,"href":"https:\/\/www.conselharan.org\/es\/wp-json\/wp\/v2\/comments?post=39111"}],"version-history":[{"count":1,"href":"https:\/\/www.conselharan.org\/es\/wp-json\/wp\/v2\/pages\/39111\/revisions"}],"predecessor-version":[{"id":40045,"href":"https:\/\/www.conselharan.org\/es\/wp-json\/wp\/v2\/pages\/39111\/revisions\/40045"}],"up":[{"embeddable":true,"href":"https:\/\/www.conselharan.org\/es\/wp-json\/wp\/v2\/pages\/39095"}],"wp:attachment":[{"href":"https:\/\/www.conselharan.org\/es\/wp-json\/wp\/v2\/media?parent=39111"}],"curies":[{"name":"wp","href":"https:\/\/api.w.org\/{rel}","templated":true}]}}