{"id":39125,"date":"2021-01-11T17:53:30","date_gmt":"2021-01-11T16:53:30","guid":{"rendered":"https:\/\/www.conselharan.org\/museus-dera-val-daran-un-museu-en-territori\/rota-deth-romanic-d-aran\/sant-esteue-de-montcorbau\/"},"modified":"2021-02-01T16:33:11","modified_gmt":"2021-02-01T15:33:11","slug":"sant-esteue-de-montcorbau","status":"publish","type":"page","link":"https:\/\/www.conselharan.org\/es\/cultura\/museus-dera-val-daran-un-museu-en-territori\/rota-deth-romanic-d-aran\/sant-esteue-de-montcorbau\/","title":{"rendered":"Sant Est\u00e8ue de Montcorbau"},"content":{"rendered":"<p>[vc_row][vc_column][vc_single_image image=\u00bb39010&#8243; img_size=\u00bbfull\u00bb][vc_column_text]<span style=\"font-family: Cambria, serif;\"><span style=\"font-size: small;\">Interior de l\u2019esgl\u00e9sia<\/span><\/span><\/p>\n<p>Era gl\u00e8isa de Sant Est\u00e8ue, maugrat es s\u00f2ns origens romanics, a incorporat eth legat artistic des peri\u00f2des romanic, gotic e barr\u00f2c. M\u00e8s \u00e7\u00f2 que m\u00e8s estone es uelhs deth visitaire quan s\u2019acale en interior dera gl\u00e8isa ei eth gust popular qu\u2019a era bastenda, que se met de manif\u00e8st surtot enes pintures muraus deth s\u00e8gle XVIII, es quaus s\u2019an conservat e recentament an estat obj\u00e8cte de restauracion.<\/p>\n<p>Deth peri\u00f2de romanic, ne demoren coma testim\u00f2nis eth tram centrau dera nau e eth batiader. En s\u00e8gle XV, era gl\u00e8isa de Sant Est\u00e8ue experiment\u00e8c era prum\u00e8ra grana transformacion, damb era incorporacion d\u2019ua absida poligonau gotica que substitu\u00efc ara originau romanica. Era import\u00e0ncia dera absida gotica ei evidenta laguens dera gl\u00e8isa, a on se ve era estructuracion arquitectonica a compdar d\u2019ues elegantes nervadures, que partissen deth sol\u00e8r e se trapen en an\u00e8th dera cop\u00f2la qu\u2019encab\u00eds er espaci absidiau.<\/p>\n<p>Posteriorament, pendent eth peri\u00f2de barr\u00f2c, s\u2019incorpor\u00e8ren cinc cap\u00e8les enes lateraus dera nau, qu\u2019an dat l\u00f2c ar asp\u00e8cte actuau dera gl\u00e8isa. Ei en aguestes cap\u00e8les a on se raconten diu\u00e8rsi epis\u00f2dis biblics, representadi pictoricament, e a on se met de manif\u00e8st er esperit popular que noment\u00e0uem ath comen\u00e7ament.<\/p>\n<p>En s\u00e8gle XVIII se i ahig era tor campanau junhut ara absida, e se i incorp\u00f2re eth portic d\u2019entrada ena gl\u00e8isa; ena fa\u00e7ada d\u2019aguest portic i trapam encastrat un cippus roman e un crismon.[\/vc_column_text][\/vc_column][\/vc_row]<\/p>\n ","protected":false},"excerpt":{"rendered":"<p>[vc_row][vc_column][vc_single_image image=\u00bb39010&#8243; img_size=\u00bbfull\u00bb][vc_column_text]Interior de l\u2019esgl\u00e9sia Era gl\u00e8isa de Sant Est\u00e8ue, maugrat es s\u00f2ns origens romanics, a incorporat eth legat artistic des peri\u00f2des romanic, gotic e barr\u00f2c. M\u00e8s \u00e7\u00f2 que m\u00e8s estone es uelhs deth visitaire quan s\u2019acale en interior dera gl\u00e8isa ei eth gust popular qu\u2019a era bastenda, que se met de manif\u00e8st surtot enes&#8230;<\/p>\n","protected":false},"author":8,"featured_media":0,"parent":39095,"menu_order":0,"comment_status":"closed","ping_status":"closed","template":"page-full.php","meta":{"footnotes":""},"_links":{"self":[{"href":"https:\/\/www.conselharan.org\/es\/wp-json\/wp\/v2\/pages\/39125"}],"collection":[{"href":"https:\/\/www.conselharan.org\/es\/wp-json\/wp\/v2\/pages"}],"about":[{"href":"https:\/\/www.conselharan.org\/es\/wp-json\/wp\/v2\/types\/page"}],"author":[{"embeddable":true,"href":"https:\/\/www.conselharan.org\/es\/wp-json\/wp\/v2\/users\/8"}],"replies":[{"embeddable":true,"href":"https:\/\/www.conselharan.org\/es\/wp-json\/wp\/v2\/comments?post=39125"}],"version-history":[{"count":1,"href":"https:\/\/www.conselharan.org\/es\/wp-json\/wp\/v2\/pages\/39125\/revisions"}],"predecessor-version":[{"id":40064,"href":"https:\/\/www.conselharan.org\/es\/wp-json\/wp\/v2\/pages\/39125\/revisions\/40064"}],"up":[{"embeddable":true,"href":"https:\/\/www.conselharan.org\/es\/wp-json\/wp\/v2\/pages\/39095"}],"wp:attachment":[{"href":"https:\/\/www.conselharan.org\/es\/wp-json\/wp\/v2\/media?parent=39125"}],"curies":[{"name":"wp","href":"https:\/\/api.w.org\/{rel}","templated":true}]}}