{"id":39254,"date":"2021-01-12T12:57:26","date_gmt":"2021-01-12T11:57:26","guid":{"rendered":"https:\/\/www.conselharan.org\/patrimoni-culturau-dera-val-daran\/actuacions-patrimoni-en-2009\/intervencion-arqueologica-en-casteth-leon\/"},"modified":"2021-01-12T12:57:55","modified_gmt":"2021-01-12T11:57:55","slug":"intervencion-arqueologica-en-casteth-leon","status":"publish","type":"page","link":"https:\/\/www.conselharan.org\/es\/cultura\/patrimoni-culturau-dera-val-daran\/actuacions-patrimoni-en-2009\/intervencion-arqueologica-en-casteth-leon\/","title":{"rendered":"Intervencion arqueologica en Cast\u00e8th Leon"},"content":{"rendered":"<p>Eth Conselh Generau d\u2019Aran amie a t\u00e8rme ua importanta intervencion arqueologica en Cast\u00e8th Leon, ena localitat d\u2019Es B\u00f2rdes. Eth jadiment, en un tuc\u00f2 estrategicament pla\u00e7at sus era conflu\u00e9ncia des arrius Garona e Joeu, siguec era principau fortificacion dera Val d\u2019Aran, des de 1283 quan siguec bastida pes francesi que jos es ordes deth senescau de Tolosa, Eustaqui de Beaumarchais, aucup\u00e8ren en aguest moment era Val d\u2019Aran e enquiara sua des\u2022h\u00e8ta definitiva en 1719.<\/p>\n<p>Eth cast\u00e8th siguec era seden\u00e7a deth gobernador, representant militar e cap dera administracion reiau en Aran. En s\u00e8gle XVI, es gu\u00e8rres que Carles I e Felip II d\u2019Espanha ami\u00e8ren contra Fran\u00e7a, convertiren Cast\u00e8th Leon en ua des m\u00e8s importantes fortaleses dera termi\u00e8ra. Ent\u00e0 pr\u2019amor d\u2019aquer\u00f2, eth cast\u00e8th siguec obj\u00e8cte de diu\u00e8rses e plan importantes \u00f2bres de refortilhament. En s\u00e8gle seg\u00fcent, en cors des gu\u00e8rres des Segadors (1640-1652) e de Succession (1701-1715) eth cast\u00e8th siguec scenari de sagnoses lutes.<\/p>\n<p>Pr\u2019amor d\u2019aquer\u00f2, Cast\u00e8th Leon a generat grana quantitat de documentacion escrita e grafica. Des der an 2004, eth Conselh Generau d\u2019Aran, a prebotjat quate campanhes d\u2019intervencion arqueologica que p\u00f2ga p\u00f2c an permetut m\u00e9ter ara lum quauques bastisses d\u2019ep\u00f2ca medievau e mod\u00e8rna (trams de muralha, era fondamentacion dera tor m\u00e8stra, des bestors de Santa Barbara e St. Jaime e era cas\u00e8rna des soldats) e es niv\u00e8us d\u2019aucupacion d\u2019ep\u00f2ca mod\u00e8rna, plan rics en materiaus arqueologics ( ceramica, veire, despari\u00e8rs tipes de projectils de bronze e h\u00e8r e sustot abondoses r\u00e8stes ossoses des animaus qu\u2019integrauen era di\u00e8ta dera tropa), \u00e7\u00f2 que permet desnishar f\u00f2r\u00e7a asp\u00e8ctes dera vida vidanta en cast\u00e8th pendent aguesta ep\u00f2ca.. Era actuau intervencion, que tamb un c\u00f2st de 75.000\u20ac supause ua ap\u00f2sta decidida per part deth Conselh Generau d\u2019Aran entara recuperacion de Cast\u00e8th Leon, finalizar\u00e0 ena tardor.<\/p>\n<p>Pendent aguesta, ath del\u00e0 de proseguir tamb es trabalhs de catament ja encetadi, s\u2019a amiat ua importanta campanha de neteja e deserbament qu\u2019a permetut eliminar era vegetacion grimpanta qu\u2019emmascaraue es pans de muralha conservadi enes costats septentrionau e occidentau deth recinte.<\/p>\n<p>Ent\u00e0 frenar era degradacion des estructures arquitectoniques recuperades e ath madeish temps facilitar era sua mielhor comprension per part des visitants, ei previst er assolidament e recreishement d\u2019aguestes estructures, en tot emplegar entad aquer\u00f2 p\u00e8ires origin\u00e0ries deth jadiment recuperades en proc\u00e8s de catament e es tecniques constructives pr\u00f2pies des estructures (tenguda de mort\u00e8r de caudia coma aglutinant o ben de p\u00e8ira seca segontes eth cas), totun que coma m\u00e8rque era normativa aplicabla en mat\u00e8ria de restauracion patrimoniau, diferenciant tostemps de man\u00e8ra clara es elements antics d\u2019aqueri reh\u00e8ts.<\/p>\n ","protected":false},"excerpt":{"rendered":"<p>Eth Conselh Generau d\u2019Aran amie a t\u00e8rme ua importanta intervencion arqueologica en Cast\u00e8th Leon, ena localitat d\u2019Es B\u00f2rdes. Eth jadiment, en un tuc\u00f2 estrategicament pla\u00e7at sus era conflu\u00e9ncia des arrius Garona e Joeu, siguec era principau fortificacion dera Val d\u2019Aran, des de 1283 quan siguec bastida pes francesi que jos es ordes deth senescau de&#8230;<\/p>\n","protected":false},"author":8,"featured_media":0,"parent":38618,"menu_order":0,"comment_status":"closed","ping_status":"closed","template":"page-full.php","meta":{"footnotes":""},"_links":{"self":[{"href":"https:\/\/www.conselharan.org\/es\/wp-json\/wp\/v2\/pages\/39254"}],"collection":[{"href":"https:\/\/www.conselharan.org\/es\/wp-json\/wp\/v2\/pages"}],"about":[{"href":"https:\/\/www.conselharan.org\/es\/wp-json\/wp\/v2\/types\/page"}],"author":[{"embeddable":true,"href":"https:\/\/www.conselharan.org\/es\/wp-json\/wp\/v2\/users\/8"}],"replies":[{"embeddable":true,"href":"https:\/\/www.conselharan.org\/es\/wp-json\/wp\/v2\/comments?post=39254"}],"version-history":[{"count":1,"href":"https:\/\/www.conselharan.org\/es\/wp-json\/wp\/v2\/pages\/39254\/revisions"}],"predecessor-version":[{"id":39257,"href":"https:\/\/www.conselharan.org\/es\/wp-json\/wp\/v2\/pages\/39254\/revisions\/39257"}],"up":[{"embeddable":true,"href":"https:\/\/www.conselharan.org\/es\/wp-json\/wp\/v2\/pages\/38618"}],"wp:attachment":[{"href":"https:\/\/www.conselharan.org\/es\/wp-json\/wp\/v2\/media?parent=39254"}],"curies":[{"name":"wp","href":"https:\/\/api.w.org\/{rel}","templated":true}]}}