{"id":39267,"date":"2021-01-12T13:05:53","date_gmt":"2021-01-12T12:05:53","guid":{"rendered":"https:\/\/www.conselharan.org\/patrimoni-culturau-dera-val-daran\/actuacions-patrimoni-en-2008\/"},"modified":"2021-01-13T12:54:54","modified_gmt":"2021-01-13T11:54:54","slug":"actuacions-patrimoni-en-2008","status":"publish","type":"page","link":"https:\/\/www.conselharan.org\/es\/cultura\/patrimoni-culturau-dera-val-daran\/actuacions-patrimoni-en-2008\/","title":{"rendered":"Actuacions patrim\u00f2ni en 2008"},"content":{"rendered":"<p>[vc_row][vc_column][vc_column_text]<a href=\"https:\/\/www.conselharan.org\/cultura\/patrimoni-culturau-dera-val-daran\/actuacions-patrimoni-en-2008\/projecte-basic-e-dexecucion-des-obres-de-restauracion-dera-gleisa-de-santa-maria-darties\/\">Proj\u00e8cte basic e d\u2019execucion des \u00f2bres de restauracion dera gl\u00e8isa de Santa Maria d\u2019Arties<\/a><\/p>\n<p><a href=\"https:\/\/www.conselharan.org\/cultura\/patrimoni-culturau-dera-val-daran\/actuacions-patrimoni-en-2008\/un-nau-sistema-expositiu-acuelh-eth-crist-de-mijaran\/\">Un nau sist\u00e8ma expositiu acuelh eth Crist de Mijaran<\/a><\/p>\n<p><a href=\"https:\/\/www.conselharan.org\/cultura\/patrimoni-culturau-dera-val-daran\/actuacions-patrimoni-en-2008\/actuacion-ena-gleisa-deth-roser-daubert\/\">Actuacion ena gl\u00e8isa deth Ros\u00e8r d\u2019Aub\u00e8rt<\/a><\/p>\n<p><a href=\"https:\/\/www.conselharan.org\/cultura\/patrimoni-culturau-dera-val-daran\/actuacions-patrimoni-en-2008\/apraiament-deth-losat-deth-campanau-de-sant-peir-de-betlan\/\">Apraiament deth losat deth campanau de Sant P\u00e8ir de Betlan<\/a><\/p>\n<p><a href=\"https:\/\/www.conselharan.org\/cultura\/patrimoni-culturau-dera-val-daran\/actuacions-patrimoni-en-2008\/renovacion-dera-coberta-dera-glcisa-de-st-miqueu-de-vielha\/\">Renovacion dera cob\u00e8rta dera gl\u00e8isa de St. Miqu\u00e8u de Vielha<\/a><\/p>\n<p>Restauracion deth Crist de Casarilh<\/p>\n<p><a href=\"https:\/\/www.conselharan.org\/cultura\/patrimoni-culturau-dera-val-daran\/actuacions-patrimoni-en-2008\/cataments-arqueologics-ena-necropolis-deth-haro-de-garos\/\">Cataments arqueologics ena necropolis deth Haro de Gar\u00f2s<\/a><\/p>\n<p><a href=\"https:\/\/www.conselharan.org\/cultura\/patrimoni-culturau-dera-val-daran\/actuacions-patrimoni-en-2008\/exposicion-aran-clavis-regni\/\">Exposicion Aran Clavis Regni<\/a><\/p>\n<p><a href=\"https:\/\/www.conselharan.org\/cultura\/patrimoni-culturau-dera-val-daran\/actuacions-patrimoni-en-2008\/prospeccion-en-beret\/\">Prospeccion en Beret<\/a><\/p>\n<p><a href=\"https:\/\/www.conselharan.org\/cultura\/patrimoni-culturau-dera-val-daran\/actuacions-patrimoni-en-2008\/reanudacion-des-expedients-enta-declarar-es-gleises-de-salardu-unha-e-bossost-coma-bens-culturaus-dauviatge\/\">Reanudacion des expedients ent\u00e0 declarar es gl\u00e8ises de Salard\u00fa, Unha e Boss\u00f2st coma Bens Culturaus d&#8217;Auviatge<\/a><\/p>\n<p><a href=\"https:\/\/www.conselharan.org\/cultura\/patrimoni-culturau-dera-val-daran\/actuacions-patrimoni-en-2008\/reproduccion-virtuau-des-pintures-romaniques-de-sta-maria-de-cap-daran\/\">Reproduccion virtuau des pintures romaniques de Sta. Maria de Cap d\u2019Aran<\/a><\/p>\n<p><a href=\"https:\/\/www.conselharan.org\/cultura\/patrimoni-culturau-dera-val-daran\/actuacions-patrimoni-en-2008\/projecte-museografic-e-de-seguretat-deth-crist-de-salardu\/\">Proj\u00e8cte museografic e de seguretat deth Crist de Salard\u00fa<\/a>[\/vc_column_text][\/vc_column][\/vc_row]<\/p>\n ","protected":false},"excerpt":{"rendered":"<p>[vc_row][vc_column][vc_column_text]Proj\u00e8cte basic e d\u2019execucion des \u00f2bres de restauracion dera gl\u00e8isa de Santa Maria d\u2019Arties Un nau sist\u00e8ma expositiu acuelh eth Crist de Mijaran Actuacion ena gl\u00e8isa deth Ros\u00e8r d\u2019Aub\u00e8rt Apraiament deth losat deth campanau de Sant P\u00e8ir de Betlan Renovacion dera cob\u00e8rta dera gl\u00e8isa de St. Miqu\u00e8u de Vielha Restauracion deth Crist de Casarilh Cataments&#8230;<\/p>\n","protected":false},"author":8,"featured_media":0,"parent":38580,"menu_order":0,"comment_status":"closed","ping_status":"closed","template":"page-full.php","meta":{"footnotes":""},"_links":{"self":[{"href":"https:\/\/www.conselharan.org\/es\/wp-json\/wp\/v2\/pages\/39267"}],"collection":[{"href":"https:\/\/www.conselharan.org\/es\/wp-json\/wp\/v2\/pages"}],"about":[{"href":"https:\/\/www.conselharan.org\/es\/wp-json\/wp\/v2\/types\/page"}],"author":[{"embeddable":true,"href":"https:\/\/www.conselharan.org\/es\/wp-json\/wp\/v2\/users\/8"}],"replies":[{"embeddable":true,"href":"https:\/\/www.conselharan.org\/es\/wp-json\/wp\/v2\/comments?post=39267"}],"version-history":[{"count":12,"href":"https:\/\/www.conselharan.org\/es\/wp-json\/wp\/v2\/pages\/39267\/revisions"}],"predecessor-version":[{"id":39416,"href":"https:\/\/www.conselharan.org\/es\/wp-json\/wp\/v2\/pages\/39267\/revisions\/39416"}],"up":[{"embeddable":true,"href":"https:\/\/www.conselharan.org\/es\/wp-json\/wp\/v2\/pages\/38580"}],"wp:attachment":[{"href":"https:\/\/www.conselharan.org\/es\/wp-json\/wp\/v2\/media?parent=39267"}],"curies":[{"name":"wp","href":"https:\/\/api.w.org\/{rel}","templated":true}]}}