{"id":39290,"date":"2021-01-12T16:42:24","date_gmt":"2021-01-12T15:42:24","guid":{"rendered":"https:\/\/www.conselharan.org\/patrimoni-culturau-dera-val-daran\/actuacions-patrimoni-en-2008\/projecte-basic-e-dexecucion-des-obres-de-restauracion-dera-gleisa-de-santa-maria-darties\/"},"modified":"2021-01-13T09:25:16","modified_gmt":"2021-01-13T08:25:16","slug":"projecte-basic-e-dexecucion-des-obres-de-restauracion-dera-gleisa-de-santa-maria-darties","status":"publish","type":"page","link":"https:\/\/www.conselharan.org\/es\/cultura\/patrimoni-culturau-dera-val-daran\/actuacions-patrimoni-en-2008\/projecte-basic-e-dexecucion-des-obres-de-restauracion-dera-gleisa-de-santa-maria-darties\/","title":{"rendered":"Proj\u00e8cte basic e d\u2019execucion des \u00f2bres de restauracion dera gl\u00e8isa de Santa Maria d\u2019Arties"},"content":{"rendered":"<p>Frut dera collaboracion entre Bisbat d\u2019Urgelh, Generalitat de Catalonha e Conselh Generau d\u2019Aran son es trabalhs de restauracion ena gl\u00e8isa de Santa Maria d\u2019Arties, (BCIN), que comenceren en agost de 2007 tamb es cataments arqueologics ent\u00e0 documentar de man\u00e8ra prealabla er airau a intervier pendent era execucion deth proj\u00e8cte d\u2019assolidament dera cabec\u00e8ra dera gl\u00e8isa.<\/p>\n<p>Es trabalhs arqueologics an permut recuperar era fondamentacion dera absida despareishuda e ath del\u00e0 an metut ara lum es r\u00e8stes d\u2019ua gl\u00e8isa preromanica anteriora e dera muralha der antic cast\u00e8th qu\u2019entoraue era gl\u00e8isa, e encara dej\u00f3s un conjunt de sepultures, que se remonten a prumeries dera nauta edat mieja (s VI-VII), era datacion precisa des quaus la deteminaran es resultats des pr\u00f2ves de C14.<\/p>\n<p>Ath laguens dera gl\u00e8isa es cataments an localizat tanben sepultures e es gradons deth presbit\u00e8ri originari.<\/p>\n<p>Dess\u00fas dera fonamentacion romanica comence a lheuar-se era naua absida<\/p>\n<p>Era localizacion dera fondamentacion dera absida romanica a permetut qu\u2019eth rebastiment d\u2019aguesta s\u2019age amiat cossent ath tra\u00e7at e corbatura dera absida origin\u00e0ria.<\/p>\n<p>Tanben s\u2019an podut integrar en rebastiment quauqui materiaus constructius origin\u00e0ris recuperadi pendent en cors des cataments e d\u2019auti que se sauvauen ena gl\u00e8isa (fragments de cornisa, lumedans des hi\u00e8stres, carr\u00e8us, etc).<\/p>\n<p>Era trobalha in situ dera hi\u00e8stra laterau meridionau en moment d\u2019esbaussar eth mur que demoraue en p\u00e8 dera antica sacristia, e er h\u00e8t de possedir es lumedars originaris des autes dues, a permetut compdar tamb informacion suficienta, ent\u00e0 dotar de man\u00e8ra fideligna, era naua absida des tres hi\u00e8stres abituaus romaniques.<\/p>\n<p>Hi\u00e8stra laterau de meddia descob\u00e8rta in situ en esbaussar eth mur dera antica sacristia<\/p>\n<p>Era absida comence a cr\u00e9isher<\/p>\n<p>Entara r\u00e8sta de mur s\u2019a emplegat p\u00e8ira de Sant Beat, plan pariona ara dera marm\u00e8ra d\u2019Arties, actuaument inactiva, tamb que se bastic era gl\u00e8isa. Totun, en tractament deth mur, cossent tamb \u00e7\u00f2 qu\u2019establ\u00eds era normativa ent\u00e0s intervencions en deth patrim\u00f2ni culturau, non ei mimetic, en tot diferenciar clarament es elements antics des naui.<\/p>\n<p>Parall\u00e8lament, s\u2019a amiat a t\u00e8rme er assolidament de tota era fa\u00e7ada \u00e8st mejan\u00e7ant micropilotatges, en tot restacar-la ara r\u00e8sta dera estructura arquitectonica, dej\u00e0 assolidada en 1999.<\/p>\n<p>En tot bastir era v\u00f2uta<\/p>\n<p>Restacant es murs dera cabec\u00e8ra tamb eth sist\u00e8ma de micropilotatges<\/p>\n<p>S\u2019a h\u00e8t a coincidir era execucion deth proj\u00e8cte d\u2019assolidament dera cabec\u00e8ra dera gl\u00e8isa tamb d\u2019autes actuacions de besonh en s\u00f2n interior, qu\u2019actuaument son en cors de realizacion: er assolidament e restatauracion des tribunes deth c\u00f2ro e era reorganizacion e pavimentacion der espaci deth presbit\u00e8ri.<\/p>\n<p>Es trabalhs de restauracion e assolidament des tribunes deth c\u00f2ro<\/p>\n ","protected":false},"excerpt":{"rendered":"<p>Frut dera collaboracion entre Bisbat d\u2019Urgelh, Generalitat de Catalonha e Conselh Generau d\u2019Aran son es trabalhs de restauracion ena gl\u00e8isa de Santa Maria d\u2019Arties, (BCIN), que comenceren en agost de 2007 tamb es cataments arqueologics ent\u00e0 documentar de man\u00e8ra prealabla er airau a intervier pendent era execucion deth proj\u00e8cte d\u2019assolidament dera cabec\u00e8ra dera gl\u00e8isa. Es&#8230;<\/p>\n","protected":false},"author":8,"featured_media":0,"parent":39267,"menu_order":0,"comment_status":"closed","ping_status":"closed","template":"page-full.php","meta":{"footnotes":""},"_links":{"self":[{"href":"https:\/\/www.conselharan.org\/es\/wp-json\/wp\/v2\/pages\/39290"}],"collection":[{"href":"https:\/\/www.conselharan.org\/es\/wp-json\/wp\/v2\/pages"}],"about":[{"href":"https:\/\/www.conselharan.org\/es\/wp-json\/wp\/v2\/types\/page"}],"author":[{"embeddable":true,"href":"https:\/\/www.conselharan.org\/es\/wp-json\/wp\/v2\/users\/8"}],"replies":[{"embeddable":true,"href":"https:\/\/www.conselharan.org\/es\/wp-json\/wp\/v2\/comments?post=39290"}],"version-history":[{"count":1,"href":"https:\/\/www.conselharan.org\/es\/wp-json\/wp\/v2\/pages\/39290\/revisions"}],"predecessor-version":[{"id":39293,"href":"https:\/\/www.conselharan.org\/es\/wp-json\/wp\/v2\/pages\/39290\/revisions\/39293"}],"up":[{"embeddable":true,"href":"https:\/\/www.conselharan.org\/es\/wp-json\/wp\/v2\/pages\/39267"}],"wp:attachment":[{"href":"https:\/\/www.conselharan.org\/es\/wp-json\/wp\/v2\/media?parent=39290"}],"curies":[{"name":"wp","href":"https:\/\/api.w.org\/{rel}","templated":true}]}}