{"id":39308,"date":"2021-01-13T10:02:48","date_gmt":"2021-01-13T09:02:48","guid":{"rendered":"https:\/\/www.conselharan.org\/actuacion-ena-gleisa-deth-roser-daubert\/"},"modified":"2021-01-13T10:05:25","modified_gmt":"2021-01-13T09:05:25","slug":"actuacion-ena-gleisa-deth-roser-daubert","status":"publish","type":"page","link":"https:\/\/www.conselharan.org\/es\/cultura\/patrimoni-culturau-dera-val-daran\/actuacions-patrimoni-en-2008\/actuacion-ena-gleisa-deth-roser-daubert\/","title":{"rendered":"Actuacion ena gl\u00e8isa deth Ros\u00e8r d\u2019Aub\u00e8rt"},"content":{"rendered":"<p>En tot profitar era dubertura d\u2019un viau e es \u00f2bres de pavimentacion dera pla\u00e7a d\u2019Aub\u00e8rt, eth Conselh Generau d\u2019Aran a balhat sup\u00f2rt tecnic e economic ara EMD d\u2019Aub\u00e8rt ent\u00e0 h\u00e8r ua actuacion de drenatge e sanejament ena gl\u00e8isa deth Ros\u00e8r d\u2019Aub\u00e8rt tamb era fin d\u2019eliminar es gr\u00e8us umetats que patie enes murs deth costat n\u00f2rd e \u00e8st.<\/p>\n<p>Era actuacion a consistit en rebaishament exterior deth terren per aguesti costats enquia art\u00e9nher eth niv\u00e8u deth laguens dera gl\u00e8isa, era impermeabilizacion des murs e eth bastiment d\u2019un canau perimetrau ent\u00e0 recuelhe es aig\u00fces pluviaus.<\/p>\n<p>Era \u00f2bra sup\u00f2se ua inversion de 18.000 \u00e8uros, des quaus eth Conselh ne finance eth 70% en base ath nau protoc\u00f2l d&#8217;intervencions en Patrim\u00f2ni.<\/p>\n<p>Eth Conselh Generau a previst completar era actuacion tamb un sanejament der interior deth campanau que se lheue ath dess\u00fas dera v\u00f2uta deth presbiteri.<\/p>\n ","protected":false},"excerpt":{"rendered":"<p>En tot profitar era dubertura d\u2019un viau e es \u00f2bres de pavimentacion dera pla\u00e7a d\u2019Aub\u00e8rt, eth Conselh Generau d\u2019Aran a balhat sup\u00f2rt tecnic e economic ara EMD d\u2019Aub\u00e8rt ent\u00e0 h\u00e8r ua actuacion de drenatge e sanejament ena gl\u00e8isa deth Ros\u00e8r d\u2019Aub\u00e8rt tamb era fin d\u2019eliminar es gr\u00e8us umetats que patie enes murs deth costat n\u00f2rd&#8230;<\/p>\n","protected":false},"author":8,"featured_media":0,"parent":39267,"menu_order":0,"comment_status":"closed","ping_status":"closed","template":"page-full.php","meta":{"footnotes":""},"_links":{"self":[{"href":"https:\/\/www.conselharan.org\/es\/wp-json\/wp\/v2\/pages\/39308"}],"collection":[{"href":"https:\/\/www.conselharan.org\/es\/wp-json\/wp\/v2\/pages"}],"about":[{"href":"https:\/\/www.conselharan.org\/es\/wp-json\/wp\/v2\/types\/page"}],"author":[{"embeddable":true,"href":"https:\/\/www.conselharan.org\/es\/wp-json\/wp\/v2\/users\/8"}],"replies":[{"embeddable":true,"href":"https:\/\/www.conselharan.org\/es\/wp-json\/wp\/v2\/comments?post=39308"}],"version-history":[{"count":1,"href":"https:\/\/www.conselharan.org\/es\/wp-json\/wp\/v2\/pages\/39308\/revisions"}],"predecessor-version":[{"id":39311,"href":"https:\/\/www.conselharan.org\/es\/wp-json\/wp\/v2\/pages\/39308\/revisions\/39311"}],"up":[{"embeddable":true,"href":"https:\/\/www.conselharan.org\/es\/wp-json\/wp\/v2\/pages\/39267"}],"wp:attachment":[{"href":"https:\/\/www.conselharan.org\/es\/wp-json\/wp\/v2\/media?parent=39308"}],"curies":[{"name":"wp","href":"https:\/\/api.w.org\/{rel}","templated":true}]}}