{"id":39341,"date":"2021-01-13T10:16:12","date_gmt":"2021-01-13T09:16:12","guid":{"rendered":"https:\/\/www.conselharan.org\/patrimoni-culturau-dera-val-daran\/actuacions-patrimoni-en-2008\/cataments-arqueologics-ena-necropolis-deth-haro-de-garos\/"},"modified":"2021-01-13T10:16:12","modified_gmt":"2021-01-13T09:16:12","slug":"cataments-arqueologics-ena-necropolis-deth-haro-de-garos","status":"publish","type":"page","link":"https:\/\/www.conselharan.org\/es\/cultura\/patrimoni-culturau-dera-val-daran\/actuacions-patrimoni-en-2008\/cataments-arqueologics-ena-necropolis-deth-haro-de-garos\/","title":{"rendered":"Cataments arqueologics ena necropolis deth Haro de Gar\u00f2s"},"content":{"rendered":"<p>Era EMD d\u2019Arties e Gar\u00f2s tamb eth sup\u00f2rt deth Conselh Generau d\u2019Aran a iniciat es cataments arqueologics ena necropolis deth Har\u00f2 de Gar\u00f2s. Es trablahs que supausen ua inversion de 14.000\u20ac an er objectiu de dignificar e con\u00e9isher tamb major prigonditat aguesta necropolis, descurbida en 1993 pendent era ampliacion deth Camin deth Calvari de Gar\u00f2s e obj\u00e8cte ja alavetz d\u2019uns cataments d\u2019urg\u00e9ncia que permeteren era identificacion de 21 sepultures en diferents niv\u00e8us arqueologics que cronol\u00f2gicament abra\u00e7arien des dera Baisha Edat Antica (s. IV-VdC) a un moment indeterminat dera Nauta Edat Mieja. Ja alavetz se poguec comprovar qu\u2019era necrop\u00f2lis s\u2019extenie per un airau plan ampli.<\/p>\n<p>Era campanha d\u2019enguan encara en cors d\u2019execucion s\u2019a centrat per en un airau m\u00e8s ath n\u00f2rd en un airau de 3m x 10 m de longada a on an tornat a apar\u00e9isher ua seq\u00fc\u00e9ncia estratigrafica de 2 m de prigonditat a on se superpausen ua grana quantitat d\u2019enterraments en cista qu\u2019an d\u2019aportar ua plan valuosa informacion entath coneishement d\u2019aguest oscur periode istoric.<\/p>\n ","protected":false},"excerpt":{"rendered":"<p>Era EMD d\u2019Arties e Gar\u00f2s tamb eth sup\u00f2rt deth Conselh Generau d\u2019Aran a iniciat es cataments arqueologics ena necropolis deth Har\u00f2 de Gar\u00f2s. Es trablahs que supausen ua inversion de 14.000\u20ac an er objectiu de dignificar e con\u00e9isher tamb major prigonditat aguesta necropolis, descurbida en 1993 pendent era ampliacion deth Camin deth Calvari de Gar\u00f2s&#8230;<\/p>\n","protected":false},"author":8,"featured_media":0,"parent":39267,"menu_order":0,"comment_status":"closed","ping_status":"closed","template":"page-full.php","meta":{"footnotes":""},"_links":{"self":[{"href":"https:\/\/www.conselharan.org\/es\/wp-json\/wp\/v2\/pages\/39341"}],"collection":[{"href":"https:\/\/www.conselharan.org\/es\/wp-json\/wp\/v2\/pages"}],"about":[{"href":"https:\/\/www.conselharan.org\/es\/wp-json\/wp\/v2\/types\/page"}],"author":[{"embeddable":true,"href":"https:\/\/www.conselharan.org\/es\/wp-json\/wp\/v2\/users\/8"}],"replies":[{"embeddable":true,"href":"https:\/\/www.conselharan.org\/es\/wp-json\/wp\/v2\/comments?post=39341"}],"version-history":[{"count":0,"href":"https:\/\/www.conselharan.org\/es\/wp-json\/wp\/v2\/pages\/39341\/revisions"}],"up":[{"embeddable":true,"href":"https:\/\/www.conselharan.org\/es\/wp-json\/wp\/v2\/pages\/39267"}],"wp:attachment":[{"href":"https:\/\/www.conselharan.org\/es\/wp-json\/wp\/v2\/media?parent=39341"}],"curies":[{"name":"wp","href":"https:\/\/api.w.org\/{rel}","templated":true}]}}