{"id":39367,"date":"2021-01-13T10:32:39","date_gmt":"2021-01-13T09:32:39","guid":{"rendered":"https:\/\/www.conselharan.org\/patrimoni-culturau-dera-val-daran\/actuacions-patrimoni-en-2008\/prospeccion-en-beret\/"},"modified":"2021-01-13T10:32:39","modified_gmt":"2021-01-13T09:32:39","slug":"prospeccion-en-beret","status":"publish","type":"page","link":"https:\/\/www.conselharan.org\/es\/cultura\/patrimoni-culturau-dera-val-daran\/actuacions-patrimoni-en-2008\/prospeccion-en-beret\/","title":{"rendered":"Prospeccion en Beret"},"content":{"rendered":"<p>Pendent eth mes de seteme s\u2019amiat ua campanha de prospeccion arqueologica en Plan de Beret. Era rec\u00e8rca promoiguda per Ajuntament de Naut Aran tamb eth sup\u00f2rt tecnic der Airau de Patrim\u00f2ni Culturau deth Conselh Generau d\u2019Aran, rastrejar\u00e0 de man\u00e8ra sistematica er airau a on se proj\u00e8cte implantar eth camp de golf o tanben er afectat peth bastiment de quauques infraestructures naues per part dera estacion d\u2019esqui de Baqueira Beret, ent\u00e0 documentar de manera exaustiva eth par\u00e7an ent\u00e0 qu\u2019era execucion d\u2019aguesti proj\u00e8ctes non supausi ua p\u00e8rta enes valors arqueologics deth par\u00e7an.<\/p>\n ","protected":false},"excerpt":{"rendered":"<p>Pendent eth mes de seteme s\u2019amiat ua campanha de prospeccion arqueologica en Plan de Beret. Era rec\u00e8rca promoiguda per Ajuntament de Naut Aran tamb eth sup\u00f2rt tecnic der Airau de Patrim\u00f2ni Culturau deth Conselh Generau d\u2019Aran, rastrejar\u00e0 de man\u00e8ra sistematica er airau a on se proj\u00e8cte implantar eth camp de golf o tanben er afectat&#8230;<\/p>\n","protected":false},"author":8,"featured_media":0,"parent":39267,"menu_order":0,"comment_status":"closed","ping_status":"closed","template":"page-full.php","meta":{"footnotes":""},"_links":{"self":[{"href":"https:\/\/www.conselharan.org\/es\/wp-json\/wp\/v2\/pages\/39367"}],"collection":[{"href":"https:\/\/www.conselharan.org\/es\/wp-json\/wp\/v2\/pages"}],"about":[{"href":"https:\/\/www.conselharan.org\/es\/wp-json\/wp\/v2\/types\/page"}],"author":[{"embeddable":true,"href":"https:\/\/www.conselharan.org\/es\/wp-json\/wp\/v2\/users\/8"}],"replies":[{"embeddable":true,"href":"https:\/\/www.conselharan.org\/es\/wp-json\/wp\/v2\/comments?post=39367"}],"version-history":[{"count":0,"href":"https:\/\/www.conselharan.org\/es\/wp-json\/wp\/v2\/pages\/39367\/revisions"}],"up":[{"embeddable":true,"href":"https:\/\/www.conselharan.org\/es\/wp-json\/wp\/v2\/pages\/39267"}],"wp:attachment":[{"href":"https:\/\/www.conselharan.org\/es\/wp-json\/wp\/v2\/media?parent=39367"}],"curies":[{"name":"wp","href":"https:\/\/api.w.org\/{rel}","templated":true}]}}