{"id":39376,"date":"2021-01-13T10:36:09","date_gmt":"2021-01-13T09:36:09","guid":{"rendered":"https:\/\/www.conselharan.org\/patrimoni-culturau-dera-val-daran\/actuacions-patrimoni-en-2008\/reanudacion-des-expedients-enta-declarar-es-gleises-de-salardu-unha-e-bossost-coma-bens-culturaus-dauviatge\/"},"modified":"2021-01-13T10:36:09","modified_gmt":"2021-01-13T09:36:09","slug":"reanudacion-des-expedients-enta-declarar-es-gleises-de-salardu-unha-e-bossost-coma-bens-culturaus-dauviatge","status":"publish","type":"page","link":"https:\/\/www.conselharan.org\/es\/cultura\/patrimoni-culturau-dera-val-daran\/actuacions-patrimoni-en-2008\/reanudacion-des-expedients-enta-declarar-es-gleises-de-salardu-unha-e-bossost-coma-bens-culturaus-dauviatge\/","title":{"rendered":"Reanudacion des expedients ent\u00e0 declarar es gl\u00e8ises de Salard\u00fa, Unha e Boss\u00f2st coma Bens Culturaus d\u2019Auviatge"},"content":{"rendered":"<p>Eth Conselh Generau d\u2019Aran, cossent tamb er ac\u00f2rd dera Comission d\u2019Auviatge, a era volontat d\u2019art\u00e9nher era declaracion coma Ben Culturau d\u2019Inter\u00e9s Nacionau (BCIN) ent\u00e0s gl\u00e8ises araneses artisiticament m\u00e9s subergessentes que demoren incoades des de 1976. En ua prum\u00e8ra fasa, eth conselh Generau d\u2019Aran a encomanat es mem\u00f2ries istoricoartistiques e era documentacion grafica des gl\u00e8ises de Salard\u00fa, Unha e Boss\u00f2st, Aguesta documentacion tanhent bastisses e des bens m\u00f2bles que i son vinculadi. Un c\u00f2p completada aguesta documentacion pendent era pr\u00f2pl\u00e8u tardoada, hen us dera facultat que le confer\u00eds era Lei 9\/1993, de 30 de seteme, deth Patrim\u00f2ni Culturau Catalan, redaurir\u00e0 eth procediment administratiu previst ena lei qu\u2019entre d\u2019auti requisits aur\u00e0 de compdar tamb es informes favorables deth Conselh Assessor deth Patrim\u00f2ni Culturau de Catalonha e der Institut d\u2019Estudis Catalans ent\u00e0 art\u00e9nher er ac\u00f2rd de declaracion per part dera Generalitat de Catalonha.<\/p>\n ","protected":false},"excerpt":{"rendered":"<p>Eth Conselh Generau d\u2019Aran, cossent tamb er ac\u00f2rd dera Comission d\u2019Auviatge, a era volontat d\u2019art\u00e9nher era declaracion coma Ben Culturau d\u2019Inter\u00e9s Nacionau (BCIN) ent\u00e0s gl\u00e8ises araneses artisiticament m\u00e9s subergessentes que demoren incoades des de 1976. En ua prum\u00e8ra fasa, eth conselh Generau d\u2019Aran a encomanat es mem\u00f2ries istoricoartistiques e era documentacion grafica des gl\u00e8ises de&#8230;<\/p>\n","protected":false},"author":8,"featured_media":0,"parent":39267,"menu_order":0,"comment_status":"closed","ping_status":"closed","template":"page-full.php","meta":{"footnotes":""},"_links":{"self":[{"href":"https:\/\/www.conselharan.org\/es\/wp-json\/wp\/v2\/pages\/39376"}],"collection":[{"href":"https:\/\/www.conselharan.org\/es\/wp-json\/wp\/v2\/pages"}],"about":[{"href":"https:\/\/www.conselharan.org\/es\/wp-json\/wp\/v2\/types\/page"}],"author":[{"embeddable":true,"href":"https:\/\/www.conselharan.org\/es\/wp-json\/wp\/v2\/users\/8"}],"replies":[{"embeddable":true,"href":"https:\/\/www.conselharan.org\/es\/wp-json\/wp\/v2\/comments?post=39376"}],"version-history":[{"count":0,"href":"https:\/\/www.conselharan.org\/es\/wp-json\/wp\/v2\/pages\/39376\/revisions"}],"up":[{"embeddable":true,"href":"https:\/\/www.conselharan.org\/es\/wp-json\/wp\/v2\/pages\/39267"}],"wp:attachment":[{"href":"https:\/\/www.conselharan.org\/es\/wp-json\/wp\/v2\/media?parent=39376"}],"curies":[{"name":"wp","href":"https:\/\/api.w.org\/{rel}","templated":true}]}}