{"id":39412,"date":"2021-01-13T12:30:27","date_gmt":"2021-01-13T11:30:27","guid":{"rendered":"https:\/\/www.conselharan.org\/patrimoni-culturau-dera-val-daran\/actuacions-patrimoni-en-2008\/projecte-museografic-e-de-seguretat-deth-crist-de-salardu\/"},"modified":"2021-01-13T12:30:27","modified_gmt":"2021-01-13T11:30:27","slug":"projecte-museografic-e-de-seguretat-deth-crist-de-salardu","status":"publish","type":"page","link":"https:\/\/www.conselharan.org\/es\/cultura\/patrimoni-culturau-dera-val-daran\/actuacions-patrimoni-en-2008\/projecte-museografic-e-de-seguretat-deth-crist-de-salardu\/","title":{"rendered":"Proj\u00e8cte museografic e de seguretat deth Crist de Salard\u00fa"},"content":{"rendered":"<p>Eth Conselh Generau d\u2019Aran, Ajuntament de Naut Aran, Bisbat d\u2019Urgell e Fondacion Jes\u00fas Serra an signat un conv\u00e8ni de collaboracion entara melhora deth sist\u00e8ma de presentacion deth Crist de Salard\u00fa enes condicions museografiques e de seguretat avientes atenut eth valor artistic dera p\u00e8\u00e7a deth s\u00e8gle XII.<\/p>\n<p>Er ac\u00f2rd que sup\u00f2se ua inversion de 75.000 \u00e8uros a de permeter contemplar d\u2019apr\u00f2p eth magnific trabalh escultoric e pictoric que possedissen tant eth Crist coma era Cr\u00e8u que lo sosti\u00e9 e ath del\u00e0 meter\u00e0 en valor mejan\u00e7ant ua illominacion avienta es b\u00e8res pintures renaishentistes que dec\u00f2ren es murs deth presbit\u00e8ri. Tanben se prev\u00e8 era reorganizacion des autars.<\/p>\n ","protected":false},"excerpt":{"rendered":"<p>Eth Conselh Generau d\u2019Aran, Ajuntament de Naut Aran, Bisbat d\u2019Urgell e Fondacion Jes\u00fas Serra an signat un conv\u00e8ni de collaboracion entara melhora deth sist\u00e8ma de presentacion deth Crist de Salard\u00fa enes condicions museografiques e de seguretat avientes atenut eth valor artistic dera p\u00e8\u00e7a deth s\u00e8gle XII. Er ac\u00f2rd que sup\u00f2se ua inversion de 75.000 \u00e8uros&#8230;<\/p>\n","protected":false},"author":8,"featured_media":0,"parent":39267,"menu_order":0,"comment_status":"closed","ping_status":"closed","template":"page-full.php","meta":{"footnotes":""},"_links":{"self":[{"href":"https:\/\/www.conselharan.org\/es\/wp-json\/wp\/v2\/pages\/39412"}],"collection":[{"href":"https:\/\/www.conselharan.org\/es\/wp-json\/wp\/v2\/pages"}],"about":[{"href":"https:\/\/www.conselharan.org\/es\/wp-json\/wp\/v2\/types\/page"}],"author":[{"embeddable":true,"href":"https:\/\/www.conselharan.org\/es\/wp-json\/wp\/v2\/users\/8"}],"replies":[{"embeddable":true,"href":"https:\/\/www.conselharan.org\/es\/wp-json\/wp\/v2\/comments?post=39412"}],"version-history":[{"count":0,"href":"https:\/\/www.conselharan.org\/es\/wp-json\/wp\/v2\/pages\/39412\/revisions"}],"up":[{"embeddable":true,"href":"https:\/\/www.conselharan.org\/es\/wp-json\/wp\/v2\/pages\/39267"}],"wp:attachment":[{"href":"https:\/\/www.conselharan.org\/es\/wp-json\/wp\/v2\/media?parent=39412"}],"curies":[{"name":"wp","href":"https:\/\/api.w.org\/{rel}","templated":true}]}}