{"id":39461,"date":"2020-12-30T11:37:14","date_gmt":"2020-12-30T10:37:14","guid":{"rendered":"https:\/\/www.conselharan.org\/patrimoni-culturau-dera-val-daran\/actuacions-patrimoni-en-2009\/projecte-museografic-e-de-seguretat-deth-crist-de-salardu\/"},"modified":"2020-12-30T11:37:14","modified_gmt":"2020-12-30T10:37:14","slug":"projecte-museografic-e-de-seguretat-deth-crist-de-salardu","status":"publish","type":"page","link":"https:\/\/www.conselharan.org\/es\/cultura\/patrimoni-culturau-dera-val-daran\/actuacions-patrimoni-en-2009\/projecte-museografic-e-de-seguretat-deth-crist-de-salardu\/","title":{"rendered":"Proj\u00e8cte museografic e de seguretat deth Crist de Salard\u00fa"},"content":{"rendered":"<p>[vc_row][vc_column][vc_column_text]En 2008 Conselh Generau d\u2019Aran, Ajuntament de Naut Aran, Bisbat d\u2019Urgell e Fondacion Jes\u00fas Serra sign\u00e8ren un conv\u00e8ni entara redaccion e execucion deth proj\u00e8cte museografic e de seguretat deth Crist de Salard\u00fa per un imp\u00f2rt de 75.000 \u00e8uros.<\/p>\n<p>Er ac\u00f2rd a per objectiu era mielhora des condicions expositives deth Crist de Salard\u00fa, ua \u00f2bra romanica, deth s\u00e8gle XII artisticament plan subergessenta, formada pera crotz processionau e emparada en era, ua imatge de Crist cossent damb era tipologia deth Crist sofrent, atribusida ath talh\u00e8r deth M\u00e8stre d\u2019Erill. Andues p\u00e8ces, talhades en husta, cons\u00e8rven, ath del\u00e0, grana part dera policromia originau, Eth Crist de Salard\u00fa hig ath s\u00f2n naut valor artistic, eth h\u00e8t d\u2019\u00e8ster ua imatge emblematica, plan estimada ena Val d\u2019Aran sus era quau existissen f\u00f2r\u00e7a legendes. Aguesta imatge, des de temps immemoriaus s\u2019a venerat ena absida centrau dera gl\u00e8isa parroquiau de Sant Andr\u00e8u de Salard\u00fa.<\/p>\n<p>Eth proj\u00e8cte tanben prev\u00e9 m\u00e9ter en valor es magnifiques pintures renaishentistes des s\u00e8gles XVI e inicis deth XVII que dec\u00f2ren es murs e v\u00f2utes e eth reishat deth s\u00e8gle XVI que barre er espaci absidiau, en tot dotar-les d\u2019ua illuminacion avienta e de mieis d\u2019interpretacion. Finaument tanben se contemple era reorganizacion e dignificacion des autars.<\/p>\n<p>Eth proj\u00e8cte museografic redactat pera empresa especializada cossent tamb es crit\u00e8ris der Airau de Patrim\u00f2ni Culturau deth Conselh Generau, siguec posteriorament aprovat pera Comission d\u2019Auviatge dera Val d\u2019Aran, e ara seguida, en mes d\u2019abriu comenc\u00e8ren es trabalhs d\u2019adequacion der espaci absidiau.<\/p>\n<p>En retirar era estructura de husta sus era quau enquia alavetz s\u2019auie expausat eth Crist de Salard\u00fa se descurbic eth pavement de l\u00f2ses dera absida qu\u2019integraue tres des basaments der antic autar, tamb decoracions de b\u00f2les e cordons d\u2019estil romanic e tanben dus des pilars ent\u00e0 sostier era taula der autar. Un d\u2019aguesti pilars presentaue ua cavitat interiora laguens a on se i trap\u00e8c un paqueton de rel\u00edquies que contiege quauqui fragments de uassi.<\/p>\n<p>Crist Salard\u00fa (anv\u00e8rs)<\/p>\n<p>Un detalh dera policromia dera crotz<\/p>\n<p>Basaments der antic autar romanic tamb decoracions de b\u00f2les e cordons[\/vc_column_text][\/vc_column][\/vc_row]<\/p>\n ","protected":false},"excerpt":{"rendered":"<p>[vc_row][vc_column][vc_column_text]En 2008 Conselh Generau d\u2019Aran, Ajuntament de Naut Aran, Bisbat d\u2019Urgell e Fondacion Jes\u00fas Serra sign\u00e8ren un conv\u00e8ni entara redaccion e execucion deth proj\u00e8cte museografic e de seguretat deth Crist de Salard\u00fa per un imp\u00f2rt de 75.000 \u00e8uros. Er ac\u00f2rd a per objectiu era mielhora des condicions expositives deth Crist de Salard\u00fa, ua \u00f2bra romanica,&#8230;<\/p>\n","protected":false},"author":8,"featured_media":0,"parent":38618,"menu_order":0,"comment_status":"closed","ping_status":"closed","template":"page-full.php","meta":{"footnotes":""},"_links":{"self":[{"href":"https:\/\/www.conselharan.org\/es\/wp-json\/wp\/v2\/pages\/39461"}],"collection":[{"href":"https:\/\/www.conselharan.org\/es\/wp-json\/wp\/v2\/pages"}],"about":[{"href":"https:\/\/www.conselharan.org\/es\/wp-json\/wp\/v2\/types\/page"}],"author":[{"embeddable":true,"href":"https:\/\/www.conselharan.org\/es\/wp-json\/wp\/v2\/users\/8"}],"replies":[{"embeddable":true,"href":"https:\/\/www.conselharan.org\/es\/wp-json\/wp\/v2\/comments?post=39461"}],"version-history":[{"count":0,"href":"https:\/\/www.conselharan.org\/es\/wp-json\/wp\/v2\/pages\/39461\/revisions"}],"up":[{"embeddable":true,"href":"https:\/\/www.conselharan.org\/es\/wp-json\/wp\/v2\/pages\/38618"}],"wp:attachment":[{"href":"https:\/\/www.conselharan.org\/es\/wp-json\/wp\/v2\/media?parent=39461"}],"curies":[{"name":"wp","href":"https:\/\/api.w.org\/{rel}","templated":true}]}}