{"id":454,"date":"2013-02-26T09:58:41","date_gmt":"2013-02-26T08:58:41","guid":{"rendered":"http:\/\/www.conselharan.org\/webs-institucionaus-2\/"},"modified":"2017-09-14T11:18:09","modified_gmt":"2017-09-14T09:18:09","slug":"webs-institucionaus","status":"publish","type":"page","link":"https:\/\/www.conselharan.org\/es\/webs-institucionaus\/","title":{"rendered":"\u00c1reas"},"content":{"rendered":"<p>[vc_row el_position=\u00bbfirst\u00bb][vc_column width=\u00bb1\/3&#8243; el_class=\u00bbbox-webs\u00bb][vc_single_image image=\u00bb2373&#8243; img_size=\u00bb288&#215;206&#8243; img_link=\u00bbhttp:\/\/www.lauegi.conselharan.org\/\u00bb el_position=\u00bbfirst\u00bb][vc_column_text el_class=\u00bbtexto-govern\u00bb el_position=\u00bblast\u00bb]<\/p>\n<p><a href=\"http:\/\/www.lauegi.conselharan.org\/\"><strong>Centro de aludes d&#8217;Aran<\/strong><\/a><\/p>\n<p>[\/vc_column_text][\/vc_column][vc_column width=\u00bb1\/3&#8243; el_class=\u00bbbox-webs\u00bb][vc_single_image image=\u00bb2369&#8243; img_size=\u00bb288&#215;206&#8243; img_link=\u00bbhttp:\/\/www.cultura.conselharan.org\/\u00bb el_position=\u00bbfirst\u00bb][vc_column_text el_class=\u00bbtexto-govern\u00bb el_position=\u00bblast\u00bb]<\/p>\n<p><a href=\"http:\/\/www.cultura.conselharan.org\/\"><strong>Cultura y Pol\u00edtica Ling\u00fc\u00edstica<\/strong><\/a><\/p>\n<p>[\/vc_column_text][\/vc_column][vc_column width=\u00bb1\/3&#8243; el_class=\u00bbbox-webs\u00bb][vc_single_image image=\u00bb2370&#8243; img_size=\u00bb288&#215;206&#8243; img_link=\u00bbhttp:\/\/www.eteva.org\/\u00bb el_position=\u00bbfirst\u00bb][vc_column_text el_class=\u00bbtexto-govern\u00bb el_position=\u00bblast\u00bb]<\/p>\n<p><a href=\"http:\/\/www.eteva.org\/\"><strong>Eteva<\/strong><\/a><\/p>\n<p>[\/vc_column_text][\/vc_column][\/vc_row][vc_row][vc_column][vc_column_text] [\/vc_column_text][\/vc_column][\/vc_row][vc_row][vc_column width=\u00bb1\/3&#8243; el_class=\u00bbbox-webs\u00bb][vc_single_image image=\u00bb2372&#8243; img_size=\u00bb288&#215;206&#8243; img_link=\u00bbhttp:\/\/www.joenessa.org\/\u00bb el_position=\u00bbfirst\u00bb][vc_column_text el_class=\u00bbtexto-govern\u00bb el_position=\u00bblast\u00bb]<\/p>\n<p><a href=\"http:\/\/www.joenessa.org\/\"><strong>Juventud<\/strong><\/a><\/p>\n<p>[\/vc_column_text][\/vc_column][vc_column width=\u00bb1\/3&#8243; el_class=\u00bbbox-webs\u00bb][vc_single_image image=\u00bb2374&#8243; img_size=\u00bb288&#215;206&#8243; img_link=\u00bbhttp:\/\/mieiambient.conselharan.org\/\u00bb el_position=\u00bbfirst\u00bb][vc_column_text el_class=\u00bbtexto-govern\u00bb el_position=\u00bblast\u00bb]<\/p>\n<p><a href=\"http:\/\/mieiambient.conselharan.org\/\"><strong>Agricultura, ganaderia y medio natural<\/strong><\/a><\/p>\n<p>[\/vc_column_text][\/vc_column][vc_column width=\u00bb1\/3&#8243; el_class=\u00bbbox-webs\u00bb][vc_single_image image=\u00bb2375&#8243; img_size=\u00bb288&#215;206&#8243; img_link=\u00bbhttp:\/\/www.productesvaldaran.com\/\u00bb el_position=\u00bbfirst\u00bb][vc_column_text el_class=\u00bbtexto-govern\u00bb el_position=\u00bblast\u00bb]<\/p>\n<p><a href=\"http:\/\/www.productesvaldaran.com\/\"><strong>Productos Val d&#8217;Aran<\/strong><\/a><\/p>\n<p>[\/vc_column_text][\/vc_column][\/vc_row][vc_row][vc_column][vc_column_text] [\/vc_column_text][\/vc_column][\/vc_row][vc_row el_position=\u00bblast\u00bb][vc_column width=\u00bb1\/3&#8243; el_class=\u00bbbox-webs\u00bb][vc_single_image image=\u00bb2368&#8243; img_size=\u00bb288&#215;206&#8243; img_link=\u00bbhttp:\/\/www.aransalut.net\/\u00bb el_position=\u00bbfirst\u00bb][vc_column_text el_class=\u00bbtexto-govern\u00bb el_position=\u00bblast\u00bb]<\/p>\n<p><strong><a href=\"http:\/\/www.aransalut.net\/\">Servicio Aran\u00e9s de Bienestar y Salud<\/a><\/strong><\/p>\n<p>&nbsp;<\/p>\n<p>[\/vc_column_text][\/vc_column][vc_column width=\u00bb1\/3&#8243; el_class=\u00bbbox-webs\u00bb][vc_single_image image=\u00bb2376&#8243; img_size=\u00bb288&#215;206&#8243; img_link=\u00bbhttp:\/\/www.tojuaran.com\/\u00bb el_position=\u00bbfirst\u00bb][vc_column_text el_class=\u00bbtexto-govern\u00bb el_position=\u00bblast\u00bb]<\/p>\n<p><strong><a href=\"http:\/\/www.tojuaran.com\/\">Turismo Juvenil Val d&#8217;Aran<\/a><\/strong><\/p>\n<p>[\/vc_column_text][\/vc_column][vc_column width=\u00bb1\/3&#8243; el_class=\u00bbbox-webs\u00bb][vc_single_image image=\u00bb2371&#8243; img_size=\u00bb288&#215;206&#8243; img_link=\u00bbhttp:\/\/www.visitvaldaran.com\/\u00bb el_position=\u00bbfirst\u00bb][vc_column_text el_class=\u00bbtexto-govern\u00bb el_position=\u00bblast\u00bb]<\/p>\n<p><strong><a href=\"http:\/\/www.visitvaldaran.com\/\">Foment Torisme Val d&#8217;Aran<\/a><\/strong><\/p>\n<p>[\/vc_column_text][\/vc_column][\/vc_row][vc_row el_position=\u00bblast\u00bb][vc_column width=\u00bb1\/3&#8243; el_class=\u00bbbox-webs\u00bb][vc_single_image image=\u00bb19017&#8243; img_size=\u00bb288&#215;206&#8243; img_link=\u00bbhttp:\/\/www.aransalut.net\/\u00bb el_position=\u00bbfirst\u00bb][vc_column_text el_class=\u00bbtexto-govern\u00bb el_position=\u00bblast\u00bb]<strong><a href=\"http:\/\/www.conselharan.org\/es\/servicio-de-gestion-de-residuos\/\">Residuos<\/a><\/strong><\/p>\n<p>[\/vc_column_text][\/vc_column][\/vc_row]<\/p>\n ","protected":false},"excerpt":{"rendered":"<p>[vc_row el_position=\u00bbfirst\u00bb][vc_column width=\u00bb1\/3&#8243; el_class=\u00bbbox-webs\u00bb][vc_single_image image=\u00bb2373&#8243; img_size=\u00bb288&#215;206&#8243; img_link=\u00bbhttp:\/\/www.lauegi.conselharan.org\/\u00bb el_position=\u00bbfirst\u00bb][vc_column_text el_class=\u00bbtexto-govern\u00bb el_position=\u00bblast\u00bb] Centro de aludes d&#8217;Aran [\/vc_column_text][\/vc_column][vc_column width=\u00bb1\/3&#8243; el_class=\u00bbbox-webs\u00bb][vc_single_image image=\u00bb2369&#8243; img_size=\u00bb288&#215;206&#8243; img_link=\u00bbhttp:\/\/www.cultura.conselharan.org\/\u00bb el_position=\u00bbfirst\u00bb][vc_column_text el_class=\u00bbtexto-govern\u00bb el_position=\u00bblast\u00bb] Cultura y Pol\u00edtica Ling\u00fc\u00edstica [\/vc_column_text][\/vc_column][vc_column width=\u00bb1\/3&#8243; el_class=\u00bbbox-webs\u00bb][vc_single_image image=\u00bb2370&#8243; img_size=\u00bb288&#215;206&#8243; img_link=\u00bbhttp:\/\/www.eteva.org\/\u00bb el_position=\u00bbfirst\u00bb][vc_column_text el_class=\u00bbtexto-govern\u00bb el_position=\u00bblast\u00bb] Eteva [\/vc_column_text][\/vc_column][\/vc_row][vc_row][vc_column][vc_column_text] [\/vc_column_text][\/vc_column][\/vc_row][vc_row][vc_column width=\u00bb1\/3&#8243; el_class=\u00bbbox-webs\u00bb][vc_single_image image=\u00bb2372&#8243; img_size=\u00bb288&#215;206&#8243; img_link=\u00bbhttp:\/\/www.joenessa.org\/\u00bb el_position=\u00bbfirst\u00bb][vc_column_text el_class=\u00bbtexto-govern\u00bb el_position=\u00bblast\u00bb] Juventud [\/vc_column_text][\/vc_column][vc_column width=\u00bb1\/3&#8243; el_class=\u00bbbox-webs\u00bb][vc_single_image image=\u00bb2374&#8243; img_size=\u00bb288&#215;206&#8243; img_link=\u00bbhttp:\/\/mieiambient.conselharan.org\/\u00bb el_position=\u00bbfirst\u00bb][vc_column_text&#8230;<\/p>\n","protected":false},"author":1,"featured_media":0,"parent":0,"menu_order":0,"comment_status":"closed","ping_status":"closed","template":"page-onesidebar.php","meta":{"footnotes":""},"_links":{"self":[{"href":"https:\/\/www.conselharan.org\/es\/wp-json\/wp\/v2\/pages\/454"}],"collection":[{"href":"https:\/\/www.conselharan.org\/es\/wp-json\/wp\/v2\/pages"}],"about":[{"href":"https:\/\/www.conselharan.org\/es\/wp-json\/wp\/v2\/types\/page"}],"author":[{"embeddable":true,"href":"https:\/\/www.conselharan.org\/es\/wp-json\/wp\/v2\/users\/1"}],"replies":[{"embeddable":true,"href":"https:\/\/www.conselharan.org\/es\/wp-json\/wp\/v2\/comments?post=454"}],"version-history":[{"count":18,"href":"https:\/\/www.conselharan.org\/es\/wp-json\/wp\/v2\/pages\/454\/revisions"}],"predecessor-version":[{"id":19020,"href":"https:\/\/www.conselharan.org\/es\/wp-json\/wp\/v2\/pages\/454\/revisions\/19020"}],"wp:attachment":[{"href":"https:\/\/www.conselharan.org\/es\/wp-json\/wp\/v2\/media?parent=454"}],"curies":[{"name":"wp","href":"https:\/\/api.w.org\/{rel}","templated":true}]}}