{"id":50379,"date":"2022-09-21T10:15:49","date_gmt":"2022-09-21T08:15:49","guid":{"rendered":"https:\/\/www.conselharan.org\/?page_id=50379"},"modified":"2022-09-30T08:46:20","modified_gmt":"2022-09-30T06:46:20","slug":"plan-de-sostenibilidad-turistica-val-daran","status":"publish","type":"page","link":"https:\/\/www.conselharan.org\/es\/promocion-economica\/plan-de-sostenibilidad-turistica-val-daran\/","title":{"rendered":"Plan de Sostenibilidad Tur\u00edstica Val d\u2019Aran"},"content":{"rendered":"<p>[vc_row][vc_column width=\u00bb1\/2&#8243;][vc_column_text]<\/p>\n<h2>\u00bfQu\u00e9 es?<\/h2>\n<p>En el a\u00f1o 2020 la Val d\u2019Aran fue la beneficiaria de la primera convocatoria de PlanS de Sostenibilidad Tur\u00edstica lanzada por la <strong>Secretaria de Estado de Turismo<\/strong> con la participaci\u00f3n de la <strong>Generalitat de Catalunya<\/strong> y el <strong>Conselh Generau d\u2019Aran<\/strong>.[\/vc_column_text][\/vc_column][vc_column width=\u00bb1\/2&#8243;][vc_column_text]<\/p>\n<h2>Inversi\u00f3n<\/h2>\n<p>El Plan de Sostenibilidad Tur\u00edstica de la Val d\u2019Aran es dotado con una inversi\u00f3n de 2.5M de euros a desarrollar en 3 a\u00f1os: 2021, 2022 y 2023.[\/vc_column_text][\/vc_column][\/vc_row][vc_row][vc_column][vc_separator color=\u00bbblack\u00bb][vc_row_inner][vc_column_inner width=\u00bb2\/3&#8243;][vc_single_image image=\u00bb50382&#8243; img_size=\u00bbfull\u00bb][\/vc_column_inner][vc_column_inner width=\u00bb1\/3&#8243;][vc_column_text]800.000 \u20ac[\/vc_column_text][\/vc_column_inner][\/vc_row_inner][vc_separator color=\u00bbblack\u00bb][vc_row_inner][vc_column_inner width=\u00bb2\/3&#8243;][vc_single_image image=\u00bb50398&#8243; img_size=\u00bb380&#215;85&#8243;][\/vc_column_inner][vc_column_inner width=\u00bb1\/3&#8243;][vc_column_text]800.000 \u20ac[\/vc_column_text][\/vc_column_inner][\/vc_row_inner][vc_separator color=\u00bbblack\u00bb][vc_row_inner][vc_column_inner width=\u00bb2\/3&#8243;][vc_single_image image=\u00bb50406&#8243; img_size=\u00bb487&#215;85&#8243;][\/vc_column_inner][vc_column_inner width=\u00bb1\/3&#8243;][vc_column_text]900.000 \u20ac[\/vc_column_text][\/vc_column_inner][\/vc_row_inner][vc_separator color=\u00bbblack\u00bb][\/vc_column][\/vc_row][vc_row][vc_column][vc_column_text]<\/p>\n<h2>Retos y Objetivos del Plan<\/h2>\n<p>[\/vc_column_text][vc_row_inner][vc_column_inner width=\u00bb1\/2&#8243;][vc_column_text]1.- <strong>Potenciar y reforzar el desarrollo sostenible del territorio<\/strong> estableciendo mecanismos de control y <strong>regularizaci\u00f3n del acceso al medio natura<\/strong>, as\u00ed como trabajar las cuestiones relacionadas con la movilidad sostenible, la <strong>desconcentraci\u00f3n de la demanda<\/strong>, desarrollo de proyectos basado en el uso de los <strong>recursos respetuosos<\/strong> con el medio ambiente, los valores y el estilo de vida local.<\/p>\n<p>2.- <strong>Implementar actuaciones para convertir la Val en una destinaci\u00f3n tur\u00edstica inteligente.<\/strong> Hemos de saber aprovechar las nuevas tecnolog\u00edas de la informaci\u00f3n y de las comunicaciones para proyectos de planificaci\u00f3n y m\u00e1rqueting <strong>tur\u00edstico.<\/strong><\/p>\n<p>3.- <strong>Mejorar la relaci\u00f3n p\u00fablico-privada.<\/strong> Es b\u00e1sico hacer a participar a todos los agentes p\u00fablicos y privados, tanto del sector tur\u00edstico como de la misma ciudadan\u00eda para hacerles protagonistas del cambio de modelo tur\u00edstico.[\/vc_column_text][\/vc_column_inner][vc_column_inner width=\u00bb1\/2&#8243;][vc_column_text]4.- <strong>Valorizaci\u00f3n de los recursos y esfuerzos de la entidad.<\/strong> Es necesario definir estrategias y acciones para dar valor a los elementos patrimoniales, culturales y agroalimentarios, as\u00ed como a otros elementos identitarios.<\/p>\n<p>5.- <strong>Desestacionalizar y diversificar la oferta tur\u00edstica.<\/strong> Es prioritario generar actividad tur\u00edstica a lo largo del a\u00f1o, en todo el territorio y para los diferentes subsectores. Es necesario fomentar el desarrollo de los productos tur\u00edsticos accesibles y sostenibles.<\/p>\n<p>6.- <strong>Generar actividad econ\u00f3mica sostenible aumentando los ingresos del sector tur\u00edstico<\/strong> con la finalidad de crear trabajo m\u00e1s digno y equitativo, bienestar social y un tejido tur\u00edstico m\u00e1s competitivo.[\/vc_column_text][\/vc_column_inner][\/vc_row_inner][vc_separator color=\u00bbblack\u00bb][\/vc_column][\/vc_row][vc_row][vc_column][vc_column_text]<\/p>\n<h2>Ejes de actuaci\u00f3n<\/h2>\n<p>[\/vc_column_text][vc_row_inner][vc_column_inner width=\u00bb1\/2&#8243;][vc_column_text]<\/p>\n<h3>1. Gobernaci\u00f3n Tur\u00edstica<\/h3>\n<p>\u2022 Gesti\u00f3n e seguimiento del Plan<br \/>\n\u2022 Acciones para mejorar la coordinaci\u00f3n p\u00fablico \u2013 privada<br \/>\n\u2022 Acci\u00f3n para convertir la Val d\u2019Aran en una Destinaci\u00f3n Inteligente (DTI)<\/p>\n<h3>2. Propuestas de valor sostenible, competitividad y especializaci\u00f3n<\/h3>\n<p>\u2022 Diversificaci\u00f3n de los puntos de inter\u00e9s<br \/>\n\u2022 Actuaciones en la zona de Liat.<br \/>\n\u2022 Creaci\u00f3n de rutes tem\u00e1ticas en los entornos de los pueblos de Les, Boss\u00f2st e Vilam\u00f2s.<br \/>\n\u2022 Actuaciones en la zona de Saboredo e Ruda.<br \/>\n\u2022 Mejora de la experiencia en el Mus\u00e8u de Joanchiquet.<br \/>\n\u2022 Mejora en las Mines Vict\u00f2ria.<br \/>\n\u2022 Actuaciones en los pueblos de la Val: mejora de la se\u00f1alizaci\u00f3n.<br \/>\n\u2022 Creaci\u00f3n de nueva oferta relacionada de bicicleta<br \/>\n\u2022 Nuevas rutas de enduro<br \/>\n\u2022 Nueva clasificaci\u00f3n de toda la oferta de bicicleta de la Val<br \/>\n\u2022 Creaci\u00f3n de oferta para las ebikes.<br \/>\n\u2022 Instalaci\u00f3n de medidas de control de acceso para el medio natural<br \/>\n\u2022 Creaci\u00f3n de productos tur\u00edsticos accesibles adaptados<br \/>\n\u2022 Potenciaci\u00f3n de nuevos sectores econ\u00f3micos[\/vc_column_text][\/vc_column_inner][vc_column_inner width=\u00bb1\/2&#8243;][vc_column_text]<\/p>\n<h3>3. M\u00e1rqueting y promoci\u00f3n sostenible<\/h3>\n<p>\u2022 Desarrollo Plan de M\u00e1rqueting sostenible<br \/>\n\u2022 Campa\u00f1as de promoci\u00f3n micro-segmentadas en redes sociales<br \/>\n\u2022 Publicity, RRPP y relaci\u00f3n con los medios internacionales<br \/>\n\u2022 Creaci\u00f3n de nuevos soportes de promoci\u00f3n ecomercializaci\u00f3n[\/vc_column_text][\/vc_column_inner][\/vc_row_inner][\/vc_column][\/vc_row]<\/p>\n ","protected":false},"excerpt":{"rendered":"<p>[vc_row][vc_column width=\u00bb1\/2&#8243;][vc_column_text] \u00bfQu\u00e9 es? En el a\u00f1o 2020 la Val d\u2019Aran fue la beneficiaria de la primera convocatoria de PlanS de Sostenibilidad Tur\u00edstica lanzada por la Secretaria de Estado de Turismo con la participaci\u00f3n de la Generalitat de Catalunya y el Conselh Generau d\u2019Aran.[\/vc_column_text][\/vc_column][vc_column width=\u00bb1\/2&#8243;][vc_column_text] Inversi\u00f3n El Plan de Sostenibilidad Tur\u00edstica de la Val d\u2019Aran&#8230;<\/p>\n","protected":false},"author":8,"featured_media":0,"parent":31805,"menu_order":0,"comment_status":"closed","ping_status":"closed","template":"page-full.php","meta":{"footnotes":""},"_links":{"self":[{"href":"https:\/\/www.conselharan.org\/es\/wp-json\/wp\/v2\/pages\/50379"}],"collection":[{"href":"https:\/\/www.conselharan.org\/es\/wp-json\/wp\/v2\/pages"}],"about":[{"href":"https:\/\/www.conselharan.org\/es\/wp-json\/wp\/v2\/types\/page"}],"author":[{"embeddable":true,"href":"https:\/\/www.conselharan.org\/es\/wp-json\/wp\/v2\/users\/8"}],"replies":[{"embeddable":true,"href":"https:\/\/www.conselharan.org\/es\/wp-json\/wp\/v2\/comments?post=50379"}],"version-history":[{"count":3,"href":"https:\/\/www.conselharan.org\/es\/wp-json\/wp\/v2\/pages\/50379\/revisions"}],"predecessor-version":[{"id":50518,"href":"https:\/\/www.conselharan.org\/es\/wp-json\/wp\/v2\/pages\/50379\/revisions\/50518"}],"up":[{"embeddable":true,"href":"https:\/\/www.conselharan.org\/es\/wp-json\/wp\/v2\/pages\/31805"}],"wp:attachment":[{"href":"https:\/\/www.conselharan.org\/es\/wp-json\/wp\/v2\/media?parent=50379"}],"curies":[{"name":"wp","href":"https:\/\/api.w.org\/{rel}","templated":true}]}}