{"id":56369,"date":"2024-03-18T16:44:12","date_gmt":"2024-03-18T15:44:12","guid":{"rendered":"https:\/\/www.conselharan.org\/?page_id=56369"},"modified":"2026-03-31T13:35:47","modified_gmt":"2026-03-31T11:35:47","slug":"reglamento-de-gestion-sostenible-del-fuego","status":"publish","type":"page","link":"https:\/\/www.conselharan.org\/es\/reglamento-de-gestion-sostenible-del-fuego\/","title":{"rendered":"Reglamento de gesti\u00f3n sostenible del fuego"},"content":{"rendered":"<p>[vc_row el_position=\u00bbfirst\u00bb][vc_column][vc_single_image image=\u00bb56370&#8243; img_size=\u00bb940&#215;325&#8243; el_position=\u00bbfirst last\u00bb][\/vc_column][\/vc_row][vc_row el_position=\u00bblast\u00bb][vc_column][vc_column_text el_position=\u00bbfirst\u00bb]<strong>1. Pasos a realizar para la solicitud\/comunicaci\u00f3n de actividades con riesgo de incendio forestal<\/strong><\/p>\n<ol>\n<li><a style=\"color: #630326; text-decoration: underline;\" href=\"https:\/\/interior.gencat.cat\/ca\/arees_dactuacio\/agents-rurals\/pla-alfa\/\" target=\"_blank\" rel=\"noopener\">Consultar el Plan Alfa<\/a> para el d\u00eda en que se quiera realizar la actividad<\/li>\n<li>Rellenar y firmar <a style=\"color: #630326; text-decoration: underline;\" href=\"https:\/\/www.conselharan.org\/wp-content\/uploads\/2024\/03\/COMUNICACION-HUECS-EN-TERRITORI-DERA-VAL-DARAN.pdf\" target=\"_blank\" rel=\"noopener\">el formulario<\/a><\/li>\n<li>Enviar el formulario mediante la <a style=\"color: #630326; text-decoration: underline;\" href=\"https:\/\/www.seu-e.cat\/ca\/web\/conselhgeneraudaran\/tramits-i-gestions\/-\/tramits\/tramit\/11499892\" target=\"_blank\" rel=\"noopener\">Sede electr\u00f3nica del Conselh Generau d\u2019Aran<\/a><\/li>\n<\/ol>\n<p><strong>2. Comunicaci\u00f3n de actividades con riesgo de incendio forestal<\/strong><\/p>\n<p><strong>2.1 Actividades autorizadas mediante comunicaci\u00f3n y declaraci\u00f3n responsable al departamento de Territorio, Paisaje y Cambio Clim\u00e1tico:<\/strong><\/p>\n<ul>\n<li>Quema de restos vegetales de peque\u00f1as dimensiones (&lt;6 m\u00b3) para la prevenci\u00f3n de incendios forestales.<\/li>\n<li>Utilizar sopladores o similares en obras cerca de terrenos forestales.<\/li>\n<\/ul>\n<p><strong>2.2 Actividades que requieren autorizaci\u00f3n expresa del departamento de Territorio, Paisaje y Cambio Clim\u00e1tico<\/strong><\/p>\n<p>Es necesaria la autorizaci\u00f3n excepcional del consejero competente en materia de Medio Ambiente, con informe previo de los Agentes de Medio Ambiente del Conselh Generau d\u2019Aran:<\/p>\n<ul>\n<li>Quema de restos agr\u00edcolas o silv\u00edcolas<\/li>\n<li>Quema de restos vegetales de dimensiones medias (&gt;6 m\u00b3) para la prevenci\u00f3n de incendios forestales<\/li>\n<li>Lanzamiento de cohetes, globos u otros artefactos con fuego<\/li>\n<\/ul>\n<p><strong>3. Condicionantes seg\u00fan el Plan Alfa<\/strong><\/p>\n<p>El Plan Alfa, establecido por el Cuerpo de Agentes Rurales, determina diariamente el nivel de peligro de incendio forestal y las restricciones asociadas a las actividades de riesgo.<\/p>\n<p>Este sistema establece diferentes niveles (de 0 a 4), que pueden comportar limitaciones o prohibiciones adicionales:<\/p>\n<ul>\n<li>Nivel 0 y 1 (peligro bajo o moderado): se pueden llevar a cabo actividades con riesgo de incendio, siempre que se cumplan las condiciones establecidas en la normativa vigente y en las autorizaciones o comunicaciones correspondientes.<\/li>\n<li>Nivel 2 (peligro alto): las actividades con riesgo pueden quedar restringidas o condicionadas, pudi\u00e9ndose suspender determinadas actividades como quemas o uso de fuego.<\/li>\n<li>Nivel 3 (peligro muy alto): quedan suspendidas todas las actividades con riesgo de incendio, incluidas las previamente autorizadas o comunicadas.<\/li>\n<li>Nivel 4 (peligro extremo): se aplican medidas extraordinarias, incluyendo restricciones de acceso al medio natural y limitaciones generalizadas de las actividades.<\/li>\n<\/ul>\n<p>En todo caso, la realizaci\u00f3n de actividades con fuego queda condicionada al nivel diario vigente del Plan Alfa. En caso de contradicci\u00f3n, prevalecer\u00e1n las restricciones establecidas por el Plan Alfa y por las indicaciones que puedan realizar los Agentes de Medio Ambiente del Conselh Generau d\u2019Aran.<\/p>\n<p><strong>4. Normativa de referencia<\/strong><\/p>\n<p>Las actividades con riesgo de incendio deben ser comunicadas o autorizadas por el Departamento de Territorio, Paisaje y Cambio Clim\u00e1tico del Conselh Generau d\u2019Aran, de acuerdo con el <a style=\"color: #630326; text-decoration: underline;\" href=\"https:\/\/www.conselharan.org\/wp-content\/uploads\/2024\/03\/Reglament-de-gestion-sostenible-deth-huec.pdf\" target=\"_blank\" rel=\"noopener\">Reglamento para regular la gesti\u00f3n sostenible del fuego en terreno forestal e interfaz urbana en el territorio de Aran<\/a>, en funci\u00f3n de la distancia a la masa forestal, el volumen de los restos vegetales, el periodo de ejecuci\u00f3n y el tipo de actividad.<\/p>\n<p>Con la entrada en vigor de la Ley 7\/2022, de 8 de abril, de residuos y suelos contaminados para una econom\u00eda circular (BOE n\u00fam. 85, de 9 de abril de 2022), se proh\u00edbe con car\u00e1cter general la quema de restos vegetales (forestales, agr\u00edcolas o de jardiner\u00eda). No obstante, esta pr\u00e1ctica se permite en el caso de microexplotaciones y peque\u00f1as explotaciones agrarias, es decir, aquellas sujetas a la Declaraci\u00f3n \u00danica Agraria (DUN) o inscritas en el Registro de Operadores Profesionales de Vegetales (ROPVEG).<\/p>\n<p>A pesar de esta prohibici\u00f3n general, se ampl\u00eda la posibilidad de quema en determinados supuestos relacionados con la prevenci\u00f3n de incendios forestales. En concreto, se permite la quema de restos forestales le\u00f1osos (habitualmente procedentes de podas), con independencia de la existencia de actividad agraria profesional, siempre que se realice en terrenos situados dentro del \u00e1rea de influencia forestal.<\/p>\n<p>En cuanto al \u00e1mbito de aplicaci\u00f3n, este incluye tanto los terrenos forestales como su \u00e1rea de influencia. Esta \u00e1rea se define como la franja de 400 metros contigua a los terrenos forestales.<\/p>\n<p>Finalmente, de acuerdo con las caracter\u00edsticas orogr\u00e1ficas y forestales de la Val d\u2019Aran, esta \u00e1rea de influencia afecta a la pr\u00e1ctica totalidad del territorio, ya que no existen puntos situados a m\u00e1s de 400 metros de terrenos forestales.[\/vc_column_text][\/vc_column][\/vc_row]<\/p>\n ","protected":false},"excerpt":{"rendered":"<p>[vc_row el_position=\u00bbfirst\u00bb][vc_column][vc_single_image image=\u00bb56370&#8243; img_size=\u00bb940&#215;325&#8243; el_position=\u00bbfirst last\u00bb][\/vc_column][\/vc_row][vc_row el_position=\u00bblast\u00bb][vc_column][vc_column_text el_position=\u00bbfirst\u00bb]1. Pasos a realizar para la solicitud\/comunicaci\u00f3n de actividades con riesgo de incendio forestal Consultar el Plan Alfa para el d\u00eda en que se quiera realizar la actividad Rellenar y firmar el formulario Enviar el formulario mediante la Sede electr\u00f3nica del Conselh Generau d\u2019Aran 2. Comunicaci\u00f3n de actividades&#8230;<\/p>\n","protected":false},"author":8,"featured_media":0,"parent":0,"menu_order":0,"comment_status":"closed","ping_status":"closed","template":"page-onesidebar.php","meta":{"footnotes":""},"_links":{"self":[{"href":"https:\/\/www.conselharan.org\/es\/wp-json\/wp\/v2\/pages\/56369"}],"collection":[{"href":"https:\/\/www.conselharan.org\/es\/wp-json\/wp\/v2\/pages"}],"about":[{"href":"https:\/\/www.conselharan.org\/es\/wp-json\/wp\/v2\/types\/page"}],"author":[{"embeddable":true,"href":"https:\/\/www.conselharan.org\/es\/wp-json\/wp\/v2\/users\/8"}],"replies":[{"embeddable":true,"href":"https:\/\/www.conselharan.org\/es\/wp-json\/wp\/v2\/comments?post=56369"}],"version-history":[{"count":13,"href":"https:\/\/www.conselharan.org\/es\/wp-json\/wp\/v2\/pages\/56369\/revisions"}],"predecessor-version":[{"id":66624,"href":"https:\/\/www.conselharan.org\/es\/wp-json\/wp\/v2\/pages\/56369\/revisions\/66624"}],"wp:attachment":[{"href":"https:\/\/www.conselharan.org\/es\/wp-json\/wp\/v2\/media?parent=56369"}],"curies":[{"name":"wp","href":"https:\/\/api.w.org\/{rel}","templated":true}]}}