{"id":7303,"date":"2015-05-13T09:11:24","date_gmt":"2015-05-13T07:11:24","guid":{"rendered":"http:\/\/www.conselharan.org\/programa-leader-2\/"},"modified":"2016-02-08T12:05:07","modified_gmt":"2016-02-08T11:05:07","slug":"programa-leader","status":"publish","type":"page","link":"https:\/\/www.conselharan.org\/es\/programa-leader\/","title":{"rendered":"Programa Leader"},"content":{"rendered":"<p>[vc_row][vc_column][vc_single_image image=\u00bb10044&#8243; img_size=\u00bbfull\u00bb alignment=\u00bbcenter\u00bb][\/vc_column][\/vc_row][vc_row][vc_column][vc_column_text css=\u00bb.vc_custom_1454927436844{margin-bottom: 0px !important;}\u00bb]<\/p>\n<h1><strong>Ayudas LEADER 2016<\/strong><\/h1>\n<p>[\/vc_column_text][vc_column_text]<\/p>\n<h2>Convocatoria abierta hasta el 21 de marzo<\/h2>\n<p>[\/vc_column_text][\/vc_column][\/vc_row][vc_row][vc_column][vc_separator][\/vc_column][\/vc_row][vc_row][vc_column width=\u00bb1\/3&#8243; css=\u00bb.vc_custom_1454926621452{padding-top: 30px !important;padding-bottom: 30px !important;background-color: #efefef !important;}\u00bb][vc_single_image image=\u00bb10121&#8243; img_size=\u00bbfull\u00bb alignment=\u00bbcenter\u00bb el_class=\u00bbiconos-leader\u00bb][vc_column_text]<\/p>\n<h2 style=\"text-align: center;\"><span style=\"color: #630125;\">Beneficiarios de naturaleza privada, personas f\u00edsicas o jur\u00eddicas<\/span><\/h2>\n<p>[\/vc_column_text][vc_column_text]<\/p>\n<ul>\n<li>Microempresas y\u00a0PYMEs,<\/li>\n<li>Cooperativas,<\/li>\n<li>Asociaciones o fundaciones participadas por entes p\u00fablicos en menos de un 50% que realicen inversiones en;<\/li>\n<\/ul>\n<ol>\n<li>Empresas que transformen y\/o comercialicen productos agroalimentarios (en caso de que los productos agroalimentarios sean incluidos en el Anexo I del Tratado de funcionamento de la UE, tendr\u00e1n que realizar\u00a0una inversi\u00f3n elegible, a efectos de esta orden, inferior a 250.000 \u20ac)<\/li>\n<li>Empresas no agroalimentarias.<\/li>\n<\/ol>\n<p>[\/vc_column_text][\/vc_column][vc_column width=\u00bb1\/3&#8243; css=\u00bb.vc_custom_1454926639908{padding-top: 30px !important;padding-bottom: 30px !important;}\u00bb][vc_single_image image=\u00bb10122&#8243; img_size=\u00bbfull\u00bb alignment=\u00bbcenter\u00bb el_class=\u00bbiconos-leader\u00bb][vc_column_text]<\/p>\n<h2 style=\"text-align: center;\"><span style=\"color: #630125;\">Beneficiarios de naturaleza p\u00fablica<\/span><\/h2>\n<p>[\/vc_column_text][vc_column_text]<\/p>\n<ul>\n<li>Ayuntamientos,<\/li>\n<li>Consejos comarcales,<\/li>\n<li>Entidades Municipales Descentralizadas,<\/li>\n<li>Consorcios, asociaciones y fundaciones participadas por entes locales (en igual o m\u00e1s de un 50%) que realizan inversiones en:<\/li>\n<\/ul>\n<ol>\n<li>Recuperaci\u00f3n\u00a0del patrimonio cultural y natural.<\/li>\n<li>Infraestructuras p\u00fablicas\u00a0para mitigar el cambio clim\u00e1tico.<\/li>\n<li>Infraestructuras que generen actividad econ\u00f3mica y ocupaci\u00f3n.<\/li>\n<\/ol>\n<p>[\/vc_column_text][\/vc_column][vc_column width=\u00bb1\/3&#8243;][vc_row_inner css=\u00bb.vc_custom_1454925438428{margin-top: 0px !important;margin-bottom: 30px !important;background-color: #630125 !important;}\u00bb][vc_column_inner][vc_single_image image=\u00bb10123&#8243; img_size=\u00bbfull\u00bb alignment=\u00bbcenter\u00bb img_link_target=\u00bb_blank\u00bb link=\u00bbhttp:\/\/www.leaderpirineuoccidental.cat\/ayudas-leader\/requisitos-y-limitaciones\/\u00bb css=\u00bb.vc_custom_1454928357403{padding-top: 30px !important;padding-right: 30px !important;padding-bottom: 30px !important;padding-left: 30px !important;}\u00bb el_class=\u00bbiconos-leader\u00bb][vc_column_text css=\u00bb.vc_custom_1454928344956{margin-top: 0px !important;margin-bottom: 30px !important;}\u00bb]<\/p>\n<h3 style=\"text-align: center;\"><span style=\"color: #ffffff;\"><a style=\"color: #ffffff;\" href=\"http:\/\/www.leaderpirineuoccidental.cat\/ayudas-leader\/requisitos-y-limitaciones\/\">Requisitos y limitaciones<\/a><\/span><\/h3>\n<p>[\/vc_column_text][\/vc_column_inner][\/vc_row_inner][vc_row_inner css=\u00bb.vc_custom_1454925438428{margin-top: 0px !important;margin-bottom: 30px !important;background-color: #630125 !important;}\u00bb][vc_column_inner][vc_single_image image=\u00bb10124&#8243; img_size=\u00bbfull\u00bb alignment=\u00bbcenter\u00bb link=\u00bbhttp:\/\/www.leaderpirineuoccidental.cat\/ayudas-leader\/documentacion-y-descargas\/\u00bb css=\u00bb.vc_custom_1454928416292{padding-top: 30px !important;padding-right: 30px !important;padding-bottom: 30px !important;padding-left: 30px !important;}\u00bb el_class=\u00bbiconos-leader\u00bb][vc_column_text el_class=\u00bbiconos-leader\u00bb css=\u00bb.vc_custom_1454928437470{margin-top: 0px !important;margin-bottom: 30px !important;}\u00bb]<\/p>\n<h3 style=\"text-align: center;\"><span style=\"color: #ffffff;\"><a style=\"color: #ffffff;\" href=\"http:\/\/www.leaderpirineuoccidental.cat\/ayudas-leader\/documentacion-y-descargas\/\">Documentacion e descargues<\/a><\/span><\/h3>\n<p>[\/vc_column_text][\/vc_column_inner][\/vc_row_inner][\/vc_column][\/vc_row][vc_row][vc_column][vc_separator][\/vc_column][\/vc_row][vc_row][vc_column][vc_column_text]<\/p>\n<h2 style=\"text-align: left;\"><span style=\"color: #630125;\">Convocatoria<\/span><\/h2>\n<p>[\/vc_column_text][vc_column_text]<\/p>\n<p>En fecha 28 de enero de 2016 se ha publicado la\u00a0ORDRE ARP\/8\/2016, de 21 de enero, por la cual se aprueban las bases reguladoras de las ayudas destinadas a la aplicaci\u00f3n del desarrollo local participativo LEADER en el marco del Programa de desarrollo rural de Catalunya 2014-2020 (operaci\u00f3n 19\/02\/01), y se convocan los correspondientes al a\u00f1o 2016, en el DOGC num. 7047. El t\u00e9rmino de presentaci\u00f3n de solicitudes es 45 d\u00edas a partir de al d\u00eda siguiente de la publicaci\u00f3n en el DOGC. Por lo tanto, finaliza el 21 de marzo de 2016. En caso de las inversiones relacionadas con el sector vitivinic\u00f2la, la fecha de presentaci\u00f3n de las solicitudes se iniciar\u00e1 el d\u00eda 1 de febrero de 2016 hasta el t\u00e9rmino establecido\u00a0en el p\u00e1rrafo anterior. El objeto de las ayudas es incentivar actuaciones que fomenten el desarrollo local, en el marco del PDR de Catalu\u00f1a 2014-2020 y que incluye actuaciones dirigidas a\u00a0fomentar la diversificaci\u00f3n de las econom\u00edas rurales. Estas ayudas se gestionaran mediante la metodolog\u00eda LEADER.<\/p>\n<p>[\/vc_column_text][\/vc_column][\/vc_row][vc_row][vc_column][vc_separator][\/vc_column][\/vc_row][vc_row][vc_column][vc_column_text]<\/p>\n<h2 style=\"text-align: left;\"><span style=\"color: #630125;\">M\u00e1s informaci\u00f3n<\/span><\/h2>\n<p>[\/vc_column_text][vc_column_text]Si la sede de su empresa est\u00e1 en Ar\u00e1n o quiere empezar un nuevo negocio en el territorio, y puede ser, pues, un posible futuro beneficiario de estas ayudas, puede dirigirse al Departament d\u2019Agricultura, Ramaderia e Miei naturau del Conselh Generau d\u2019Aran.<\/p>\n<p><strong>Departament d\u2019Agricultura, Ramaderia e Miei Naturau<\/strong><br \/>\n<strong>Conselh Generau d\u2019Aran<\/strong><\/p>\n<p>Passeg dera Libertat 16<br \/>\n25530, Vielha<br \/>\n973 64 18 01<\/p>\n<p>Persona de contacto: Sra. Judit Jaquet Estrada<br \/>\n<a href=\"mailto:j.jaquet@aran.org\">j.jaquet@aran.org<\/a>[\/vc_column_text][\/vc_column][\/vc_row][vc_row][vc_column][vc_separator][\/vc_column][\/vc_row][vc_row][vc_column][vc_single_image image=\u00bb8906&#8243; img_size=\u00bbfull\u00bb alignment=\u00bbcenter\u00bb][\/vc_column][\/vc_row]<\/p>\n ","protected":false},"excerpt":{"rendered":"<p>[vc_row][vc_column][vc_single_image image=\u00bb10044&#8243; img_size=\u00bbfull\u00bb alignment=\u00bbcenter\u00bb][\/vc_column][\/vc_row][vc_row][vc_column][vc_column_text css=\u00bb.vc_custom_1454927436844{margin-bottom: 0px !important;}\u00bb] Ayudas LEADER 2016 [\/vc_column_text][vc_column_text] Convocatoria abierta hasta el 21 de marzo [\/vc_column_text][\/vc_column][\/vc_row][vc_row][vc_column][vc_separator][\/vc_column][\/vc_row][vc_row][vc_column width=\u00bb1\/3&#8243; css=\u00bb.vc_custom_1454926621452{padding-top: 30px !important;padding-bottom: 30px !important;background-color: #efefef !important;}\u00bb][vc_single_image image=\u00bb10121&#8243; img_size=\u00bbfull\u00bb alignment=\u00bbcenter\u00bb el_class=\u00bbiconos-leader\u00bb][vc_column_text] Beneficiarios de naturaleza privada, personas f\u00edsicas o jur\u00eddicas [\/vc_column_text][vc_column_text] Microempresas y\u00a0PYMEs, Cooperativas, Asociaciones o fundaciones participadas por entes p\u00fablicos en menos de un 50%&#8230;<\/p>\n","protected":false},"author":1,"featured_media":0,"parent":0,"menu_order":0,"comment_status":"closed","ping_status":"closed","template":"page-onesidebar.php","meta":{"footnotes":""},"_links":{"self":[{"href":"https:\/\/www.conselharan.org\/es\/wp-json\/wp\/v2\/pages\/7303"}],"collection":[{"href":"https:\/\/www.conselharan.org\/es\/wp-json\/wp\/v2\/pages"}],"about":[{"href":"https:\/\/www.conselharan.org\/es\/wp-json\/wp\/v2\/types\/page"}],"author":[{"embeddable":true,"href":"https:\/\/www.conselharan.org\/es\/wp-json\/wp\/v2\/users\/1"}],"replies":[{"embeddable":true,"href":"https:\/\/www.conselharan.org\/es\/wp-json\/wp\/v2\/comments?post=7303"}],"version-history":[{"count":10,"href":"https:\/\/www.conselharan.org\/es\/wp-json\/wp\/v2\/pages\/7303\/revisions"}],"predecessor-version":[{"id":10144,"href":"https:\/\/www.conselharan.org\/es\/wp-json\/wp\/v2\/pages\/7303\/revisions\/10144"}],"wp:attachment":[{"href":"https:\/\/www.conselharan.org\/es\/wp-json\/wp\/v2\/media?parent=7303"}],"curies":[{"name":"wp","href":"https:\/\/api.w.org\/{rel}","templated":true}]}}